{"id":1024,"date":"2017-02-13T08:13:03","date_gmt":"2017-02-13T08:13:03","guid":{"rendered":"http:\/\/www.elsindic.com\/portal-de-transparencia\/acces-a-la-informacio\/"},"modified":"2023-11-15T11:10:38","modified_gmt":"2023-11-15T10:10:38","slug":"acces-a-la-informacio","status":"publish","type":"page","link":"https:\/\/www.elsindic.com\/va\/portal-de-transparencia\/acces-a-la-informacio\/","title":{"rendered":"Acc\u00e9s a la informaci\u00f3"},"content":{"rendered":"<div class=\"wpb-content-wrapper\"><p>[vc_row css=&#8221;.vc_custom_1480585604368{padding-top: 30px !important;}&#8221;][vc_column][vc_column_text]D&#8217;acord amb l&#8217;article 17 de la Llei 19\/2013, de 9 de desembre, de transpar\u00e8ncia, acc\u00e9s a la informaci\u00f3 p\u00fablica i bon govern, en concordan\u00e7a amb la Llei<strong>\u00a0<\/strong>1\/2022, de 13 d&#8217;abril, de la Generalitat, de\u00a0Transpar\u00e8ncia i Bon Govern\u00a0de la Comunitat Valenciana, el S\u00edndic de Greuges de la Comunitat Valeniciana at\u00e9n les sol\u00b7licituds d&#8217;acc\u00e9s a la informaci\u00f3 p\u00fablica.<\/p>\n<p>Podeu enviar la sol\u00b7licitud al nostre registre general, que la tramitar\u00e0 al departament corresponent d&#8217;acord amb la informaci\u00f3 sol\u00b7licitada, a trav\u00e9s de la b\u00fastia: <a href=\"sindicdegreuges@elsindic.com\">sindicdegreuges@elsindic.com<\/a>.<\/p>\n<p>Per tal de poder tramitar la sol\u00b7licitud caldr\u00e0 que hi conste:<\/p>\n<p>Identitat de la persona sol\u00b7licitant, verificable a trav\u00e9s del DNI o n\u00famero de passaport.<br \/>\nInformaci\u00f3 que se sol\u00b7licita, expressada de manera clara i concisa.<br \/>\nAdre\u00e7a de contacte, preferiblement electr\u00f2nica, per a facilitar-hi la comunicaci\u00f3.<br \/>\nMotivaci\u00f3 de la sol\u00b7licitud o exposici\u00f3 dels motius pels quals se sol\u00b7licita la informaci\u00f3, perqu\u00e8 puguen ser tinguts en compte a l&#8217;hora de tramitar la sol\u00b7licitud.<br \/>\nL&#8217;abs\u00e8ncia de motivaci\u00f3 no ser\u00e0 per si sola causa de rebuig de la sol\u00b7licitud.<\/p>\n<p>L&#8217;acc\u00e9s a la informaci\u00f3 p\u00fablica \u00e9s gratu\u00eft.<\/p>\n<p>Volem remarcar que bona part de la informaci\u00f3 p\u00fablica accessible es troba publicada en la web institucional. Per aix\u00f2, recomanem que en primer lloc es visite la p\u00e0gina, a fi de comprovar que la informaci\u00f3 sol\u00b7licitada no hi est\u00e0 ja disponible. El termini general per a respondre a la sol\u00b7licitud d&#8217;informaci\u00f3 \u00e9s d&#8217;un mes, des de la seua recepci\u00f3. Aquest termini ser\u00e0 ampliable un altre mes, quan el volum o la complexitat de la informaci\u00f3 sol\u00b7licitada ho fa\u00e7a necessari. La resoluci\u00f3 de la sol\u00b7licitud d&#8217;acc\u00e9s a la informaci\u00f3 es podr\u00e0 limitar a indicar a la persona interessada com accedir-hi, en cas que ja haja estat publicada en la web.[\/vc_column_text][\/vc_column][\/vc_row]<\/p>\n<\/div>","protected":false},"excerpt":{"rendered":"<p>[vc_row css=&#8221;.vc_custom_1480585604368{padding-top: 30px !important;}&#8221;][vc_column][vc_column_text]D&#8217;acord amb l&#8217;article 17 de la Llei 19\/2013, de 9 de desembre, de transpar\u00e8ncia, acc\u00e9s a la informaci\u00f3 p\u00fablica i bon govern, en concordan\u00e7a amb la Llei\u00a01\/2022, de 13 d&#8217;abril, de la Generalitat, de\u00a0Transpar\u00e8ncia i Bon Govern\u00a0de la Comunitat Valenciana, el S\u00edndic de Greuges de la Comunitat Valeniciana at\u00e9n les sol\u00b7licituds d&#8217;acc\u00e9s [&hellip;]<\/p>\n","protected":false},"author":1,"featured_media":0,"parent":678,"menu_order":0,"comment_status":"closed","ping_status":"closed","template":"","meta":{"footnotes":""},"class_list":["post-1024","page","type-page","status-publish","hentry"],"_links":{"self":[{"href":"https:\/\/www.elsindic.com\/va\/wp-json\/wp\/v2\/pages\/1024"}],"collection":[{"href":"https:\/\/www.elsindic.com\/va\/wp-json\/wp\/v2\/pages"}],"about":[{"href":"https:\/\/www.elsindic.com\/va\/wp-json\/wp\/v2\/types\/page"}],"author":[{"embeddable":true,"href":"https:\/\/www.elsindic.com\/va\/wp-json\/wp\/v2\/users\/1"}],"replies":[{"embeddable":true,"href":"https:\/\/www.elsindic.com\/va\/wp-json\/wp\/v2\/comments?post=1024"}],"version-history":[{"count":4,"href":"https:\/\/www.elsindic.com\/va\/wp-json\/wp\/v2\/pages\/1024\/revisions"}],"predecessor-version":[{"id":32403,"href":"https:\/\/www.elsindic.com\/va\/wp-json\/wp\/v2\/pages\/1024\/revisions\/32403"}],"up":[{"embeddable":true,"href":"https:\/\/www.elsindic.com\/va\/wp-json\/wp\/v2\/pages\/678"}],"wp:attachment":[{"href":"https:\/\/www.elsindic.com\/va\/wp-json\/wp\/v2\/media?parent=1024"}],"curies":[{"name":"wp","href":"https:\/\/api.w.org\/{rel}","templated":true}]}}