{"id":10256,"date":"2017-03-27T08:53:43","date_gmt":"2017-03-27T08:53:43","guid":{"rendered":"http:\/\/www.elsindic.com\/contacte\/"},"modified":"2021-03-08T18:34:41","modified_gmt":"2021-03-08T17:34:41","slug":"contacte","status":"publish","type":"page","link":"https:\/\/www.elsindic.com\/va\/contacte\/","title":{"rendered":"Contacte"},"content":{"rendered":"<p>Si voleu posar-vos en contacte amb el S\u00edndic, podeu fer-ho de les maneres seg\u00fcents:<\/p>\n<ul>\n<li>Per Internet: <a href=\"http:\/\/www.elsindic.com\/va\/tajudem\/vull-presentar-una-consulta\/\">Vull fer una consulta<\/a><\/li>\n<li>Per correu electr\u00f2nic: consultes@elsindic.com<\/li>\n<li>Per tel\u00e8fon: (+34) 900 210 970 (gratu\u00eft); (+34) 965 937 500<\/li>\n<li>Per fax: (+34) 965 937 554<\/li>\n<li>Per correu o en persona, al carrer Pascual Blasco, <abbr title=\"n\u00famero\">n\u00fam.<\/abbr> 1, 03001 \u2013 Alacant.<\/li>\n<li><\/li>\n<li>Codi DIR3: I00000183<\/li>\n<\/ul>\n","protected":false},"excerpt":{"rendered":"<p>Si voleu posar-vos en contacte amb el S\u00edndic, podeu fer-ho de les maneres seg\u00fcents: Per Internet: Vull fer una consulta Per correu electr\u00f2nic: consultes@elsindic.com Per tel\u00e8fon: (+34) 900 210 970 (gratu\u00eft); (+34) 965 937 500 Per fax: (+34) 965 937 554 Per correu o en persona, al carrer Pascual Blasco, n\u00fam. 1, 03001 \u2013 Alacant. [&hellip;]<\/p>\n","protected":false},"author":1,"featured_media":0,"parent":0,"menu_order":0,"comment_status":"open","ping_status":"open","template":"template\/contacto.php","meta":{"footnotes":""},"class_list":["post-10256","page","type-page","status-publish","hentry"],"_links":{"self":[{"href":"https:\/\/www.elsindic.com\/va\/wp-json\/wp\/v2\/pages\/10256"}],"collection":[{"href":"https:\/\/www.elsindic.com\/va\/wp-json\/wp\/v2\/pages"}],"about":[{"href":"https:\/\/www.elsindic.com\/va\/wp-json\/wp\/v2\/types\/page"}],"author":[{"embeddable":true,"href":"https:\/\/www.elsindic.com\/va\/wp-json\/wp\/v2\/users\/1"}],"replies":[{"embeddable":true,"href":"https:\/\/www.elsindic.com\/va\/wp-json\/wp\/v2\/comments?post=10256"}],"version-history":[{"count":6,"href":"https:\/\/www.elsindic.com\/va\/wp-json\/wp\/v2\/pages\/10256\/revisions"}],"predecessor-version":[{"id":29990,"href":"https:\/\/www.elsindic.com\/va\/wp-json\/wp\/v2\/pages\/10256\/revisions\/29990"}],"wp:attachment":[{"href":"https:\/\/www.elsindic.com\/va\/wp-json\/wp\/v2\/media?parent=10256"}],"curies":[{"name":"wp","href":"https:\/\/api.w.org\/{rel}","templated":true}]}}