{"id":10261,"date":"2017-03-27T09:21:48","date_gmt":"2017-03-27T09:21:48","guid":{"rendered":"http:\/\/www.elsindic.com\/contacte-de-premsa\/"},"modified":"2023-08-10T11:30:03","modified_gmt":"2023-08-10T09:30:03","slug":"contacte-de-premsa","status":"publish","type":"page","link":"https:\/\/www.elsindic.com\/va\/premsa\/contacte-de-premsa\/","title":{"rendered":"Contacte de premsa"},"content":{"rendered":"<div class=\"wpb-content-wrapper\"><p>[vc_row css=&#8221;.vc_custom_1479896424921{margin-top: 20px !important;}&#8221;][vc_column][vc_column_text]Si voleu posar-vos en contacte amb el Gabinet de Premsa del S\u00edndic, podeu fer-ho a trav\u00e9s del correu electr\u00f2nic: <a href=\"mailto:sabia@elsindic.com\">sabia@elsindic.com<\/a>, <a href=\"mailto:prensa@elsindic.com\">prensa@elsindic.com<\/a> o del n\u00famero de tel\u00e8fon: (+34) 965 937 506 o\u00a0 al 697 941 677.<\/p>\n<p>Si us hi voleu subscriure per a rebre comunicats i convocat\u00f2ries de premsa per correu electr\u00f2nic, empleneu els camps seg\u00fcents:[\/vc_column_text]<div class=\"grid_10\">\r\n                <div class=\"form-contacta\"><form name=\"form-contacto\" id=\"form-contacto\" method=\"post\">\r\n                      <div class=\"form-block\">\r\n                          <div class=\"grid_6 alpha\">\r\n                              <div class=\"campo\">\r\n                                  <label for=\"nombre\">Nom<\/label>\r\n                                  <input type=\"text\" name=\"nombre\" \/>\r\n                              <\/div>\r\n                          <\/div>\r\n                          <div class=\"grid_6 omega\">\r\n                              <div class=\"campo\">\r\n                                  <label for=\"apellidos\">Cognoms<\/label>\r\n                                  <input type=\"text\" name=\"apellidos\" \/>\r\n                              <\/div>\r\n                          <\/div>\r\n                          <div class=\"clear\"><\/div>\r\n\r\n                          <div class=\"grid_12 alpha omega\">\r\n                              <div class=\"campo\">\r\n                                  <label for=\"medio_comunicacion\">Mitj\u00e0 de comunicaci\u00f3<\/label>\r\n                                  <input type=\"text\" name=\"medio_comunicacion\" \/>\r\n                              <\/div>\r\n                          <\/div>\r\n\r\n                          <div class=\"grid_12 alpha omega\">\r\n                              <div class=\"campo\">\r\n                                  <label for=\"email\">Adre\u00e7a electr\u00f2nica<\/label>\r\n                                  <input type=\"text\" name=\"email\" \/>\r\n                              <\/div>\r\n                          <\/div>\r\n                          <div class=\"clear\"><\/div>\r\n\r\n                          <div class=\"grid_6 alpha\">\r\n                              <div class=\"campo\">\r\n                                  <p class=\"politica\"><input type=\"checkbox\" name=\"acepto\" value=\"1\" \/> Accepte la<a href=\"http:\/\/www.elsindic.com\/va\/politica-de-proteccio-de-dades\/\"> pol\u00edtica de protecci\u00f3 de dades<\/a>.<\/p>\r\n                              <\/div>\r\n                          <\/div>\r\n                          <div class=\"grid_6 omega\">\r\n                              <div class=\"campo\">\r\n                                  <input type=\"submit\" value=\"Enviar\" title=\"Enviar\" \/>\r\n                              <\/div>\r\n                          <\/div>\r\n                          <div class=\"clear\"><\/div>\r\n                      <\/div>\r\n                    <\/form><\/div>\r\n            <\/div>[\/vc_column][\/vc_row]<\/p>\n<\/div>","protected":false},"excerpt":{"rendered":"<p>[vc_row css=&#8221;.vc_custom_1479896424921{margin-top: 20px !important;}&#8221;][vc_column][vc_column_text]Si voleu posar-vos en contacte amb el Gabinet de Premsa del S\u00edndic, podeu fer-ho a trav\u00e9s del correu electr\u00f2nic: sabia@elsindic.com, prensa@elsindic.com o del n\u00famero de tel\u00e8fon: (+34) 965 937 506 o\u00a0 al 697 941 677. Si us hi voleu subscriure per a rebre comunicats i convocat\u00f2ries de premsa per correu electr\u00f2nic, empleneu [&hellip;]<\/p>\n","protected":false},"author":1,"featured_media":0,"parent":10671,"menu_order":0,"comment_status":"open","ping_status":"open","template":"","meta":{"footnotes":""},"class_list":["post-10261","page","type-page","status-publish","hentry"],"_links":{"self":[{"href":"https:\/\/www.elsindic.com\/va\/wp-json\/wp\/v2\/pages\/10261"}],"collection":[{"href":"https:\/\/www.elsindic.com\/va\/wp-json\/wp\/v2\/pages"}],"about":[{"href":"https:\/\/www.elsindic.com\/va\/wp-json\/wp\/v2\/types\/page"}],"author":[{"embeddable":true,"href":"https:\/\/www.elsindic.com\/va\/wp-json\/wp\/v2\/users\/1"}],"replies":[{"embeddable":true,"href":"https:\/\/www.elsindic.com\/va\/wp-json\/wp\/v2\/comments?post=10261"}],"version-history":[{"count":6,"href":"https:\/\/www.elsindic.com\/va\/wp-json\/wp\/v2\/pages\/10261\/revisions"}],"predecessor-version":[{"id":32122,"href":"https:\/\/www.elsindic.com\/va\/wp-json\/wp\/v2\/pages\/10261\/revisions\/32122"}],"up":[{"embeddable":true,"href":"https:\/\/www.elsindic.com\/va\/wp-json\/wp\/v2\/pages\/10671"}],"wp:attachment":[{"href":"https:\/\/www.elsindic.com\/va\/wp-json\/wp\/v2\/media?parent=10261"}],"curies":[{"name":"wp","href":"https:\/\/api.w.org\/{rel}","templated":true}]}}