{"id":10262,"date":"2017-03-27T09:24:57","date_gmt":"2017-03-27T09:24:57","guid":{"rendered":"http:\/\/www.elsindic.com\/identidad-corporativa\/"},"modified":"2019-12-17T13:53:00","modified_gmt":"2019-12-17T12:53:00","slug":"identitat-corporativa","status":"publish","type":"page","link":"https:\/\/www.elsindic.com\/va\/premsa\/identitat-corporativa\/","title":{"rendered":"Identitat corporativa"},"content":{"rendered":"<div class=\"wpb-content-wrapper\"><p>[vc_row][vc_column width=&#8221;5\/6&#8243; css=&#8221;.vc_custom_1479898378937{margin-top: 20px !important;}&#8221;][vc_column_text]En aquest apartat podreu consultar tots els aspectes relatius a la imatge corporativa del S\u00edndic de Greuges de la Comunitat Valenciana. Les normes detallades a continuaci\u00f3 hauran de ser respectades a l&#8217;hora d&#8217;utilitzar la simbologia d&#8217;aquesta instituci\u00f3 en els diversos treballs i materials.<\/p>\n<p>&nbsp;<\/p>\n<h4>Marca<\/h4>\n<p>[\/vc_column_text][vc_row_inner content_placement=&#8221;middle&#8221;][vc_column_inner width=&#8221;1\/2&#8243;][vc_single_image image=&#8221;15776&#8243; img_size=&#8221;full&#8221;][\/vc_column_inner][vc_column_inner width=&#8221;1\/2&#8243;][vc_column_text]Principal[\/vc_column_text][\/vc_column_inner][\/vc_row_inner][vc_row_inner content_placement=&#8221;middle&#8221;][vc_column_inner width=&#8221;1\/2&#8243;][vc_single_image image=&#8221;15774&#8243; img_size=&#8221;full&#8221;][\/vc_column_inner][vc_column_inner width=&#8221;1\/2&#8243;][vc_column_text]Complement\u00e0ries\u00a01[\/vc_column_text][\/vc_column_inner][\/vc_row_inner][vc_row_inner content_placement=&#8221;middle&#8221;][vc_column_inner width=&#8221;1\/2&#8243;][vc_single_image image=&#8221;15775&#8243; img_size=&#8221;full&#8221;][\/vc_column_inner][vc_column_inner width=&#8221;1\/2&#8243;][vc_column_text]Complement\u00e0ries 2[\/vc_column_text][\/vc_column_inner][\/vc_row_inner][vc_row_inner content_placement=&#8221;middle&#8221;][vc_column_inner width=&#8221;1\/2&#8243;][vc_single_image image=&#8221;15779&#8243; img_size=&#8221;full&#8221;][\/vc_column_inner][vc_column_inner width=&#8221;1\/2&#8243;][vc_column_text]Blanc i negre[\/vc_column_text][\/vc_column_inner][\/vc_row_inner][vc_row_inner content_placement=&#8221;middle&#8221;][vc_column_inner width=&#8221;1\/2&#8243;][vc_single_image image=&#8221;347&#8243; img_size=&#8221;full&#8221;][\/vc_column_inner][vc_column_inner width=&#8221;1\/2&#8243;][vc_column_text]Invertit[\/vc_column_text][\/vc_column_inner][\/vc_row_inner][vc_row_inner][vc_column_inner][vc_column_text]<\/p>\n<h4>Proporci\u00f3\u00a0del logotip<\/h4>\n<p>Proporcions del logotip del S\u00edndic de Greuges de la Comunitat Valenciana. Prenem com a refer\u00e8ncia l&#8217;al\u00e7\u00e0ria de la lletra &#8216;A&#8217; de la paraula &#8220;Valenciana&#8221;; a aquesta al\u00e7\u00e0ria, l&#8217;anomenem &#8216;n&#8217;, per a determinar les proporcions que han de mantindre els elements del logotip.<\/p>\n<h4><\/h4>\n<p>[\/vc_column_text][\/vc_column_inner][\/vc_row_inner][vc_single_image image=&#8221;349&#8243; img_size=&#8221;full&#8221;][vc_row_inner][vc_column_inner][vc_column_text]<\/p>\n<h4>\u00c0rea de respecte<\/h4>\n<p>L&#8217;\u00e0rea de respecte \u00e9s l&#8217;espai m\u00ednim que ha d&#8217;existir entre el logotip i l&#8217;element m\u00e9s pr\u00f2xim. Ha de ser quatre vegades &#8216;n&#8217; (altura de la lletra &#8216;A&#8217; de la paraula &#8220;Valenciana&#8221;) a cada extrem del logotip.<\/p>\n<h4><\/h4>\n<p>[\/vc_column_text][\/vc_column_inner][\/vc_row_inner][vc_single_image image=&#8221;343&#8243; img_size=&#8221;full&#8221;][vc_row_inner][vc_column_inner][vc_column_text]<\/p>\n<h4>Reducci\u00f3 m\u00e0xima<\/h4>\n<p>[\/vc_column_text][\/vc_column_inner][\/vc_row_inner][vc_single_image image=&#8221;350&#8243; img_size=&#8221;full&#8221;][vc_row_inner][vc_column_inner][vc_column_text]<\/p>\n<h4>Colors corporatius<\/h4>\n<p>[\/vc_column_text][\/vc_column_inner][\/vc_row_inner][vc_row_inner equal_height=&#8221;yes&#8221; content_placement=&#8221;top&#8221; el_class=&#8221;.muestras&#8221;][vc_column_inner width=&#8221;1\/4&#8243;][vc_column_text]<div class='muestra' style='background-color:#83132b'><\/div><br \/>\n<strong>PANTONE 201CU<\/strong><br \/>\nC:50 M:100 Y:100 K:0[\/vc_column_text][\/vc_column_inner][vc_column_inner width=&#8221;1\/4&#8243;][vc_column_text]<div class='muestra' style='background-color:#333c43'><\/div><br \/>\n<strong>PANTONE\u00a0432CU <\/strong><br \/>\nC:10 M:0 Y:0 K:80[\/vc_column_text][\/vc_column_inner][vc_column_inner width=&#8221;1\/4&#8243;][\/vc_column_inner][vc_column_inner width=&#8221;1\/4&#8243;][\/vc_column_inner][\/vc_row_inner][vc_row_inner equal_height=&#8221;yes&#8221; content_placement=&#8221;top&#8221; el_class=&#8221;.muestras&#8221;][vc_column_inner width=&#8221;1\/4&#8243;][vc_column_text]<div class='muestra' style='background-color:#0a0a0c'><\/div><br \/>\n<strong>PANTONE\u00a0BLACK C<\/strong><br \/>\nC:100 M:100 Y:100 K:100[\/vc_column_text][\/vc_column_inner][vc_column_inner width=&#8221;1\/4&#8243;][vc_column_text]<div class='muestra' style='background-color:#ffffff;border:1px solid #e1e1e1'><\/div><br \/>\n<strong>PANTONE WHITE C\u00a0<\/strong><br \/>\nC:0 M:0 Y:0 K:0[\/vc_column_text][\/vc_column_inner][vc_column_inner width=&#8221;1\/4&#8243;][vc_column_text]<div class='muestra' style='background-color:#ecce56'><\/div><br \/>\n<strong>PANTONE 127\u00a0C\u00a0<\/strong><br \/>\nC:6 M:8\u00a0Y:66 K:1[\/vc_column_text][\/vc_column_inner][vc_column_inner width=&#8221;1\/4&#8243;][vc_column_text]<div class='muestra' style='background-color:#005d9d'><\/div><br \/>\n<strong>PANTONE PROCESS BLUE\u00a0<\/strong><br \/>\nC:86 M:41 Y:0 K:0[\/vc_column_text][\/vc_column_inner][\/vc_row_inner][vc_row_inner][vc_column_inner][vc_column_text]<\/p>\n<h4>Tipografia corporativa<\/h4>\n<p>[\/vc_column_text][vc_single_image image=&#8221;375&#8243; img_size=&#8221;full&#8221;][\/vc_column_inner][\/vc_row_inner][\/vc_column][\/vc_row]<\/p>\n<p><img loading=\"lazy\" decoding=\"async\" class=\"alignnone size-full wp-image-29157\" src=\"https:\/\/www.elsindic.com\/wp-content\/uploads\/2019\/12\/logo-s--ndic-4.png\" alt=\"\" width=\"1756\" height=\"451\" srcset=\"https:\/\/www.elsindic.com\/wp-content\/uploads\/2019\/12\/logo-s--ndic-4.png 1756w, https:\/\/www.elsindic.com\/wp-content\/uploads\/2019\/12\/logo-s--ndic-4-300x77.png 300w, https:\/\/www.elsindic.com\/wp-content\/uploads\/2019\/12\/logo-s--ndic-4-1024x263.png 1024w, https:\/\/www.elsindic.com\/wp-content\/uploads\/2019\/12\/logo-s--ndic-4-768x197.png 768w, https:\/\/www.elsindic.com\/wp-content\/uploads\/2019\/12\/logo-s--ndic-4-1536x394.png 1536w\" sizes=\"(max-width: 1756px) 100vw, 1756px\" \/><\/p>\n<\/div>","protected":false},"excerpt":{"rendered":"<p>[vc_row][vc_column width=&#8221;5\/6&#8243; css=&#8221;.vc_custom_1479898378937{margin-top: 20px !important;}&#8221;][vc_column_text]En aquest apartat podreu consultar tots els aspectes relatius a la imatge corporativa del S\u00edndic de Greuges de la Comunitat Valenciana. Les normes detallades a continuaci\u00f3 hauran de ser respectades a l&#8217;hora d&#8217;utilitzar la simbologia d&#8217;aquesta instituci\u00f3 en els diversos treballs i materials. &nbsp; Marca [\/vc_column_text][vc_row_inner content_placement=&#8221;middle&#8221;][vc_column_inner width=&#8221;1\/2&#8243;][vc_single_image image=&#8221;15776&#8243; img_size=&#8221;full&#8221;][\/vc_column_inner][vc_column_inner width=&#8221;1\/2&#8243;][vc_column_text]Principal[\/vc_column_text][\/vc_column_inner][\/vc_row_inner][vc_row_inner [&hellip;]<\/p>\n","protected":false},"author":1,"featured_media":0,"parent":10671,"menu_order":0,"comment_status":"closed","ping_status":"closed","template":"","meta":{"footnotes":""},"class_list":["post-10262","page","type-page","status-publish","hentry"],"_links":{"self":[{"href":"https:\/\/www.elsindic.com\/va\/wp-json\/wp\/v2\/pages\/10262"}],"collection":[{"href":"https:\/\/www.elsindic.com\/va\/wp-json\/wp\/v2\/pages"}],"about":[{"href":"https:\/\/www.elsindic.com\/va\/wp-json\/wp\/v2\/types\/page"}],"author":[{"embeddable":true,"href":"https:\/\/www.elsindic.com\/va\/wp-json\/wp\/v2\/users\/1"}],"replies":[{"embeddable":true,"href":"https:\/\/www.elsindic.com\/va\/wp-json\/wp\/v2\/comments?post=10262"}],"version-history":[{"count":10,"href":"https:\/\/www.elsindic.com\/va\/wp-json\/wp\/v2\/pages\/10262\/revisions"}],"predecessor-version":[{"id":29160,"href":"https:\/\/www.elsindic.com\/va\/wp-json\/wp\/v2\/pages\/10262\/revisions\/29160"}],"up":[{"embeddable":true,"href":"https:\/\/www.elsindic.com\/va\/wp-json\/wp\/v2\/pages\/10671"}],"wp:attachment":[{"href":"https:\/\/www.elsindic.com\/va\/wp-json\/wp\/v2\/media?parent=10262"}],"curies":[{"name":"wp","href":"https:\/\/api.w.org\/{rel}","templated":true}]}}