{"id":1028,"date":"2017-02-13T08:23:21","date_gmt":"2017-02-13T08:23:21","guid":{"rendered":"http:\/\/www.elsindic.com\/portal-de-transparencia\/informacio-institucional-organitzativa-y-de-planificacio\/que-es-el-sindic\/"},"modified":"2021-05-18T14:30:56","modified_gmt":"2021-05-18T12:30:56","slug":"que-es-el-sindic","status":"publish","type":"page","link":"https:\/\/www.elsindic.com\/va\/portal-de-transparencia\/informacio-institucional-organitzativa-i-de-planificacio\/que-es-el-sindic\/","title":{"rendered":"Qu\u00e8 \u00e9s el S\u00edndic"},"content":{"rendered":"<div class=\"wpb-content-wrapper\"><p>[vc_row css=&#8221;.vc_custom_1479117656709{padding-top: 30px !important;}&#8221;][vc_column][vc_column_text]\u00c9s el nom que rep el defensor del poble de la Comunitat Valenciana. La instituci\u00f3 va ser creada i va ser regulada a trav\u00e9s de la Llei de la Generalitat Valenciana 11\/1988, de 26 de desembre, del S\u00edndic de Greuges.<\/p>\n<p>El S\u00edndic de Greuges de la Comunitat Valenciana \u00e9s l\u2019alt comissionat de les Corts Valencianes per a la defensa dels drets i de les llibertats compresos en el t\u00edtol I de la Constituci\u00f3 i en l\u2019Estatut d\u2019Autonomia de la Comunitat Valenciana.<\/p>\n<p>D&#8217;acord amb la nova Llei 2\/2021, de 26 de mar\u00e7, el s\u00edndic de Greuges \u00e9s triat per, almenys, per tres cinquenes parts del Ple de les Corts Valencianes, per un per\u00edode de set anys i sense possibilitat de ser reelegit. La seua missi\u00f3 fonamental \u00e9s vetlar pel compliment i respecte dels drets i de les llibertats que assisteixen la persona davant les administracions p\u00fabliques de la Comunitat Valenciana (conselleries, diputacions, ajuntaments o organismes p\u00fablics dependents d\u2019alguna d\u2019aquestes administracions). El s\u00edndic \u00e9s pol\u00edticament independent. No dep\u00e9n de la Generalitat i actua amb objectivitat, imparcialitat i independ\u00e8ncia en l\u2019exercici de les seues funcions.<\/p>\n<p>El s\u00edndic presta un servici p\u00fablic a la ciutadania completament gratu\u00eft.[\/vc_column_text][\/vc_column][\/vc_row]<\/p>\n<\/div>","protected":false},"excerpt":{"rendered":"<p>[vc_row css=&#8221;.vc_custom_1479117656709{padding-top: 30px !important;}&#8221;][vc_column][vc_column_text]\u00c9s el nom que rep el defensor del poble de la Comunitat Valenciana. La instituci\u00f3 va ser creada i va ser regulada a trav\u00e9s de la Llei de la Generalitat Valenciana 11\/1988, de 26 de desembre, del S\u00edndic de Greuges. El S\u00edndic de Greuges de la Comunitat Valenciana \u00e9s l\u2019alt comissionat de [&hellip;]<\/p>\n","protected":false},"author":1,"featured_media":0,"parent":1027,"menu_order":0,"comment_status":"closed","ping_status":"closed","template":"","meta":{"footnotes":""},"class_list":["post-1028","page","type-page","status-publish","hentry"],"_links":{"self":[{"href":"https:\/\/www.elsindic.com\/va\/wp-json\/wp\/v2\/pages\/1028"}],"collection":[{"href":"https:\/\/www.elsindic.com\/va\/wp-json\/wp\/v2\/pages"}],"about":[{"href":"https:\/\/www.elsindic.com\/va\/wp-json\/wp\/v2\/types\/page"}],"author":[{"embeddable":true,"href":"https:\/\/www.elsindic.com\/va\/wp-json\/wp\/v2\/users\/1"}],"replies":[{"embeddable":true,"href":"https:\/\/www.elsindic.com\/va\/wp-json\/wp\/v2\/comments?post=1028"}],"version-history":[{"count":6,"href":"https:\/\/www.elsindic.com\/va\/wp-json\/wp\/v2\/pages\/1028\/revisions"}],"predecessor-version":[{"id":30124,"href":"https:\/\/www.elsindic.com\/va\/wp-json\/wp\/v2\/pages\/1028\/revisions\/30124"}],"up":[{"embeddable":true,"href":"https:\/\/www.elsindic.com\/va\/wp-json\/wp\/v2\/pages\/1027"}],"wp:attachment":[{"href":"https:\/\/www.elsindic.com\/va\/wp-json\/wp\/v2\/media?parent=1028"}],"curies":[{"name":"wp","href":"https:\/\/api.w.org\/{rel}","templated":true}]}}