{"id":1030,"date":"2017-02-13T08:25:16","date_gmt":"2017-02-13T08:25:16","guid":{"rendered":"http:\/\/www.elsindic.com\/portal-de-transparencia\/informacio-institucional-organitzativa-y-de-planificacio\/normativa-sobre-el-sindic\/"},"modified":"2022-05-10T10:52:47","modified_gmt":"2022-05-10T08:52:47","slug":"normativa-sobre-el-sindic","status":"publish","type":"page","link":"https:\/\/www.elsindic.com\/va\/portal-de-transparencia\/informacio-institucional-organitzativa-i-de-planificacio\/normativa-sobre-el-sindic\/","title":{"rendered":"Normativa sobre el S\u00edndic"},"content":{"rendered":"<div class=\"wpb-content-wrapper\"><p>[vc_row][vc_column css=&#8221;.vc_custom_1479118262506{padding-top: 30px !important;}&#8221;][vc_column_text]<\/p>\n<ul>\n<li>Resoluci\u00f3 de 16 de mar\u00e7 de 2022, d\u2019aprovaci\u00f3 del Reglament d\u2019organitzaci\u00f3 i funcionament del S\u00edndic de Greuges. <a href=\"https:\/\/www.elsindic.com\/wp-content\/uploads\/2022\/03\/Reglamento-del-Sindic-1.pdf\">Veure mes<\/a><\/li>\n<li>Resoluci\u00f3 d&#8217;15 de mar\u00e7 de 2022, del S\u00edndic de Greuges de la Comunitat Valenciana, per la qual s&#8217;aprova el Codi de<br \/>\nBon Govern de la instituci\u00f3. <a href=\"https:\/\/www.elsindic.com\/wp-content\/uploads\/2022\/03\/Codigo-buen-gobierno-documento-doble-columna.pdf\">Veure m\u00e9s<\/a><\/li>\n<li>Llei de la Generalitat Valenciana 2\/2021, de 26 de mar\u00e7, del S\u00edndic de Greuges. <a href=\"https:\/\/www.elsindic.com\/wp-content\/uploads\/2021\/05\/dogv_2021_3200.pdf\" target=\"_blank\" rel=\"noopener\">Veure la llei<\/a>\u00a0<a href=\"https:\/\/www.elsindic.com\/wp-content\/uploads\/2021\/05\/2021_4777.pdf\" target=\"_blank\" rel=\"noopener\">Veure correccions<\/a><\/li>\n<li>Llei 36\/1985, de 6 de novembre, per la qual es regulen les relacions entre la instituci\u00f3 del defensor del poble i les figures similars en les diverses comunitats aut\u00f2nomes.\u00a0Veure m\u00e9s<\/li>\n<li>Normes que han de servir per a garantir la transpar\u00e8ncia i l&#8217;acc\u00e9s dels ciutadans a la informaci\u00f3 del S\u00edndic de Greuges en la seua activitat pressupost\u00e0ria i administrativa.\u00a0Veure m\u00e9s<\/li>\n<\/ul>\n<p>[\/vc_column_text][\/vc_column][\/vc_row]<\/p>\n<\/div>","protected":false},"excerpt":{"rendered":"<p>[vc_row][vc_column css=&#8221;.vc_custom_1479118262506{padding-top: 30px !important;}&#8221;][vc_column_text] Resoluci\u00f3 de 16 de mar\u00e7 de 2022, d\u2019aprovaci\u00f3 del Reglament d\u2019organitzaci\u00f3 i funcionament del S\u00edndic de Greuges. Veure mes Resoluci\u00f3 d&#8217;15 de mar\u00e7 de 2022, del S\u00edndic de Greuges de la Comunitat Valenciana, per la qual s&#8217;aprova el Codi de Bon Govern de la instituci\u00f3. Veure m\u00e9s Llei de la Generalitat [&hellip;]<\/p>\n","protected":false},"author":1,"featured_media":0,"parent":1027,"menu_order":0,"comment_status":"closed","ping_status":"closed","template":"","meta":{"footnotes":""},"class_list":["post-1030","page","type-page","status-publish","hentry"],"_links":{"self":[{"href":"https:\/\/www.elsindic.com\/va\/wp-json\/wp\/v2\/pages\/1030"}],"collection":[{"href":"https:\/\/www.elsindic.com\/va\/wp-json\/wp\/v2\/pages"}],"about":[{"href":"https:\/\/www.elsindic.com\/va\/wp-json\/wp\/v2\/types\/page"}],"author":[{"embeddable":true,"href":"https:\/\/www.elsindic.com\/va\/wp-json\/wp\/v2\/users\/1"}],"replies":[{"embeddable":true,"href":"https:\/\/www.elsindic.com\/va\/wp-json\/wp\/v2\/comments?post=1030"}],"version-history":[{"count":14,"href":"https:\/\/www.elsindic.com\/va\/wp-json\/wp\/v2\/pages\/1030\/revisions"}],"predecessor-version":[{"id":31288,"href":"https:\/\/www.elsindic.com\/va\/wp-json\/wp\/v2\/pages\/1030\/revisions\/31288"}],"up":[{"embeddable":true,"href":"https:\/\/www.elsindic.com\/va\/wp-json\/wp\/v2\/pages\/1027"}],"wp:attachment":[{"href":"https:\/\/www.elsindic.com\/va\/wp-json\/wp\/v2\/media?parent=1030"}],"curies":[{"name":"wp","href":"https:\/\/api.w.org\/{rel}","templated":true}]}}