{"id":1045,"date":"2017-02-13T10:59:40","date_gmt":"2017-02-13T10:59:40","guid":{"rendered":"http:\/\/www.elsindic.com\/portal-de-transparencia\/informacio-institucional-organitzativa-y-de-planificacio\/organigrama\/"},"modified":"2023-05-03T11:54:45","modified_gmt":"2023-05-03T09:54:45","slug":"organigrama","status":"publish","type":"page","link":"https:\/\/www.elsindic.com\/va\/portal-de-transparencia\/informacio-institucional-organitzativa-i-de-planificacio\/organigrama\/","title":{"rendered":"Organigrama"},"content":{"rendered":"<div class=\"wpb-content-wrapper\"><p>[vc_row css=&#8221;.vc_custom_1479197336478{padding-top: 30px !important;}&#8221;][vc_column][vc_column_text]<\/p>\n<ul>\n<li>Organigrama.<a href=\"https:\/\/www.elsindic.com\/wp-content\/uploads\/2023\/05\/organigrama-valencia-sep-2021.pdf\"> Veure m\u00e9s<\/a><\/li>\n<li>Resoluci\u00f3 del S\u00edndic sobre la delegaci\u00f3 de funcions als adjunts. <a href=\"https:\/\/www.elsindic.com\/wp-content\/uploads\/2020\/03\/resolucion-Delegacion-competencias-adjuntos_va.pdf\" target=\"_blank\" rel=\"noopener noreferrer\">Veure m\u00e9s<\/a><\/li>\n<\/ul>\n<p>[\/vc_column_text][\/vc_column][\/vc_row]<\/p>\n<\/div>","protected":false},"excerpt":{"rendered":"<p>[vc_row css=&#8221;.vc_custom_1479197336478{padding-top: 30px !important;}&#8221;][vc_column][vc_column_text] Organigrama. Veure m\u00e9s Resoluci\u00f3 del S\u00edndic sobre la delegaci\u00f3 de funcions als adjunts. Veure m\u00e9s [\/vc_column_text][\/vc_column][\/vc_row]<\/p>\n","protected":false},"author":1,"featured_media":0,"parent":1027,"menu_order":0,"comment_status":"closed","ping_status":"closed","template":"","meta":{"footnotes":""},"class_list":["post-1045","page","type-page","status-publish","hentry"],"_links":{"self":[{"href":"https:\/\/www.elsindic.com\/va\/wp-json\/wp\/v2\/pages\/1045"}],"collection":[{"href":"https:\/\/www.elsindic.com\/va\/wp-json\/wp\/v2\/pages"}],"about":[{"href":"https:\/\/www.elsindic.com\/va\/wp-json\/wp\/v2\/types\/page"}],"author":[{"embeddable":true,"href":"https:\/\/www.elsindic.com\/va\/wp-json\/wp\/v2\/users\/1"}],"replies":[{"embeddable":true,"href":"https:\/\/www.elsindic.com\/va\/wp-json\/wp\/v2\/comments?post=1045"}],"version-history":[{"count":12,"href":"https:\/\/www.elsindic.com\/va\/wp-json\/wp\/v2\/pages\/1045\/revisions"}],"predecessor-version":[{"id":31945,"href":"https:\/\/www.elsindic.com\/va\/wp-json\/wp\/v2\/pages\/1045\/revisions\/31945"}],"up":[{"embeddable":true,"href":"https:\/\/www.elsindic.com\/va\/wp-json\/wp\/v2\/pages\/1027"}],"wp:attachment":[{"href":"https:\/\/www.elsindic.com\/va\/wp-json\/wp\/v2\/media?parent=1045"}],"curies":[{"name":"wp","href":"https:\/\/api.w.org\/{rel}","templated":true}]}}