{"id":10467,"date":"2017-03-28T07:57:38","date_gmt":"2017-03-28T07:57:38","guid":{"rendered":"http:\/\/www.elsindic.com\/portal-de-transparencia\/informacio-economica-pressupostaria-i-estadistica\/facturacio\/"},"modified":"2025-10-28T14:19:47","modified_gmt":"2025-10-28T13:19:47","slug":"facturacio","status":"publish","type":"page","link":"https:\/\/www.elsindic.com\/va\/portal-de-transparencia\/informacio-economica-pressupostaria-i-estadistica\/facturacio\/","title":{"rendered":"Facturaci\u00f3"},"content":{"rendered":"<div class=\"wpb-content-wrapper\"><p>[vc_row css=&#8221;.vc_custom_1479456034194{padding-top: 30px !important;}&#8221;][vc_column][vc_column_text]La <a title=\"Anar a la p\u00e0gina web del Boe que cont\u00e9 la publicaci\u00f3n d'esta llei\" href=\"https:\/\/www.boe.es\/diario_boe\/txt.php?id=BOE-A-2013-13722\">Llei\u00a025\/2013, de 27 de desembre, d&#8217;impuls de la factura electr\u00f2nica\u00a0i creaci\u00f3 del registre comptable de factures en el sector p\u00fablic<\/a>\u00a0preveu la possibilitat que tots els prove\u00efdors que hagen lliurat b\u00e9ns o prestat servicis a l&#8217;Administraci\u00f3 P\u00fablica puguen expedir i remetre factura electr\u00f2nica. Totes les administracions p\u00fabliques -estatal, auton\u00f2mica i local- han de disposar d&#8217;un punt general d&#8217;entrada de factures electr\u00f2niques a partir del 15 de gener del 2015.<\/p>\n<p>L&#8217;Administraci\u00f3 auton\u00f2mica, les institucions estatut\u00e0ries i les entitats locals es poden adherir a la utilitzaci\u00f3 del Punt General d&#8217;Entrada de Factures Electr\u00f2niques de l&#8217;Administraci\u00f3 General de l&#8217;Estat, denominat <a title=\"visiteu la p\u00e0gina web FACe\" href=\"https:\/\/face.gob.es\/es\/\">FACe<\/a>. Es tracta d&#8217;una plataforma en l\u00ednia que permet als prove\u00efdors presentar factures electr\u00f2niques davant de qualsevol \u00f2rgan de l&#8217;Administraci\u00f3 General de l&#8217;Estat, a trav\u00e9s d&#8217;un \u00fanic punt. D&#8217;aquesta manera, FACe simplifica als prove\u00efdors el proc\u00e9s de remissi\u00f3 de factures i permet consultar-ne l&#8217;estat de tramitaci\u00f3. El format de factura electr\u00f2nica acceptat \u00e9s Facturae.<\/p>\n<p>El S\u00edndic de Greuges de la Comunitat Valenciana, mitjan\u00e7ant un Acord de la Junta de Coordinaci\u00f3 de data 17 de desembre del 2014, s&#8217;adhereix a Face com a Punt General d&#8217;Entrada de Factures Electr\u00f2niques. Per tant, el prove\u00efdor que haja expedit la factura pels servicis prestats o b\u00e9ns lliurats al S\u00edndic de Greuges de la Comunitat Valenciana tindr\u00e0 l&#8217;obligaci\u00f3, en el termini de trenta dies des de la data del lliurament efectiu de les mercaderies o de la prestaci\u00f3 de servici, de presentar-la a trav\u00e9s de FACe. La recepci\u00f3 de la factura en FACe i la seua anotaci\u00f3 en el registre comptable de factures li donar\u00e0 validesa per a la seua tramitaci\u00f3 i pagament en els terminis establits en la normativa vigent.<\/p>\n<p><strong><a title=\"https:\/\/face.gob.es\/es\/\" href=\"https:\/\/face.gob.es\/es\/\">Accediu a FACe Punt General d&#8217;Entrada de Factures Electr\u00f2niques de l&#8217;Administraci\u00f3 General de l&#8217;Estat<\/a><\/strong><\/p>\n<h4>Documents associats<\/h4>\n<p>Codi DIR3: I00000183<\/p>\n<h5>Codis FACe<\/h5>\n<ul>\n<li>Oficina comptable: I00000183<\/li>\n<li>\u00d2rgan gestor: I00000183<\/li>\n<li>Unitat tramitadora: I00000183<\/li>\n<\/ul>\n<h5>Models<\/h5>\n<ul>\n<li><a href=\"https:\/\/www.elsindic.com\/wp-content\/uploads\/2025\/10\/val-MODELO-ALTA-TERCEROS-1.docx\">Model alta tercers<\/a><\/li>\n<\/ul>\n<p><a title=\"anar a youtube i veure el v\u00eddeo tutorial\" href=\"https:\/\/www.youtube.com\/watch?t=62&amp;v=atL_4-8Q3n4\">V\u00eddeo tutorial FACe<\/a>[\/vc_column_text][\/vc_column][\/vc_row]<\/p>\n<\/div>","protected":false},"excerpt":{"rendered":"<p>[vc_row css=&#8221;.vc_custom_1479456034194{padding-top: 30px !important;}&#8221;][vc_column][vc_column_text]La Llei\u00a025\/2013, de 27 de desembre, d&#8217;impuls de la factura electr\u00f2nica\u00a0i creaci\u00f3 del registre comptable de factures en el sector p\u00fablic\u00a0preveu la possibilitat que tots els prove\u00efdors que hagen lliurat b\u00e9ns o prestat servicis a l&#8217;Administraci\u00f3 P\u00fablica puguen expedir i remetre factura electr\u00f2nica. Totes les administracions p\u00fabliques -estatal, auton\u00f2mica i local- han [&hellip;]<\/p>\n","protected":false},"author":1,"featured_media":0,"parent":1066,"menu_order":0,"comment_status":"closed","ping_status":"closed","template":"","meta":{"footnotes":""},"class_list":["post-10467","page","type-page","status-publish","hentry"],"_links":{"self":[{"href":"https:\/\/www.elsindic.com\/va\/wp-json\/wp\/v2\/pages\/10467"}],"collection":[{"href":"https:\/\/www.elsindic.com\/va\/wp-json\/wp\/v2\/pages"}],"about":[{"href":"https:\/\/www.elsindic.com\/va\/wp-json\/wp\/v2\/types\/page"}],"author":[{"embeddable":true,"href":"https:\/\/www.elsindic.com\/va\/wp-json\/wp\/v2\/users\/1"}],"replies":[{"embeddable":true,"href":"https:\/\/www.elsindic.com\/va\/wp-json\/wp\/v2\/comments?post=10467"}],"version-history":[{"count":12,"href":"https:\/\/www.elsindic.com\/va\/wp-json\/wp\/v2\/pages\/10467\/revisions"}],"predecessor-version":[{"id":33913,"href":"https:\/\/www.elsindic.com\/va\/wp-json\/wp\/v2\/pages\/10467\/revisions\/33913"}],"up":[{"embeddable":true,"href":"https:\/\/www.elsindic.com\/va\/wp-json\/wp\/v2\/pages\/1066"}],"wp:attachment":[{"href":"https:\/\/www.elsindic.com\/va\/wp-json\/wp\/v2\/media?parent=10467"}],"curies":[{"name":"wp","href":"https:\/\/api.w.org\/{rel}","templated":true}]}}