{"id":1056,"date":"2017-02-13T11:16:05","date_gmt":"2017-02-13T11:16:05","guid":{"rendered":"http:\/\/www.elsindic.com\/portal-de-transparencia\/informacio-institucional-organitzativa-y-de-planificacio\/seu\/"},"modified":"2022-03-22T14:00:55","modified_gmt":"2022-03-22T13:00:55","slug":"seu","status":"publish","type":"page","link":"https:\/\/www.elsindic.com\/va\/portal-de-transparencia\/informacio-institucional-organitzativa-i-de-planificacio\/seu\/","title":{"rendered":"Seu"},"content":{"rendered":"<div class=\"wpb-content-wrapper\"><p>[vc_row css=&#8221;.vc_custom_1479198421179{padding-top: 30px !important;}&#8221;][vc_column][vc_column_text]<\/p>\n<h3>S\u00edndic de Greuges de la Comunitat Valenciana<\/h3>\n<h4><span lang=\"CA\">Adre\u00e7a<\/span><\/h4>\n<div class=\"ubicacion\"><iframe loading=\"lazy\" title=\"Ubicaci\u00f3n del S\u00edndic de Greuges de la Comunitat Valenciana\" src=\"https:\/\/maps.google.es\/maps?f=q&amp;source=s_q&amp;hl=es&amp;geocode=&amp;q=Calle+Pascual+Blasco,+1++03001,+Alicante&amp;sll=38.343714,-0.485764&amp;sspn=0.006378,0.016512&amp;ie=UTF8&amp;hq=&amp;hnear=Calle+Pascual+Blasco,+1,+03001+Alicante&amp;t=m&amp;ll=38.343718,-0.485759&amp;spn=0.002524,0.003219&amp;z=17&amp;iwloc=A&amp;output=embed\" width=\"300\" height=\"300\" frameborder=\"0\" marginwidth=\"0\" marginheight=\"0\" scrolling=\"no\"><\/iframe><br \/>\n<small><a style=\"color: #0000ff; text-align: left;\" href=\"https:\/\/maps.google.es\/maps?f=q&amp;source=embed&amp;hl=es&amp;geocode=&amp;q=Calle+Pascual+Blasco,+1++03001,+Alicante&amp;sll=38.343714,-0.485764&amp;sspn=0.006378,0.016512&amp;ie=UTF8&amp;hq=&amp;hnear=Calle+Pascual+Blasco,+1,+03001+Alicante&amp;t=m&amp;ll=38.343718,-0.485759&amp;spn=0.002524,0.003219&amp;z=17&amp;iwloc=A\">Veure mapa m\u00e9s gran<\/a><\/small><\/div>\n<p>Carrer Pascual Blasco, 1<\/p>\n<p>03001, Alacant<\/p>\n<h4>Tel\u00e8fons<\/h4>\n<ul>\n<li>Oficina d&#8217;Atenci\u00f3 a la Ciutadania: 900 21 09 70 (gratu\u00eft)<\/li>\n<li>Centraleta: 965 93 7500<\/li>\n<li>Suport Seu Electr\u00f2nica: 965 93 75 02\/56<\/li>\n<\/ul>\n<h4>Adreces electr\u00f2niques<\/h4>\n<ul>\n<li>Oficina d\u2019Atenci\u00f3 a la Ciutadania: consultas@elsindic.com<\/li>\n<li>Suport Seu Electr\u00f2nica:<\/li>\n<\/ul>\n<h4><abbr title=\"Codi d'identificaci\u00f3 fiscal\">CIF<\/abbr><\/h4>\n<ul>\n<li>Q-5350006-B<\/li>\n<\/ul>\n<p>[\/vc_column_text][\/vc_column][\/vc_row]<\/p>\n<\/div>","protected":false},"excerpt":{"rendered":"<p>[vc_row css=&#8221;.vc_custom_1479198421179{padding-top: 30px !important;}&#8221;][vc_column][vc_column_text] S\u00edndic de Greuges de la Comunitat Valenciana Adre\u00e7a Veure mapa m\u00e9s gran Carrer Pascual Blasco, 1 03001, Alacant Tel\u00e8fons Oficina d&#8217;Atenci\u00f3 a la Ciutadania: 900 21 09 70 (gratu\u00eft) Centraleta: 965 93 7500 Suport Seu Electr\u00f2nica: 965 93 75 02\/56 Adreces electr\u00f2niques Oficina d\u2019Atenci\u00f3 a la Ciutadania: consultas@elsindic.com Suport Seu Electr\u00f2nica: [&hellip;]<\/p>\n","protected":false},"author":1,"featured_media":0,"parent":1027,"menu_order":0,"comment_status":"closed","ping_status":"closed","template":"","meta":{"footnotes":""},"class_list":["post-1056","page","type-page","status-publish","hentry"],"_links":{"self":[{"href":"https:\/\/www.elsindic.com\/va\/wp-json\/wp\/v2\/pages\/1056"}],"collection":[{"href":"https:\/\/www.elsindic.com\/va\/wp-json\/wp\/v2\/pages"}],"about":[{"href":"https:\/\/www.elsindic.com\/va\/wp-json\/wp\/v2\/types\/page"}],"author":[{"embeddable":true,"href":"https:\/\/www.elsindic.com\/va\/wp-json\/wp\/v2\/users\/1"}],"replies":[{"embeddable":true,"href":"https:\/\/www.elsindic.com\/va\/wp-json\/wp\/v2\/comments?post=1056"}],"version-history":[{"count":5,"href":"https:\/\/www.elsindic.com\/va\/wp-json\/wp\/v2\/pages\/1056\/revisions"}],"predecessor-version":[{"id":31085,"href":"https:\/\/www.elsindic.com\/va\/wp-json\/wp\/v2\/pages\/1056\/revisions\/31085"}],"up":[{"embeddable":true,"href":"https:\/\/www.elsindic.com\/va\/wp-json\/wp\/v2\/pages\/1027"}],"wp:attachment":[{"href":"https:\/\/www.elsindic.com\/va\/wp-json\/wp\/v2\/media?parent=1056"}],"curies":[{"name":"wp","href":"https:\/\/api.w.org\/{rel}","templated":true}]}}