{"id":1061,"date":"2017-02-13T11:27:01","date_gmt":"2017-02-13T11:27:01","guid":{"rendered":"http:\/\/www.elsindic.com\/portal-de-transparencia\/informacio-de-rellevancia-juridica\/"},"modified":"2019-12-10T14:33:22","modified_gmt":"2019-12-10T13:33:22","slug":"informacio-de-rellevancia-juridica","status":"publish","type":"page","link":"https:\/\/www.elsindic.com\/va\/portal-de-transparencia\/informacio-de-rellevancia-juridica\/","title":{"rendered":"Informaci\u00f3 de rellev\u00e0ncia jur\u00eddica"},"content":{"rendered":"<div class=\"wpb-content-wrapper\"><p>[vc_row][vc_column][vc_column_text]D\u2019acord amb els principis de transpar\u00e8ncia i publicitat, facilitem l\u2019acc\u00e9s de la ciutadania a les recomanacions i els suggeriments dictats pel S\u00edndic de Greuges. Aquestes resolucions s\u00f3n publicades als set dies d\u2019haver estat emeses i en la llengua que el ciutad\u00e0 o la ciutadana va triar per a comunicar-se amb la instituci\u00f3.<\/p>\n<p>D&#8217;acord amb el Reglament 2016\/679\/UE, de 27 d&#8217;abril, de Protecci\u00f3 de les persones f\u00edsiques pel que fa al tractament de dades personals i a la lliure circulaci\u00f3 d&#8217;estes dades i Llei Org\u00e0nica 3\/2018, de 5 de desembre, de Protecci\u00f3 de Dades Personals i garantia dels drets digitals, hem om\u00e9s de totes les nostres resolucions la informaci\u00f3 relativa a les dades de car\u00e0cter personal.<\/p>\n<ul>\n<li>Resolucions<\/li>\n<li>Informes anuals<\/li>\n<li>Informes especials<\/li>\n<\/ul>\n<p>[\/vc_column_text][\/vc_column][\/vc_row]<\/p>\n<\/div>","protected":false},"excerpt":{"rendered":"<p>[vc_row][vc_column][vc_column_text]D\u2019acord amb els principis de transpar\u00e8ncia i publicitat, facilitem l\u2019acc\u00e9s de la ciutadania a les recomanacions i els suggeriments dictats pel S\u00edndic de Greuges. Aquestes resolucions s\u00f3n publicades als set dies d\u2019haver estat emeses i en la llengua que el ciutad\u00e0 o la ciutadana va triar per a comunicar-se amb la instituci\u00f3. D&#8217;acord amb el [&hellip;]<\/p>\n","protected":false},"author":1,"featured_media":0,"parent":678,"menu_order":0,"comment_status":"closed","ping_status":"closed","template":"","meta":{"footnotes":""},"class_list":["post-1061","page","type-page","status-publish","hentry"],"_links":{"self":[{"href":"https:\/\/www.elsindic.com\/va\/wp-json\/wp\/v2\/pages\/1061"}],"collection":[{"href":"https:\/\/www.elsindic.com\/va\/wp-json\/wp\/v2\/pages"}],"about":[{"href":"https:\/\/www.elsindic.com\/va\/wp-json\/wp\/v2\/types\/page"}],"author":[{"embeddable":true,"href":"https:\/\/www.elsindic.com\/va\/wp-json\/wp\/v2\/users\/1"}],"replies":[{"embeddable":true,"href":"https:\/\/www.elsindic.com\/va\/wp-json\/wp\/v2\/comments?post=1061"}],"version-history":[{"count":5,"href":"https:\/\/www.elsindic.com\/va\/wp-json\/wp\/v2\/pages\/1061\/revisions"}],"predecessor-version":[{"id":29121,"href":"https:\/\/www.elsindic.com\/va\/wp-json\/wp\/v2\/pages\/1061\/revisions\/29121"}],"up":[{"embeddable":true,"href":"https:\/\/www.elsindic.com\/va\/wp-json\/wp\/v2\/pages\/678"}],"wp:attachment":[{"href":"https:\/\/www.elsindic.com\/va\/wp-json\/wp\/v2\/media?parent=1061"}],"curies":[{"name":"wp","href":"https:\/\/api.w.org\/{rel}","templated":true}]}}