{"id":10627,"date":"2017-03-29T11:18:39","date_gmt":"2017-03-29T11:18:39","guid":{"rendered":"http:\/\/www.elsindic.com\/enllacos-2\/"},"modified":"2017-04-04T09:53:51","modified_gmt":"2017-04-04T09:53:51","slug":"enllacos-2","status":"publish","type":"page","link":"https:\/\/www.elsindic.com\/va\/sindic-de-greuges\/enllacos-2\/","title":{"rendered":"Enlla\u00e7os"},"content":{"rendered":"<div class=\"wpb-content-wrapper\"><p>[vc_row][vc_column]<div class=\"resultados\">\r\n                    <div class=\"container_12\"><div class=\"listado\"><div class=\"grid_10\">\r\n                                <article >\r\n                                    <div class=\"grid_2 alpha\">\r\n                                        <a href=\"http:\/\/www.fvmp.es\/\"><img decoding=\"async\" src=\"https:\/\/www.elsindic.com\/wp-content\/uploads\/2017\/03\/98_fed_valenciana.gif\" alt=\"Federaci\u00f3 Valenciana de Municipis i Prov\u00edncies\"\/><\/a>\r\n                                    <\/div>\r\n                                    <div class=\"grid_10\">\r\n                                        <div class=\"detalle\">\r\n                                            <p><a href=\"http:\/\/www.fvmp.es\/\">Federaci\u00f3 Valenciana de Municipis i Prov\u00edncies<\/a><\/p>\r\n                                        <\/div>\r\n                                    <\/div>\r\n                                    <div class=\"clear\"><\/div>\r\n                                <\/article>\r\n                            <\/div><div class=\"grid_10\">\r\n                                <article \"class='par'\">\r\n                                    <div class=\"grid_2 alpha\">\r\n                                        <a href=\"http:\/\/www.cortsvalencianes.es\/cs\/Satellite\/Layout\/Page\/1260974710668\/Home.html?&lang=ca_VA\"><img decoding=\"async\" src=\"https:\/\/www.elsindic.com\/wp-content\/uploads\/2017\/03\/97_corts.gif\" alt=\"Les Corts Valencianes\"\/><\/a>\r\n                                    <\/div>\r\n                                    <div class=\"grid_10\">\r\n                                        <div class=\"detalle\">\r\n                                            <p><a href=\"http:\/\/www.cortsvalencianes.es\/cs\/Satellite\/Layout\/Page\/1260974710668\/Home.html?&lang=ca_VA\">Les Corts Valencianes<\/a><\/p>\r\n                                        <\/div>\r\n                                    <\/div>\r\n                                    <div class=\"clear\"><\/div>\r\n                                <\/article>\r\n                            <\/div><div class=\"grid_10\">\r\n                                <article >\r\n                                    <div class=\"grid_2 alpha\">\r\n                                        <a href=\"http:\/\/www.gva.es\/va\/inicio\/presentacion;jsessionid=0dGGYbChhtbyGlDvBXGJptQCJstq5BnQkv6zn39gvxZjbnXGQFGS!-1380730428!1490780858128\"><img decoding=\"async\" src=\"https:\/\/www.elsindic.com\/wp-content\/uploads\/2017\/03\/96_logotipogeneralitat.png\" alt=\"Generalitat Valenciana\"\/><\/a>\r\n                                    <\/div>\r\n                                    <div class=\"grid_10\">\r\n                                        <div class=\"detalle\">\r\n                                            <p><a href=\"http:\/\/www.gva.es\/va\/inicio\/presentacion;jsessionid=0dGGYbChhtbyGlDvBXGJptQCJstq5BnQkv6zn39gvxZjbnXGQFGS!-1380730428!1490780858128\">Generalitat Valenciana<\/a><\/p>\r\n                                        <\/div>\r\n                                    <\/div>\r\n                                    <div class=\"clear\"><\/div>\r\n                                <\/article>\r\n                            <\/div><div class=\"grid_10\">\r\n                                <article \"class='par'\">\r\n                                    <div class=\"grid_2 alpha\">\r\n                                        <a href=\"http:\/\/www.ombudsman-med.org\/\"><img decoding=\"async\" src=\"https:\/\/www.elsindic.com\/wp-content\/uploads\/2017\/03\/95_logomed.gif\" alt=\"Associaci\u00f3 d&#8217;Ombudsman de la Mediterr\u00e0nia\"\/><\/a>\r\n                                    <\/div>\r\n                                    <div class=\"grid_10\">\r\n                                        <div class=\"detalle\">\r\n                                            <p><a href=\"http:\/\/www.ombudsman-med.org\/\">Associaci\u00f3 d&#8217;Ombudsman de la Mediterr\u00e0nia<\/a><\/p>\r\n                                        <\/div>\r\n                                    <\/div>\r\n                                    <div class=\"clear\"><\/div>\r\n                                <\/article>\r\n                            <\/div><div class=\"grid_10\">\r\n                                <article >\r\n                                    <div class=\"grid_2 alpha\">\r\n                                        <a href=\"http:\/\/www.portalfio.org\/\"><img decoding=\"async\" src=\"https:\/\/www.elsindic.com\/wp-content\/uploads\/2017\/03\/94_fio.jpg\" alt=\"Federaci\u00f3 Iberoamericana de l&#8217;Ombudsman\"\/><\/a>\r\n                                    <\/div>\r\n                                    <div class=\"grid_10\">\r\n                                        <div class=\"detalle\">\r\n                                            <p><a href=\"http:\/\/www.portalfio.org\/\">Federaci\u00f3 Iberoamericana de l&#8217;Ombudsman<\/a><\/p>\r\n                                        <\/div>\r\n                                    <\/div>\r\n                                    <div class=\"clear\"><\/div>\r\n                                <\/article>\r\n                            <\/div><div class=\"grid_10\">\r\n                                <article \"class='par'\">\r\n                                    <div class=\"grid_2 alpha\">\r\n                                        <a href=\"http:\/\/www.theioi.org\/es\/noticias\/noticias-de-actualidad\"><img decoding=\"async\" src=\"https:\/\/www.elsindic.com\/wp-content\/uploads\/2017\/03\/93_otras-afines-02.gif\" alt=\"Institut Internacional de l&#8217;Ombudsman\"\/><\/a>\r\n                                    <\/div>\r\n                                    <div class=\"grid_10\">\r\n                                        <div class=\"detalle\">\r\n                                            <p><a href=\"http:\/\/www.theioi.org\/es\/noticias\/noticias-de-actualidad\">Institut Internacional de l&#8217;Ombudsman<\/a><\/p>\r\n                                        <\/div>\r\n                                    <\/div>\r\n                                    <div class=\"clear\"><\/div>\r\n                                <\/article>\r\n                            <\/div><div class=\"grid_10\">\r\n                                <article >\r\n                                    <div class=\"grid_2 alpha\">\r\n                                        <a href=\"https:\/\/www.ombudsman.europa.eu\/home\/es\/default.htm\"><img decoding=\"async\" src=\"https:\/\/www.elsindic.com\/wp-content\/uploads\/2017\/03\/92_defensorpuebloeuropeo.gif\" alt=\"Defensor del Poble Europeu\"\/><\/a>\r\n                                    <\/div>\r\n                                    <div class=\"grid_10\">\r\n                                        <div class=\"detalle\">\r\n                                            <p><a href=\"https:\/\/www.ombudsman.europa.eu\/home\/es\/default.htm\">Defensor del Poble Europeu<\/a><\/p>\r\n                                        <\/div>\r\n                                    <\/div>\r\n                                    <div class=\"clear\"><\/div>\r\n                                <\/article>\r\n                            <\/div><div class=\"grid_10\">\r\n                                <article \"class='par'\">\r\n                                    <div class=\"grid_2 alpha\">\r\n                                        <a href=\"http:\/\/www.defensornavarra.com\/\"><img decoding=\"async\" src=\"https:\/\/www.elsindic.com\/wp-content\/uploads\/2016\/11\/87_navarra.gif\" alt=\"Defensor del Pueblo Navarro\"\/><\/a>\r\n                                    <\/div>\r\n                                    <div class=\"grid_10\">\r\n                                        <div class=\"detalle\">\r\n                                            <p><a href=\"http:\/\/www.defensornavarra.com\/\">Defensor del Pueblo Navarro<\/a><\/p>\r\n                                        <\/div>\r\n                                    <\/div>\r\n                                    <div class=\"clear\"><\/div>\r\n                                <\/article>\r\n                            <\/div><div class=\"grid_10\">\r\n                                <article >\r\n                                    <div class=\"grid_2 alpha\">\r\n                                        <a href=\"https:\/\/www.procuradordelcomun.org\/\"><img decoding=\"async\" src=\"https:\/\/www.elsindic.com\/wp-content\/uploads\/2017\/03\/procurador-comun.jpg\" alt=\"Procurador del Com\u00fan (Castella i Lle\u00f3)\"\/><\/a>\r\n                                    <\/div>\r\n                                    <div class=\"grid_10\">\r\n                                        <div class=\"detalle\">\r\n                                            <p><a href=\"https:\/\/www.procuradordelcomun.org\/\">Procurador del Com\u00fan (Castella i Lle\u00f3)<\/a><\/p>\r\n                                        <\/div>\r\n                                    <\/div>\r\n                                    <div class=\"clear\"><\/div>\r\n                                <\/article>\r\n                            <\/div><div class=\"grid_10\">\r\n                                <article \"class='par'\">\r\n                                    <div class=\"grid_2 alpha\">\r\n                                        <a href=\"http:\/\/www.valedordopobo.gal\/\"><img decoding=\"async\" src=\"https:\/\/www.elsindic.com\/wp-content\/uploads\/2017\/03\/valedordopobo.jpg\" alt=\"Valedor do Pobo (Gal\u00edcia)\"\/><\/a>\r\n                                    <\/div>\r\n                                    <div class=\"grid_10\">\r\n                                        <div class=\"detalle\">\r\n                                            <p><a href=\"http:\/\/www.valedordopobo.gal\/\">Valedor do Pobo (Gal\u00edcia)<\/a><\/p>\r\n                                        <\/div>\r\n                                    <\/div>\r\n                                    <div class=\"clear\"><\/div>\r\n                                <\/article>\r\n                            <\/div><div class=\"grid_10\">\r\n                                <article >\r\n                                    <div class=\"grid_2 alpha\">\r\n                                        <a href=\"http:\/\/www.eljusticiadearagon.com\/\"><img decoding=\"async\" src=\"https:\/\/www.elsindic.com\/wp-content\/uploads\/2016\/11\/84_aragon.gif\" alt=\"El Justicia de Arag\u00f3n\"\/><\/a>\r\n                                    <\/div>\r\n                                    <div class=\"grid_10\">\r\n                                        <div class=\"detalle\">\r\n                                            <p><a href=\"http:\/\/www.eljusticiadearagon.com\/\">El Justicia de Arag\u00f3n<\/a><\/p>\r\n                                        <\/div>\r\n                                    <\/div>\r\n                                    <div class=\"clear\"><\/div>\r\n                                <\/article>\r\n                            <\/div><div class=\"grid_10\">\r\n                                <article \"class='par'\">\r\n                                    <div class=\"grid_2 alpha\">\r\n                                        <a href=\"http:\/\/www.ararteko.net\/home.jsp?language=eu&codResi=1\"><img decoding=\"async\" src=\"https:\/\/www.elsindic.com\/wp-content\/uploads\/2017\/03\/ararteco.jpg\" alt=\"Ararteko (el Pa\u00eds Basc)\"\/><\/a>\r\n                                    <\/div>\r\n                                    <div class=\"grid_10\">\r\n                                        <div class=\"detalle\">\r\n                                            <p><a href=\"http:\/\/www.ararteko.net\/home.jsp?language=eu&codResi=1\">Ararteko (el Pa\u00eds Basc)<\/a><\/p>\r\n                                        <\/div>\r\n                                    <\/div>\r\n                                    <div class=\"clear\"><\/div>\r\n                                <\/article>\r\n                            <\/div><div class=\"grid_10\">\r\n                                <article >\r\n                                    <div class=\"grid_2 alpha\">\r\n                                        <a href=\"http:\/\/www.diputadodelcomun.org\/\"><img decoding=\"async\" src=\"https:\/\/www.elsindic.com\/wp-content\/uploads\/2016\/11\/81_comuncanarias.gif\" alt=\"Diputado del Com\u00fan (Can\u00e0ries)\"\/><\/a>\r\n                                    <\/div>\r\n                                    <div class=\"grid_10\">\r\n                                        <div class=\"detalle\">\r\n                                            <p><a href=\"http:\/\/www.diputadodelcomun.org\/\">Diputado del Com\u00fan (Can\u00e0ries)<\/a><\/p>\r\n                                        <\/div>\r\n                                    <\/div>\r\n                                    <div class=\"clear\"><\/div>\r\n                                <\/article>\r\n                            <\/div><div class=\"grid_10\">\r\n                                <article \"class='par'\">\r\n                                    <div class=\"grid_2 alpha\">\r\n                                        <a href=\"https:\/\/www.defensordelpuebloandaluz.es\/\"><img decoding=\"async\" src=\"https:\/\/www.elsindic.com\/wp-content\/uploads\/2016\/11\/80_puebloandaluz.gif\" alt=\"Defensor del Pueblo Andaluz\"\/><\/a>\r\n                                    <\/div>\r\n                                    <div class=\"grid_10\">\r\n                                        <div class=\"detalle\">\r\n                                            <p><a href=\"https:\/\/www.defensordelpuebloandaluz.es\/\">Defensor del Pueblo Andaluz<\/a><\/p>\r\n                                        <\/div>\r\n                                    <\/div>\r\n                                    <div class=\"clear\"><\/div>\r\n                                <\/article>\r\n                            <\/div><div class=\"grid_10\">\r\n                                <article >\r\n                                    <div class=\"grid_2 alpha\">\r\n                                        <a href=\"http:\/\/www.defensordelpueblo.es\/\"><img decoding=\"async\" src=\"https:\/\/www.elsindic.com\/wp-content\/uploads\/2016\/11\/161M_logo_defensor-pueblo.jpg\" alt=\"Defensor del pueblo\"\/><\/a>\r\n                                    <\/div>\r\n                                    <div class=\"grid_10\">\r\n                                        <div class=\"detalle\">\r\n                                            <p><a href=\"http:\/\/www.defensordelpueblo.es\/\">Defensor del pueblo<\/a><\/p>\r\n                                        <\/div>\r\n                                    <\/div>\r\n                                    <div class=\"clear\"><\/div>\r\n                                <\/article>\r\n                            <\/div><div class=\"grid_10\">\r\n                                <article \"class='par'\">\r\n                                    <div class=\"grid_2 alpha\">\r\n                                        <a href=\"http:\/\/www.sindic.cat\/ca\/page.asp?id=1\"><img decoding=\"async\" src=\"https:\/\/www.elsindic.com\/wp-content\/uploads\/2016\/11\/82_catalan.gif\" alt=\"S\u00edndic de Greuges de Catalunya\"\/><\/a>\r\n                                    <\/div>\r\n                                    <div class=\"grid_10\">\r\n                                        <div class=\"detalle\">\r\n                                            <p><a href=\"http:\/\/www.sindic.cat\/ca\/page.asp?id=1\">S\u00edndic de Greuges de Catalunya<\/a><\/p>\r\n                                        <\/div>\r\n                                    <\/div>\r\n                                    <div class=\"clear\"><\/div>\r\n                                <\/article>\r\n                            <\/div><div class=\"grid_10\">\r\n                                <article >\r\n                                    <div class=\"grid_2 alpha\">\r\n                                        <a href=\"http:\/\/www.handsupchildren.org\/es\/home\"><img decoding=\"async\" src=\"https:\/\/www.elsindic.com\/wp-content\/uploads\/2018\/03\/handsup.png\" alt=\"Projecte europeu per a l&#8217;eliminaci\u00f3 del c\u00e0stig f\u00edsic a menors\"\/><\/a>\r\n                                    <\/div>\r\n                                    <div class=\"grid_10\">\r\n                                        <div class=\"detalle\">\r\n                                            <p><a href=\"http:\/\/www.handsupchildren.org\/es\/home\">Projecte europeu per a l&#8217;eliminaci\u00f3 del c\u00e0stig f\u00edsic a menors<\/a><\/p>\r\n                                        <\/div>\r\n                                    <\/div>\r\n                                    <div class=\"clear\"><\/div>\r\n                                <\/article>\r\n                            <\/div><\/div>\r\n                    <\/div>\r\n                    <div class=\"clear\"><\/div>\r\n                <\/div>[\/vc_column][\/vc_row]<\/p>\n<\/div>","protected":false},"excerpt":{"rendered":"<p>[vc_row][vc_column][\/vc_column][\/vc_row]<\/p>\n","protected":false},"author":1,"featured_media":0,"parent":10685,"menu_order":0,"comment_status":"closed","ping_status":"closed","template":"","meta":{"footnotes":""},"class_list":["post-10627","page","type-page","status-publish","hentry"],"_links":{"self":[{"href":"https:\/\/www.elsindic.com\/va\/wp-json\/wp\/v2\/pages\/10627"}],"collection":[{"href":"https:\/\/www.elsindic.com\/va\/wp-json\/wp\/v2\/pages"}],"about":[{"href":"https:\/\/www.elsindic.com\/va\/wp-json\/wp\/v2\/types\/page"}],"author":[{"embeddable":true,"href":"https:\/\/www.elsindic.com\/va\/wp-json\/wp\/v2\/users\/1"}],"replies":[{"embeddable":true,"href":"https:\/\/www.elsindic.com\/va\/wp-json\/wp\/v2\/comments?post=10627"}],"version-history":[{"count":1,"href":"https:\/\/www.elsindic.com\/va\/wp-json\/wp\/v2\/pages\/10627\/revisions"}],"predecessor-version":[{"id":10894,"href":"https:\/\/www.elsindic.com\/va\/wp-json\/wp\/v2\/pages\/10627\/revisions\/10894"}],"up":[{"embeddable":true,"href":"https:\/\/www.elsindic.com\/va\/wp-json\/wp\/v2\/pages\/10685"}],"wp:attachment":[{"href":"https:\/\/www.elsindic.com\/va\/wp-json\/wp\/v2\/media?parent=10627"}],"curies":[{"name":"wp","href":"https:\/\/api.w.org\/{rel}","templated":true}]}}