{"id":1066,"date":"2017-02-14T07:59:35","date_gmt":"2017-02-14T07:59:35","guid":{"rendered":"http:\/\/www.elsindic.com\/portal-de-transparencia\/informacio-economica-pressupostaria-i-estadistica\/"},"modified":"2023-01-31T11:56:46","modified_gmt":"2023-01-31T10:56:46","slug":"informacio-economica-pressupostaria-i-estadistica","status":"publish","type":"page","link":"https:\/\/www.elsindic.com\/va\/portal-de-transparencia\/informacio-economica-pressupostaria-i-estadistica\/","title":{"rendered":"Informaci\u00f3 econ\u00f2mica, pressupost\u00e0ria i estad\u00edstica"},"content":{"rendered":"<div class=\"wpb-content-wrapper\"><p>[vc_row][vc_column][vc_column_text]Informaci\u00f3 econ\u00f2mica, pressupost\u00e0ria i estad\u00edstica disponible en aquest apartat:<\/p>\n<ul>\n<li><a href=\"\/va\/portal-de-transparencia\/informacio-economica-pressupostaria-i-estadistica\/comptes-anuals\/\">Comptes anuals<\/a><\/li>\n<li><a href=\"http:\/\/www.elsindic.com\/va\/portal-de-transparencia\/informacio-economica-pressupostaria-i-estadistica\/pressupostos\/\">Pressupost<\/a><\/li>\n<li><a href=\"http:\/\/www.elsindic.com\/va\/portal-de-transparencia\/informacio-economica-pressupostaria-i-estadistica\/retribucions\/\">Retribucions<\/a><\/li>\n<li><a href=\"http:\/\/www.elsindic.com\/va\/portal-de-transparencia\/informacio-economica-pressupostaria-i-estadistica\/indemnitzacions\/\">Indemnitzacions<\/a><\/li>\n<li><a href=\"http:\/\/www.elsindic.com\/va\/portal-de-transparencia\/informacio-economica-pressupostaria-i-estadistica\/compatibilitats\/\">Compatibilitats<\/a><\/li>\n<li><a href=\"http:\/\/www.elsindic.com\/va\/portal-de-transparencia\/informacio-economica-pressupostaria-i-estadistica\/indicadors-de-qualitat\/\">Indicadors de qualitat<\/a><\/li>\n<li><a href=\"http:\/\/www.elsindic.com\/va\/portal-de-transparencia\/informacio-economica-pressupostaria-i-estadistica\/facturacio\/\">Facturaci\u00f3<\/a><\/li>\n<li><a href=\"http:\/\/www.elsindic.com\/va\/portal-de-transparencia\/informacio-economica-pressupostaria-i-estadistica\/comptes-obertes\/\">Comptes obertes<\/a><\/li>\n<li><a href=\"http:\/\/www.elsindic.com\/va\/portal-de-transparencia\/informacio-economica-pressupostaria-i-estadistica\/inventari\/\">Inventari<\/a><\/li>\n<\/ul>\n<p>[\/vc_column_text][\/vc_column][\/vc_row]<\/p>\n<\/div>","protected":false},"excerpt":{"rendered":"<p>[vc_row][vc_column][vc_column_text]Informaci\u00f3 econ\u00f2mica, pressupost\u00e0ria i estad\u00edstica disponible en aquest apartat: Comptes anuals Pressupost Retribucions Indemnitzacions Compatibilitats Indicadors de qualitat Facturaci\u00f3 Comptes obertes Inventari [\/vc_column_text][\/vc_column][\/vc_row]<\/p>\n","protected":false},"author":1,"featured_media":0,"parent":678,"menu_order":0,"comment_status":"closed","ping_status":"closed","template":"","meta":{"footnotes":""},"class_list":["post-1066","page","type-page","status-publish","hentry"],"_links":{"self":[{"href":"https:\/\/www.elsindic.com\/va\/wp-json\/wp\/v2\/pages\/1066"}],"collection":[{"href":"https:\/\/www.elsindic.com\/va\/wp-json\/wp\/v2\/pages"}],"about":[{"href":"https:\/\/www.elsindic.com\/va\/wp-json\/wp\/v2\/types\/page"}],"author":[{"embeddable":true,"href":"https:\/\/www.elsindic.com\/va\/wp-json\/wp\/v2\/users\/1"}],"replies":[{"embeddable":true,"href":"https:\/\/www.elsindic.com\/va\/wp-json\/wp\/v2\/comments?post=1066"}],"version-history":[{"count":7,"href":"https:\/\/www.elsindic.com\/va\/wp-json\/wp\/v2\/pages\/1066\/revisions"}],"predecessor-version":[{"id":31811,"href":"https:\/\/www.elsindic.com\/va\/wp-json\/wp\/v2\/pages\/1066\/revisions\/31811"}],"up":[{"embeddable":true,"href":"https:\/\/www.elsindic.com\/va\/wp-json\/wp\/v2\/pages\/678"}],"wp:attachment":[{"href":"https:\/\/www.elsindic.com\/va\/wp-json\/wp\/v2\/media?parent=1066"}],"curies":[{"name":"wp","href":"https:\/\/api.w.org\/{rel}","templated":true}]}}