{"id":10669,"date":"2017-03-29T13:58:36","date_gmt":"2017-03-29T13:58:36","guid":{"rendered":"http:\/\/www.elsindic.com\/portal-de-transparencia\/informacio-de-rellevancia-juridica\/recomanacions-suggeriments-recordatoris-legals\/"},"modified":"2019-12-10T14:31:41","modified_gmt":"2019-12-10T13:31:41","slug":"recomanacions-suggeriments-recordatoris-legals","status":"publish","type":"page","link":"https:\/\/www.elsindic.com\/va\/portal-de-transparencia\/informacio-de-rellevancia-juridica\/recomanacions-suggeriments-recordatoris-legals\/","title":{"rendered":"Recomanacions \/ suggeriments \/ recordatoris legals"},"content":{"rendered":"<div class=\"wpb-content-wrapper\"><p>[vc_row css=&#8221;.vc_custom_1479990324389{padding-top: 30px !important;}&#8221;][vc_column][vc_column_text]D\u2019acord amb els principis de transpar\u00e8ncia i publicitat, facilitem l\u2019acc\u00e9s de la ciutadania a les recomanacions i els suggeriments dictats pel S\u00edndic de Greuges. Aquestes resolucions s\u00f3n publicades als set dies d\u2019haver estat emeses i en la llengua que el ciutad\u00e0 o la ciutadana va triar per a comunicar-se amb la instituci\u00f3.<\/p>\n<p>D&#8217;acord amb el Reglament 2016\/679\/UE, de 27 d&#8217;abril, de Protecci\u00f3 de les persones f\u00edsiques pel que fa al tractament de dades personals i a la lliure circulaci\u00f3 d&#8217;estes dades i Llei Org\u00e0nica 3\/2018, de 5 de desembre, de Protecci\u00f3 de Dades Personals i garantia dels drets digitals, hem om\u00e9s de totes les nostres resolucions la informaci\u00f3 relativa a les dades de car\u00e0cter personal.[\/vc_column_text]<div class=\"grid_12\">\r\n                <div class=\"filtro\">\r\n                    <form name=\"news_filter\" method=\"get\">\r\n                        <input type=\"hidden\" name=\"paged\" value=\"1\" \/>\r\n                        <!--<input type=\"hidden\" name=\"ajax_url\" id=\"ajax_url\" value=\"https:\/\/www.elsindic.com\/wp-admin\/admin-ajax.php\" \/>-->\r\n                        <div class=\"container_12\">\r\n                            <div class=\"cont-bloques\">                                \r\n                                <div class=\"bloque\">\r\n                                    <p>Mat\u00e8ries<\/p>\r\n                                    <select name=\"categoria\" class=\"categoria\"><option value=\"\">.. Todos ..<\/option><option value=\"295\">Agricultura<\/option><option value=\"125\">Atenci\u00f3 a la depend\u00e8ncia<\/option><option value=\"126\">B\u00e9ns<\/option><option value=\"300\">Col\u00b7legis professionals i administraci\u00f3 cooperativa<\/option><option value=\"127\">Comer\u00e7 i consum<\/option><option value=\"128\">Conflictes juridicoprivats<\/option><option value=\"129\">Cultura<\/option><option value=\"131\">Defensor del Poble<\/option><option value=\"133\">Drets de g\u00e8nere i igualtat<\/option><option value=\"135\">Drets ling\u00fc\u00edstics<\/option><option value=\"138\">Educaci\u00f3<\/option><option value=\"136\">Educaci\u00f3<\/option><\/select><\/div>\r\n                                <div class=\"bloque ultimo\">\r\n                                    <input type=\"submit\" value=\"Filtrar\" \/>\r\n                                <\/div>\r\n                                <div class=\"clear\"><\/div>\r\n                            <\/div>\r\n                        <\/div>\r\n                    <\/form>\r\n                <\/div>\r\n            <\/div>\r\n            <div class=\"clear\"><\/div>[\/vc_column][\/vc_row]<\/p>\n<\/div>","protected":false},"excerpt":{"rendered":"<p>[vc_row css=&#8221;.vc_custom_1479990324389{padding-top: 30px !important;}&#8221;][vc_column][vc_column_text]D\u2019acord amb els principis de transpar\u00e8ncia i publicitat, facilitem l\u2019acc\u00e9s de la ciutadania a les recomanacions i els suggeriments dictats pel S\u00edndic de Greuges. Aquestes resolucions s\u00f3n publicades als set dies d\u2019haver estat emeses i en la llengua que el ciutad\u00e0 o la ciutadana va triar per a comunicar-se amb la instituci\u00f3. [&hellip;]<\/p>\n","protected":false},"author":1,"featured_media":0,"parent":1061,"menu_order":0,"comment_status":"closed","ping_status":"closed","template":"","meta":{"footnotes":""},"class_list":["post-10669","page","type-page","status-publish","hentry"],"_links":{"self":[{"href":"https:\/\/www.elsindic.com\/va\/wp-json\/wp\/v2\/pages\/10669"}],"collection":[{"href":"https:\/\/www.elsindic.com\/va\/wp-json\/wp\/v2\/pages"}],"about":[{"href":"https:\/\/www.elsindic.com\/va\/wp-json\/wp\/v2\/types\/page"}],"author":[{"embeddable":true,"href":"https:\/\/www.elsindic.com\/va\/wp-json\/wp\/v2\/users\/1"}],"replies":[{"embeddable":true,"href":"https:\/\/www.elsindic.com\/va\/wp-json\/wp\/v2\/comments?post=10669"}],"version-history":[{"count":5,"href":"https:\/\/www.elsindic.com\/va\/wp-json\/wp\/v2\/pages\/10669\/revisions"}],"predecessor-version":[{"id":29118,"href":"https:\/\/www.elsindic.com\/va\/wp-json\/wp\/v2\/pages\/10669\/revisions\/29118"}],"up":[{"embeddable":true,"href":"https:\/\/www.elsindic.com\/va\/wp-json\/wp\/v2\/pages\/1061"}],"wp:attachment":[{"href":"https:\/\/www.elsindic.com\/va\/wp-json\/wp\/v2\/media?parent=10669"}],"curies":[{"name":"wp","href":"https:\/\/api.w.org\/{rel}","templated":true}]}}