{"id":10682,"date":"2017-03-29T14:21:12","date_gmt":"2017-03-29T14:21:12","guid":{"rendered":"http:\/\/www.elsindic.com\/publicacions\/informes-especials\/"},"modified":"2017-09-19T07:53:39","modified_gmt":"2017-09-19T07:53:39","slug":"informes-especials","status":"publish","type":"page","link":"https:\/\/www.elsindic.com\/va\/informes-especials\/","title":{"rendered":"Informes especials"},"content":{"rendered":"<div class=\"wpb-content-wrapper\"><p>[vc_row][vc_column]<div class=\"grid_12\">\r\n                <div class=\"filtro\">\r\n                    <form name=\"news_filter\" method=\"get\">\r\n                        <input type=\"hidden\" name=\"paged\" value=\"1\" \/>\r\n                        <!--<input type=\"hidden\" name=\"ajax_url\" id=\"ajax_url\" value=\"https:\/\/www.elsindic.com\/wp-admin\/admin-ajax.php\" \/>-->\r\n                        <div class=\"container_12\">\r\n                            <div class=\"cont-bloques\">                                \r\n                                <div class=\"bloque\">\r\n                                    <p>Informes especials<\/p>\r\n                                    <select name=\"categoria\" class=\"categoria\"><option value=\"\">.. Todos ..<\/option><option value=\"162\">2004<\/option><option value=\"163\">2005<\/option><option value=\"164\">2007<\/option><option value=\"165\">2010<\/option><option value=\"320\">2011<\/option><option value=\"166\">2012<\/option><option value=\"322\">2013<\/option><option value=\"244\">2014<\/option><option value=\"325\">2015<\/option><option value=\"167\">2016<\/option><option value=\"169\">2017<\/option><option value=\"391\">2018<\/option><option value=\"532\">2019<\/option><option value=\"1050\">2025<\/option><\/select><\/div>\r\n                                <div class=\"bloque ultimo\">\r\n                                    <input type=\"submit\" value=\"Filtrar\" \/>\r\n                                <\/div>\r\n                                <div class=\"clear\"><\/div>\r\n                            <\/div>\r\n                        <\/div>\r\n                    <\/form>\r\n                <\/div>\r\n            <\/div>\r\n            <div class=\"clear\"><\/div><div class=\"resultados\">\r\n        <div class=\"container_12\">\r\n            <p class=\"titulo\">Resultats de la cerca<\/p>\r\n            <p class=\"n_resultados\">S'han trobat 23 coincid\u00e8ncies<\/p>\r\n\r\n            <div class=\"listado\"><article class=\"adjunto\">\r\n                    <p><a href=\"https:\/\/www.elsindic.com\/wp-content\/uploads\/2026\/03\/Informe-especial-DANA-2024.pdf\" target='_blank'>Informe Especial Dana 2024<\/a><\/p><\/article><article class=\"adjunto\">\r\n                    <p><a href=\"https:\/\/www.elsindic.com\/wp-content\/uploads\/2020\/02\/informe-especial-contaminacio-acustica-comunitat.pdf\" target='_blank'>Informe sobre contaminaci\u00f3n ac\u00fastica a la Comunitat Valenciana (2019)<\/a><\/p><\/article><article class=\"adjunto\">\r\n                    <p><a href=\"http:\/\/www.elsindic.com\/wp-content\/uploads\/2018\/04\/Informe-especial.-Estudi-sobre-la-situacio-de-l---habitatge-p--blic-a-la-Comunitat-Valenciana.pdf\" target='_blank'>Estudi sobre la situaci\u00f3 de l\u2019habitatge p\u00fablic a la Comunitat Valenciana (2018)<\/a><\/p><\/article><article class=\"adjunto\">\r\n                    <p><a href=\"http:\/\/www.elsindic.com\/wp-content\/uploads\/2017\/08\/DEF-VAL-INFORME-VIOL--NCIA_2017-06-15.pdf\" target='_blank'>Informe sobre l&#8217;Atenci\u00f3 i Protecci\u00f3 a les Dones V\u00edctimes de Viol\u00e8ncia de G\u00e8nere (2017)<\/a><\/p><\/article><article class=\"adjunto\">\r\n                    <p><a href=\"http:\/\/www.elsindic.com\/wp-content\/uploads\/2017\/04\/661_SINDIC-Tutela-menores-VALENCIA-48pags.pdf\" target='_blank'>Informe l&#8217;exercici de la tutela dels menors per les administracions p\u00fabliques valencianes. Observatori del Menor del S\u00edndic de Greuges (2017)<\/a><\/p><\/article><article class=\"adjunto\">\r\n                    <p><a href=\"http:\/\/www.elsindic.com\/wp-content\/uploads\/2017\/03\/636_SINDIC-libro-Pobreza-VAL.pdf\" target='_blank'>El paper dels servicis socials generals en la lluita contra la pobresa i l&#8217;exclusi\u00f3 social als municipis valencians durant la crisi (2017)<\/a><\/p><\/article><\/div>\r\n        <\/div>\r\n    <\/div><div class='paginacion'><ul class=\"module-list\"><li class=\"active\"><a href=\"#\" title=\"1\" class=\"text11 active\">1<\/a><\/li><li><a href='https:\/\/www.elsindic.com\/va\/wp-json\/wp\/v2\/pages\/10682\/page\/2\/' class='text11' >2<\/a><\/li><li><a href='https:\/\/www.elsindic.com\/va\/wp-json\/wp\/v2\/pages\/10682\/page\/3\/' class='text11' >3<\/a><\/li><li><a href='https:\/\/www.elsindic.com\/va\/wp-json\/wp\/v2\/pages\/10682\/page\/4\/' class='text11' >4<\/a><\/li><\/ul><a href=\"https:\/\/www.elsindic.com\/va\/wp-json\/wp\/v2\/pages\/10682\/page\/2\/\" title=\"Anterior\" class=\"arrow-button arrow-button-right\"><\/a><\/div>\n[\/vc_column][\/vc_row]<\/p>\n<\/div>","protected":false},"excerpt":{"rendered":"<p>[vc_row][vc_column][\/vc_column][\/vc_row]<\/p>\n","protected":false},"author":1,"featured_media":0,"parent":0,"menu_order":0,"comment_status":"closed","ping_status":"closed","template":"","meta":{"footnotes":""},"class_list":["post-10682","page","type-page","status-publish","hentry"],"_links":{"self":[{"href":"https:\/\/www.elsindic.com\/va\/wp-json\/wp\/v2\/pages\/10682"}],"collection":[{"href":"https:\/\/www.elsindic.com\/va\/wp-json\/wp\/v2\/pages"}],"about":[{"href":"https:\/\/www.elsindic.com\/va\/wp-json\/wp\/v2\/types\/page"}],"author":[{"embeddable":true,"href":"https:\/\/www.elsindic.com\/va\/wp-json\/wp\/v2\/users\/1"}],"replies":[{"embeddable":true,"href":"https:\/\/www.elsindic.com\/va\/wp-json\/wp\/v2\/comments?post=10682"}],"version-history":[{"count":3,"href":"https:\/\/www.elsindic.com\/va\/wp-json\/wp\/v2\/pages\/10682\/revisions"}],"predecessor-version":[{"id":15237,"href":"https:\/\/www.elsindic.com\/va\/wp-json\/wp\/v2\/pages\/10682\/revisions\/15237"}],"wp:attachment":[{"href":"https:\/\/www.elsindic.com\/va\/wp-json\/wp\/v2\/media?parent=10682"}],"curies":[{"name":"wp","href":"https:\/\/api.w.org\/{rel}","templated":true}]}}