{"id":10958,"date":"2017-04-05T08:05:23","date_gmt":"2017-04-05T08:05:23","guid":{"rendered":"http:\/\/www.elsindic.com\/politica-de-proteccio-de-dades\/"},"modified":"2019-12-10T14:36:14","modified_gmt":"2019-12-10T13:36:14","slug":"politica-de-proteccio-de-dades","status":"publish","type":"page","link":"https:\/\/www.elsindic.com\/va\/politica-de-proteccio-de-dades\/","title":{"rendered":"Pol\u00edtica de protecci\u00f3 de dades"},"content":{"rendered":"<div class=\"wpb-content-wrapper\"><p>[vc_row][vc_column][vc_column_text]Les dades recollides en els nostres fitxers i, si s&#8217;escau, la documentaci\u00f3 que s&#8217;hi adjunta, a partir de les dades que ens faciliteu, s\u00f3n confidencials i seran incloses en un fitxer titularitat del S\u00edndic de Greuges de la Comunitat Valenciana a l&#8217;efecte de ser tractades per a gestionar, tramitar, controlar i fer el seguiment de les queixes, consultes o de la resta d&#8217;informaci\u00f3 sol\u00b7licitada a trav\u00e9s d&#8217;aquesta web. I, en qualsevol cas, solament podran ser utilitzades per a proporcionar informaci\u00f3 relativa a les actuacions dutes a terme pel S\u00edndic de Greuges, dins de les funcions pr\u00f2pies que t\u00e9 atribu\u00efdes o delegades en l&#8217;\u00e0mbit de les seues compet\u00e8ncies.<\/p>\n<p>Les dades personals proporcionats per vost\u00e9 seran incorporats a un fitxer el responsable del qual \u00e9s el S\u00edndic de Greuges de la Comunitat Valenciana, que els tractar\u00e0 d&#8217;acord amb els principis establits en el Reglament 2016\/679\/UE, de 27 d&#8217;abril, de Protecci\u00f3 de les persones f\u00edsiques pel que fa al tractament de dades personals i a la lliure circulaci\u00f3 d&#8217;estes dades i Llei Org\u00e0nica 3\/2018, de 5 de desembre, de Protecci\u00f3 de Dades Personals i garantia dels drets digitals, hem om\u00e9s de totes les nostres resolucions la informaci\u00f3 relativa a les dades de car\u00e0cter personal.[\/vc_column_text][\/vc_column][\/vc_row]<\/p>\n<\/div>","protected":false},"excerpt":{"rendered":"<p>[vc_row][vc_column][vc_column_text]Les dades recollides en els nostres fitxers i, si s&#8217;escau, la documentaci\u00f3 que s&#8217;hi adjunta, a partir de les dades que ens faciliteu, s\u00f3n confidencials i seran incloses en un fitxer titularitat del S\u00edndic de Greuges de la Comunitat Valenciana a l&#8217;efecte de ser tractades per a gestionar, tramitar, controlar i fer el seguiment de [&hellip;]<\/p>\n","protected":false},"author":1,"featured_media":0,"parent":0,"menu_order":0,"comment_status":"closed","ping_status":"closed","template":"","meta":{"footnotes":""},"class_list":["post-10958","page","type-page","status-publish","hentry"],"_links":{"self":[{"href":"https:\/\/www.elsindic.com\/va\/wp-json\/wp\/v2\/pages\/10958"}],"collection":[{"href":"https:\/\/www.elsindic.com\/va\/wp-json\/wp\/v2\/pages"}],"about":[{"href":"https:\/\/www.elsindic.com\/va\/wp-json\/wp\/v2\/types\/page"}],"author":[{"embeddable":true,"href":"https:\/\/www.elsindic.com\/va\/wp-json\/wp\/v2\/users\/1"}],"replies":[{"embeddable":true,"href":"https:\/\/www.elsindic.com\/va\/wp-json\/wp\/v2\/comments?post=10958"}],"version-history":[{"count":4,"href":"https:\/\/www.elsindic.com\/va\/wp-json\/wp\/v2\/pages\/10958\/revisions"}],"predecessor-version":[{"id":29124,"href":"https:\/\/www.elsindic.com\/va\/wp-json\/wp\/v2\/pages\/10958\/revisions\/29124"}],"wp:attachment":[{"href":"https:\/\/www.elsindic.com\/va\/wp-json\/wp\/v2\/media?parent=10958"}],"curies":[{"name":"wp","href":"https:\/\/api.w.org\/{rel}","templated":true}]}}