{"id":1190,"date":"2017-02-15T15:24:27","date_gmt":"2017-02-15T15:24:27","guid":{"rendered":"http:\/\/www.elsindic.com\/portal-de-transparencia\/informacio-economica-pressupostaria-i-estadistica\/compatibilitats\/"},"modified":"2019-12-20T11:05:53","modified_gmt":"2019-12-20T10:05:53","slug":"compatibilitats","status":"publish","type":"page","link":"https:\/\/www.elsindic.com\/va\/portal-de-transparencia\/informacio-economica-pressupostaria-i-estadistica\/compatibilitats\/","title":{"rendered":"Compatibilitats"},"content":{"rendered":"<div class=\"wpb-content-wrapper\"><p>[vc_row css=&#8221;.vc_custom_1479455619890{padding-top: 30px !important;}&#8221;][vc_column][vc_column_text]En data 20\/12\/2019 estan vigents compatibilitats per a:<\/p>\n<ul>\n<li>Rapha\u00ebl R. Simons Vallejo, personal t\u00e8cnic superior<\/li>\n<li>Jos\u00e9 Conrado Moya Mira, personal t\u00e8cnic superior<\/li>\n<li>Pedro Jos\u00e9 Garc\u00eda Bevi\u00e1, personal t\u00e8cnic superior<\/li>\n<li>Consuelo Catal\u00e1 P\u00e9rez, personal t\u00e8cnic superior<\/li>\n<li>Juan Bautista Llorca Ramis, personal t\u00e8cnic superior<\/li>\n<\/ul>\n<p>Tot aix\u00f2, a l&#8217;empara de l&#8217;article 28 del Reglament d&#8217;Organitzaci\u00f3 i Funcionament del S\u00edndic de Greuges.[\/vc_column_text][\/vc_column][\/vc_row]<\/p>\n<\/div>","protected":false},"excerpt":{"rendered":"<p>[vc_row css=&#8221;.vc_custom_1479455619890{padding-top: 30px !important;}&#8221;][vc_column][vc_column_text]En data 20\/12\/2019 estan vigents compatibilitats per a: Rapha\u00ebl R. Simons Vallejo, personal t\u00e8cnic superior Jos\u00e9 Conrado Moya Mira, personal t\u00e8cnic superior Pedro Jos\u00e9 Garc\u00eda Bevi\u00e1, personal t\u00e8cnic superior Consuelo Catal\u00e1 P\u00e9rez, personal t\u00e8cnic superior Juan Bautista Llorca Ramis, personal t\u00e8cnic superior Tot aix\u00f2, a l&#8217;empara de l&#8217;article 28 del Reglament d&#8217;Organitzaci\u00f3 [&hellip;]<\/p>\n","protected":false},"author":1,"featured_media":0,"parent":1066,"menu_order":0,"comment_status":"closed","ping_status":"closed","template":"","meta":{"footnotes":""},"class_list":["post-1190","page","type-page","status-publish","hentry"],"_links":{"self":[{"href":"https:\/\/www.elsindic.com\/va\/wp-json\/wp\/v2\/pages\/1190"}],"collection":[{"href":"https:\/\/www.elsindic.com\/va\/wp-json\/wp\/v2\/pages"}],"about":[{"href":"https:\/\/www.elsindic.com\/va\/wp-json\/wp\/v2\/types\/page"}],"author":[{"embeddable":true,"href":"https:\/\/www.elsindic.com\/va\/wp-json\/wp\/v2\/users\/1"}],"replies":[{"embeddable":true,"href":"https:\/\/www.elsindic.com\/va\/wp-json\/wp\/v2\/comments?post=1190"}],"version-history":[{"count":7,"href":"https:\/\/www.elsindic.com\/va\/wp-json\/wp\/v2\/pages\/1190\/revisions"}],"predecessor-version":[{"id":29191,"href":"https:\/\/www.elsindic.com\/va\/wp-json\/wp\/v2\/pages\/1190\/revisions\/29191"}],"up":[{"embeddable":true,"href":"https:\/\/www.elsindic.com\/va\/wp-json\/wp\/v2\/pages\/1066"}],"wp:attachment":[{"href":"https:\/\/www.elsindic.com\/va\/wp-json\/wp\/v2\/media?parent=1190"}],"curies":[{"name":"wp","href":"https:\/\/api.w.org\/{rel}","templated":true}]}}