{"id":1196,"date":"2017-02-15T15:31:25","date_gmt":"2017-02-15T15:31:25","guid":{"rendered":"http:\/\/www.elsindic.com\/portal-de-transparencia\/informacio-economica-pressupostaria-i-estadistica\/indicadors-de-qualitat\/"},"modified":"2021-07-26T10:50:23","modified_gmt":"2021-07-26T08:50:23","slug":"indicadors-de-qualitat","status":"publish","type":"page","link":"https:\/\/www.elsindic.com\/va\/portal-de-transparencia\/informacio-economica-pressupostaria-i-estadistica\/indicadors-de-qualitat\/","title":{"rendered":"Indicadors de qualitat"},"content":{"rendered":"<div class=\"wpb-content-wrapper\"><p>[vc_row css=&#8221;.vc_custom_1479455687333{padding-top: 30px !important;}&#8221;][vc_column][vc_column_text]<\/p>\n<ul>\n<li>Comparativa nombre de queixes. Indicadors b\u00e0sics de qualitat. <a href=\"https:\/\/www.elsindic.com\/wp-content\/uploads\/2021\/07\/JUNIO-2021-calidad-jun-castellano.pdf\">Veure m\u00e9s<\/a><\/li>\n<li>Carta de Servicis del S\u00edndic de Greuges (en proc\u00e9s d&#8217;actualitzaci\u00f3).<\/li>\n<\/ul>\n<p>[\/vc_column_text][\/vc_column][\/vc_row]<\/p>\n<\/div>","protected":false},"excerpt":{"rendered":"<p>[vc_row css=&#8221;.vc_custom_1479455687333{padding-top: 30px !important;}&#8221;][vc_column][vc_column_text] Comparativa nombre de queixes. Indicadors b\u00e0sics de qualitat. Veure m\u00e9s Carta de Servicis del S\u00edndic de Greuges (en proc\u00e9s d&#8217;actualitzaci\u00f3). [\/vc_column_text][\/vc_column][\/vc_row]<\/p>\n","protected":false},"author":1,"featured_media":0,"parent":1066,"menu_order":0,"comment_status":"closed","ping_status":"closed","template":"","meta":{"footnotes":""},"class_list":["post-1196","page","type-page","status-publish","hentry"],"_links":{"self":[{"href":"https:\/\/www.elsindic.com\/va\/wp-json\/wp\/v2\/pages\/1196"}],"collection":[{"href":"https:\/\/www.elsindic.com\/va\/wp-json\/wp\/v2\/pages"}],"about":[{"href":"https:\/\/www.elsindic.com\/va\/wp-json\/wp\/v2\/types\/page"}],"author":[{"embeddable":true,"href":"https:\/\/www.elsindic.com\/va\/wp-json\/wp\/v2\/users\/1"}],"replies":[{"embeddable":true,"href":"https:\/\/www.elsindic.com\/va\/wp-json\/wp\/v2\/comments?post=1196"}],"version-history":[{"count":42,"href":"https:\/\/www.elsindic.com\/va\/wp-json\/wp\/v2\/pages\/1196\/revisions"}],"predecessor-version":[{"id":30209,"href":"https:\/\/www.elsindic.com\/va\/wp-json\/wp\/v2\/pages\/1196\/revisions\/30209"}],"up":[{"embeddable":true,"href":"https:\/\/www.elsindic.com\/va\/wp-json\/wp\/v2\/pages\/1066"}],"wp:attachment":[{"href":"https:\/\/www.elsindic.com\/va\/wp-json\/wp\/v2\/media?parent=1196"}],"curies":[{"name":"wp","href":"https:\/\/api.w.org\/{rel}","templated":true}]}}