{"id":15007,"date":"2017-07-03T07:19:00","date_gmt":"2017-07-03T07:19:00","guid":{"rendered":"http:\/\/elsindic.com\/?page_id=15007\/"},"modified":"2017-07-03T08:07:17","modified_gmt":"2017-07-03T08:07:17","slug":"jornada-la-convivencia-en-les-escoles-violencia-assetjament-i-ciberassetjament","status":"publish","type":"page","link":"https:\/\/www.elsindic.com\/va\/publicacions-i-descarregues\/jornada-la-convivencia-en-les-escoles-violencia-assetjament-i-ciberassetjament\/","title":{"rendered":"Jornada la Conviv\u00e8ncia en les Escoles: Viol\u00e8ncia, Assetjament i Ciberassetjament"},"content":{"rendered":"<div class=\"wpb-content-wrapper\"><p>[vc_row css=&#8221;.vc_custom_1499069234594{padding-top: 30px !important;}&#8221;][vc_column][vc_column_text]<\/p>\n<ul>\n<li><a href=\"\/documentos\/616_valPROGRAMAjornadainf\u00e0ncia2016.pdf\">Programa de la Jornada<\/a><\/li>\n<li><a href=\"https:\/\/www.youtube.com\/watch?v=M3jNfDFAaKU&amp;t=24s\">V\u00eddeo presentaci\u00f3 i pon\u00e8ncia inaugural<\/a> a c\u00e0rrec de Miguel Soler<\/li>\n<li><a href=\"https:\/\/www.youtube.com\/watch?v=IjEpDXFizYw&amp;t=21s\">V\u00eddeo Xarrada col\u00b7loqui programa KiVa i Tutoria entre Iguals<\/a>, amb la intervenci\u00f3 de Blanca L\u00f3pez i Andr\u00e9s Gonz\u00e1lez<\/li>\n<li><a href=\"https:\/\/www.youtube.com\/watch?v=FNaaRl06ht0&amp;t=670s\">V\u00eddeo bones pr\u00e0ctiques. Experi\u00e8ncia de l&#8217;IES La Foia d&#8217;Elx<\/a>. Clausura a c\u00e0rrec de Jos\u00e9 Cholbi<\/li>\n<\/ul>\n<p>[\/vc_column_text][\/vc_column][\/vc_row]<\/p>\n<\/div>","protected":false},"excerpt":{"rendered":"<p>[vc_row css=&#8221;.vc_custom_1499069234594{padding-top: 30px !important;}&#8221;][vc_column][vc_column_text] Programa de la Jornada V\u00eddeo presentaci\u00f3 i pon\u00e8ncia inaugural a c\u00e0rrec de Miguel Soler V\u00eddeo Xarrada col\u00b7loqui programa KiVa i Tutoria entre Iguals, amb la intervenci\u00f3 de Blanca L\u00f3pez i Andr\u00e9s Gonz\u00e1lez V\u00eddeo bones pr\u00e0ctiques. Experi\u00e8ncia de l&#8217;IES La Foia d&#8217;Elx. Clausura a c\u00e0rrec de Jos\u00e9 Cholbi [\/vc_column_text][\/vc_column][\/vc_row]<\/p>\n","protected":false},"author":1,"featured_media":0,"parent":10684,"menu_order":0,"comment_status":"closed","ping_status":"closed","template":"","meta":{"footnotes":""},"class_list":["post-15007","page","type-page","status-publish","hentry"],"_links":{"self":[{"href":"https:\/\/www.elsindic.com\/va\/wp-json\/wp\/v2\/pages\/15007"}],"collection":[{"href":"https:\/\/www.elsindic.com\/va\/wp-json\/wp\/v2\/pages"}],"about":[{"href":"https:\/\/www.elsindic.com\/va\/wp-json\/wp\/v2\/types\/page"}],"author":[{"embeddable":true,"href":"https:\/\/www.elsindic.com\/va\/wp-json\/wp\/v2\/users\/1"}],"replies":[{"embeddable":true,"href":"https:\/\/www.elsindic.com\/va\/wp-json\/wp\/v2\/comments?post=15007"}],"version-history":[{"count":2,"href":"https:\/\/www.elsindic.com\/va\/wp-json\/wp\/v2\/pages\/15007\/revisions"}],"predecessor-version":[{"id":15065,"href":"https:\/\/www.elsindic.com\/va\/wp-json\/wp\/v2\/pages\/15007\/revisions\/15065"}],"up":[{"embeddable":true,"href":"https:\/\/www.elsindic.com\/va\/wp-json\/wp\/v2\/pages\/10684"}],"wp:attachment":[{"href":"https:\/\/www.elsindic.com\/va\/wp-json\/wp\/v2\/media?parent=15007"}],"curies":[{"name":"wp","href":"https:\/\/api.w.org\/{rel}","templated":true}]}}