{"id":15019,"date":"2017-07-03T07:25:25","date_gmt":"2017-07-03T07:25:25","guid":{"rendered":"http:\/\/elsindic.com\/?page_id=15019\/"},"modified":"2017-09-26T10:53:40","modified_gmt":"2017-09-26T10:53:40","slug":"xxvii-jornades-de-coordinacio-de-defensors-del-poble-la-proteccio-de-les-persones-amb-malaltia-mental","status":"publish","type":"page","link":"https:\/\/www.elsindic.com\/va\/publicacions-i-descarregues\/xxvii-jornades-de-coordinacio-de-defensors-del-poble-la-proteccio-de-les-persones-amb-malaltia-mental\/","title":{"rendered":"XXVII Jornades de Coordinaci\u00f3 de Defensors del Poble. La protecci\u00f3 de les persones amb malaltia mental"},"content":{"rendered":"<div class=\"wpb-content-wrapper\"><p>[vc_row css=&#8221;.vc_custom_1499069369058{padding-top: 30px !important;}&#8221;][vc_column][vc_column_text]Les defensories del poble espanyoles, reunides a Saragossa durant els dies 19 i 20 de juny de 2012 en el marc de les XXVII Jornades de Coordinaci\u00f3, han analitzat la situaci\u00f3 de les persones amb malaltia mental.<\/p>\n<p>Els problemes de les persones amb malaltia mental demanen que els defensors facen una reflexi\u00f3 en com\u00fa per a posar en relleu els d\u00e8ficits detectats en l\u2019atenci\u00f3 que les diverses administracions p\u00fabliques els atorguen, i incidir en aquelles propostes de millora que permeten assolir un gaudi efectiu dels seus drets.<\/p>\n<p>Les sessions s\u2019han desenvolupat al voltant de tres tallers, amb els continguts i les conclusions seg\u00fcents:<\/p>\n<ul>\n<li><a title=\"vegeu pdf en castell\u00e0 (548 KB)\" href=\"\/documentos\/379_Taller%20I%20Tratamiento%20penal%20procesal%20y%20penitenciario%20del%20enfermo%20mental1.pdf\">Taller I. El tractament penal, processal i penitenciari del malalt mental<\/a><\/li>\n<li><a title=\"vegeu pdf en castell\u00e0 (806 KB)\" href=\"\/documentos\/380_Taller%20II%20Tratamientos%20involuntarios%20en%20el%20\u00e1mbito%20de%20la%20salud%20mental1.pdf\">Taller II. Tractaments involuntaris en l&#8217;\u00e0mbit de la salut mental<\/a><\/li>\n<li><a title=\"vegeu pdf en castell\u00e0 (866 KB)\" href=\"\/documentos\/381_Taller%20III%20Enfermedad%20mental%20y%20colectivos%20especiales%20de%20j\u00f3venes%20y%20mayores1.pdf\">Taller III. Persones amb malaltia metal i col\u00b7lectius especials de joves i majors<\/a><\/li>\n<\/ul>\n<p>[\/vc_column_text][\/vc_column][\/vc_row]<\/p>\n<\/div>","protected":false},"excerpt":{"rendered":"<p>[vc_row css=&#8221;.vc_custom_1499069369058{padding-top: 30px !important;}&#8221;][vc_column][vc_column_text]Les defensories del poble espanyoles, reunides a Saragossa durant els dies 19 i 20 de juny de 2012 en el marc de les XXVII Jornades de Coordinaci\u00f3, han analitzat la situaci\u00f3 de les persones amb malaltia mental. Els problemes de les persones amb malaltia mental demanen que els defensors facen una reflexi\u00f3 [&hellip;]<\/p>\n","protected":false},"author":1,"featured_media":0,"parent":10684,"menu_order":0,"comment_status":"closed","ping_status":"closed","template":"","meta":{"footnotes":""},"class_list":["post-15019","page","type-page","status-publish","hentry"],"_links":{"self":[{"href":"https:\/\/www.elsindic.com\/va\/wp-json\/wp\/v2\/pages\/15019"}],"collection":[{"href":"https:\/\/www.elsindic.com\/va\/wp-json\/wp\/v2\/pages"}],"about":[{"href":"https:\/\/www.elsindic.com\/va\/wp-json\/wp\/v2\/types\/page"}],"author":[{"embeddable":true,"href":"https:\/\/www.elsindic.com\/va\/wp-json\/wp\/v2\/users\/1"}],"replies":[{"embeddable":true,"href":"https:\/\/www.elsindic.com\/va\/wp-json\/wp\/v2\/comments?post=15019"}],"version-history":[{"count":4,"href":"https:\/\/www.elsindic.com\/va\/wp-json\/wp\/v2\/pages\/15019\/revisions"}],"predecessor-version":[{"id":15332,"href":"https:\/\/www.elsindic.com\/va\/wp-json\/wp\/v2\/pages\/15019\/revisions\/15332"}],"up":[{"embeddable":true,"href":"https:\/\/www.elsindic.com\/va\/wp-json\/wp\/v2\/pages\/10684"}],"wp:attachment":[{"href":"https:\/\/www.elsindic.com\/va\/wp-json\/wp\/v2\/media?parent=15019"}],"curies":[{"name":"wp","href":"https:\/\/api.w.org\/{rel}","templated":true}]}}