{"id":15025,"date":"2017-07-03T07:27:37","date_gmt":"2017-07-03T07:27:37","guid":{"rendered":"http:\/\/elsindic.com\/?page_id=15025\/"},"modified":"2017-09-26T10:52:39","modified_gmt":"2017-09-26T10:52:39","slug":"jornada-sobre-pobresa-i-exclusio-social","status":"publish","type":"page","link":"https:\/\/www.elsindic.com\/va\/publicacions-i-descarregues\/jornada-sobre-pobresa-i-exclusio-social\/","title":{"rendered":"Jornada sobre Pobresa i Exclusi\u00f3 Social"},"content":{"rendered":"<div class=\"wpb-content-wrapper\"><p>[vc_row css=&#8221;.vc_custom_1499069345681{padding-top: 30px !important;}&#8221;][vc_column][vc_column_text]El S\u00edndic de Greuges de la Comunitat Valenciana va organitzar el 27 de gener de 2011 una Jornada sobre Pobresa i Exclusi\u00f3 Social. La trobada, a la qual assistiren m\u00e9s de 200 persones, pretenia invitar a la reflexi\u00f3 sobre les diverses facetes de la pobresa i els problemes que comporta: precarietat de l\u2019habitatge o mancan\u00e7a de llar; acc\u00e9s limitat a l\u2019atenci\u00f3 sanit\u00e0ria i l\u2019educaci\u00f3; exclusi\u00f3 financera i endeutament excessiu; o acc\u00e9s limitat a la tecnologia moderna.<\/p>\n<p>A causa de la gran quantitat de persones que no van poder assistir a la Jornada per problemes de capacitat de la sala, el S\u00edndic posa a disposici\u00f3 de tothom el v\u00eddeo i algunes intervencions de la trobada en l&#8217;idioma original.<\/p>\n<p><a title=\"Veure programa de la jornada sobre pobreza y exclusi\u00f3 social en pdf (16 KB)\" href=\"\/documentos\/320_programa.pdf\">Programa de la Jornada<\/a><\/p>\n<p>V\u00eddeo de la Jornada:<\/p>\n<ul>\n<li><a href=\"\/va\/video-de-la-inauguracion-de-la-jornada-sobre-pobresa-i-exclusio-social.html\">Inauguraci\u00f3<\/a><\/li>\n<li><a href=\"\/va\/video-de-la-conferencia-d-arcadi-oliveres.html\">Confer\u00e8ncia d&#8217;Arcadi Oliveres<\/a><\/li>\n<li><a href=\"\/va\/video-taula-redona:-mecanismes-de-proteccio-social.html\">Taula redona: Mecanismes de protecci\u00f3 social<\/a><\/li>\n<li><a href=\"\/va\/video-de-la-taula-redona:-pobresa-i-exclusio-social-a-la-comunitat-valenciana.html\">Taula redona: Pobresa i exclusi\u00f3 social a la Comunitat Valenciana<\/a><\/li>\n<li><a href=\"\/va\/video-cloenda-jornada-pobresa-i-exclusio-social.html\">Cloenda<\/a><\/li>\n<\/ul>\n<p>Intervencions dels ponents:<\/p>\n<ul>\n<li><a title=\"veure pdf intervenci\u00f3 (87KB)\" href=\"\/documentos\/331_Intervenci\u00f3n Jos\u00e9 Conrado Moya.pdf\" hreflang=\"es\">Conrado Moya<\/a><\/li>\n<li><a title=\"veure pdf intervenci\u00f3 (11KB)\" href=\"\/documentos\/333_Intervenci\u00f3n de Luis Poveda.pdf\" hreflang=\"es\">Luis Poveda<\/a><\/li>\n<li><a title=\"veure pdf intervenci\u00f3 (29 KB)\" href=\"\/documentos\/334_Intervenci\u00f3n de Jaime Valcaneras.pdf\" hreflang=\"es\">Jaime Valcaneras<\/a><\/li>\n<li><a title=\"veure pdf intervenci\u00f3 (61KB)\" href=\"\/documentos\/335_Intervenci\u00f3n Manuel Samper.pdf\" hreflang=\"es\">Manuel Semper<\/a><\/li>\n<li><a title=\"veure pdf intervenci\u00f3 (576KB)\" href=\"\/documentos\/332_Intervenci\u00f3n de Silvia Ferr\u00e1ndis.pdf\" hreflang=\"es\">Silvia Ferr\u00e1ndis<\/a><\/li>\n<\/ul>\n<p>[\/vc_column_text][\/vc_column][\/vc_row]<\/p>\n<\/div>","protected":false},"excerpt":{"rendered":"<p>[vc_row css=&#8221;.vc_custom_1499069345681{padding-top: 30px !important;}&#8221;][vc_column][vc_column_text]El S\u00edndic de Greuges de la Comunitat Valenciana va organitzar el 27 de gener de 2011 una Jornada sobre Pobresa i Exclusi\u00f3 Social. La trobada, a la qual assistiren m\u00e9s de 200 persones, pretenia invitar a la reflexi\u00f3 sobre les diverses facetes de la pobresa i els problemes que comporta: precarietat de [&hellip;]<\/p>\n","protected":false},"author":1,"featured_media":0,"parent":10684,"menu_order":0,"comment_status":"closed","ping_status":"closed","template":"","meta":{"footnotes":""},"class_list":["post-15025","page","type-page","status-publish","hentry"],"_links":{"self":[{"href":"https:\/\/www.elsindic.com\/va\/wp-json\/wp\/v2\/pages\/15025"}],"collection":[{"href":"https:\/\/www.elsindic.com\/va\/wp-json\/wp\/v2\/pages"}],"about":[{"href":"https:\/\/www.elsindic.com\/va\/wp-json\/wp\/v2\/types\/page"}],"author":[{"embeddable":true,"href":"https:\/\/www.elsindic.com\/va\/wp-json\/wp\/v2\/users\/1"}],"replies":[{"embeddable":true,"href":"https:\/\/www.elsindic.com\/va\/wp-json\/wp\/v2\/comments?post=15025"}],"version-history":[{"count":5,"href":"https:\/\/www.elsindic.com\/va\/wp-json\/wp\/v2\/pages\/15025\/revisions"}],"predecessor-version":[{"id":15331,"href":"https:\/\/www.elsindic.com\/va\/wp-json\/wp\/v2\/pages\/15025\/revisions\/15331"}],"up":[{"embeddable":true,"href":"https:\/\/www.elsindic.com\/va\/wp-json\/wp\/v2\/pages\/10684"}],"wp:attachment":[{"href":"https:\/\/www.elsindic.com\/va\/wp-json\/wp\/v2\/media?parent=15025"}],"curies":[{"name":"wp","href":"https:\/\/api.w.org\/{rel}","templated":true}]}}