{"id":15037,"date":"2017-07-03T07:32:27","date_gmt":"2017-07-03T07:32:27","guid":{"rendered":"http:\/\/elsindic.com\/?page_id=15037\/"},"modified":"2017-09-26T10:50:55","modified_gmt":"2017-09-26T10:50:55","slug":"jornada-dones-en-la-immigracio-2007","status":"publish","type":"page","link":"https:\/\/www.elsindic.com\/va\/publicacions-i-descarregues\/jornada-dones-en-la-immigracio-2007\/","title":{"rendered":"Jornada Dones en la Immigraci\u00f3 (2007)"},"content":{"rendered":"<div class=\"wpb-content-wrapper\"><p>[vc_row css=&#8221;.vc_custom_1499069300608{padding-top: 30px !important;}&#8221;][vc_column][vc_column_text]Aquesta jornada, organitzada per la instituci\u00f3 del S\u00edndic de Greuges de la Comunitat Valenciana, es va dur a terme el 10 de desembre de 2007 a la Universitat Internacional Men\u00e9ndez Pelayo de Val\u00e8ncia. L\u2019objectiu principal era acostar de manera directa les administracions a la problem\u00e0tica que afecta les dones immigrants en la nostra societat, com tamb\u00e9 reflexionar sobre la vulnerabilitat d\u2019aquest col\u00b7lectiu davant de situacions de viol\u00e8ncia, ab\u00fas i violaci\u00f3 sistem\u00e0tica dels seus drets.<\/p>\n<p>Seguidament facilitem, en format pdf, les principals pon\u00e8ncies -a m\u00e9s de les conclusions que van elaborar les persones que hi van participar- les quals van ser remeses a les administracions implicades i als mitjans de comunicaci\u00f3.<\/p>\n<ul>\n<li><a title=\"vegeu pdf en castell\u00e0 (18 kb)\" href=\"\/documentos\/369_discurso%20emilia.pdf\">Discurs d&#8217;obertura d&#8217;Emilia Caballero<\/a>, s\u00edndica de Greuges <acronym title=\"en funcions\">e.f<\/acronym>.<\/li>\n<li><a title=\"vegeu pdf en castell\u00e0 (126 kbs)\" href=\"\/documentos\/370_miguel%20lorente.ponencia.pdf\">Pon\u00e8ncia marc de Miguel Lorente<\/a>, director general d&#8217;Assist\u00e8ncia Jur\u00eddica a V\u00edctimes de Viol\u00e8ncia de G\u00e8nere de la Junta d&#8217;Andalusia<\/li>\n<li><a title=\"vegeu pdf (226 kbs) en castell\u00e0\" href=\"\/documentos\/371_conclusiones.pdf\">Conclusions<\/a><\/li>\n<\/ul>\n<p>[\/vc_column_text][\/vc_column][\/vc_row]<\/p>\n<\/div>","protected":false},"excerpt":{"rendered":"<p>[vc_row css=&#8221;.vc_custom_1499069300608{padding-top: 30px !important;}&#8221;][vc_column][vc_column_text]Aquesta jornada, organitzada per la instituci\u00f3 del S\u00edndic de Greuges de la Comunitat Valenciana, es va dur a terme el 10 de desembre de 2007 a la Universitat Internacional Men\u00e9ndez Pelayo de Val\u00e8ncia. L\u2019objectiu principal era acostar de manera directa les administracions a la problem\u00e0tica que afecta les dones immigrants en la [&hellip;]<\/p>\n","protected":false},"author":1,"featured_media":0,"parent":10684,"menu_order":0,"comment_status":"closed","ping_status":"closed","template":"","meta":{"footnotes":""},"class_list":["post-15037","page","type-page","status-publish","hentry"],"_links":{"self":[{"href":"https:\/\/www.elsindic.com\/va\/wp-json\/wp\/v2\/pages\/15037"}],"collection":[{"href":"https:\/\/www.elsindic.com\/va\/wp-json\/wp\/v2\/pages"}],"about":[{"href":"https:\/\/www.elsindic.com\/va\/wp-json\/wp\/v2\/types\/page"}],"author":[{"embeddable":true,"href":"https:\/\/www.elsindic.com\/va\/wp-json\/wp\/v2\/users\/1"}],"replies":[{"embeddable":true,"href":"https:\/\/www.elsindic.com\/va\/wp-json\/wp\/v2\/comments?post=15037"}],"version-history":[{"count":3,"href":"https:\/\/www.elsindic.com\/va\/wp-json\/wp\/v2\/pages\/15037\/revisions"}],"predecessor-version":[{"id":15329,"href":"https:\/\/www.elsindic.com\/va\/wp-json\/wp\/v2\/pages\/15037\/revisions\/15329"}],"up":[{"embeddable":true,"href":"https:\/\/www.elsindic.com\/va\/wp-json\/wp\/v2\/pages\/10684"}],"wp:attachment":[{"href":"https:\/\/www.elsindic.com\/va\/wp-json\/wp\/v2\/media?parent=15037"}],"curies":[{"name":"wp","href":"https:\/\/api.w.org\/{rel}","templated":true}]}}