{"id":15515,"date":"2017-09-18T14:45:04","date_gmt":"2017-09-18T14:45:04","guid":{"rendered":"http:\/\/www.elsindic.com\/portal-de-transparencia\/perfil\/"},"modified":"2025-01-09T08:31:46","modified_gmt":"2025-01-09T07:31:46","slug":"perfil-del-contractant","status":"publish","type":"page","link":"https:\/\/www.elsindic.com\/va\/portal-de-transparencia\/perfil-del-contractant\/","title":{"rendered":"Perfil del contractant"},"content":{"rendered":"<div class=\"wpb-content-wrapper\"><p>[vc_row css=&#8221;.vc_custom_1497009010595{margin-top: 30px !important;}&#8221;][vc_column][vc_column_text css=&#8221;.vc_custom_1736407904277{background-position: center !important;background-repeat: no-repeat !important;background-size: cover !important;border-radius: 1px !important;}&#8221;]<\/p>\n<h3>Comunicaci\u00f3 amb l&#8217;\u00f2rgan de contractaci\u00f3<\/h3>\n<p>Nom: <span lang=\"ca\" xml:lang=\"ca\">S\u00edndic de Greuges de la Comunitat Valenciana<\/span><\/p>\n<p><acronym lang=\"es\" title=\"C\u00f3digo de Identificaci\u00f3n Fiscal\" xml:lang=\"es\">CIF<\/acronym>: Q 5350006-B<\/p>\n<p>Adre\u00e7a: carrer Pascual Blasco, n\u00fam. 1 &#8211; 03001 Alacant<\/p>\n<p>Tel\u00e8fon: (+34) 965 937 500<\/p>\n<p>Fax: (+34) 965 937 554<\/p>\n<p>Web: <a title=\"ir a la p\u00e1gina web del S\u00edndic de Greuges\" href=\"http:\/\/www.elsindic.com\/\">http:\/\/www.elsindic.com<\/a><\/p>\n<p>C\u00f3digo DIR3: I00000183<\/p>\n<p>Portal de contractaci\u00f3 electr\u00f2nica: <a href=\"https:\/\/www.elsindic.com\/licitacion-electronica\" target=\"_blank\" rel=\"noopener noreferrer\">https:\/\/www.elsindic.com\/licitacion-electronica<\/a><\/p>\n<p>Correu electr\u00f2nic: <a title=\"Enviar un correo electr\u00f3nico al S\u00edndic de Greuges\" href=\"mailto:sindicdegreuges@elsindic.com\">sindicdegreuges@elsindic.com<\/a><\/p>\n<p>Activitat de contractaci\u00f3 del S\u00edndic de Greuges:<\/p>\n<ul>\n<li>Relaci\u00f3n contractes menors adjudicats per la Instituci\u00f3 S\u00edndic de Greuges\n<ul>\n<li>2019: <a href=\"https:\/\/www.elsindic.com\/wp-content\/uploads\/2019\/05\/20190523142522-1.pdf\">Adjudicats de l&#8217;01\/01\/2019 al 15\/05\/2019<\/a> | <a href=\"https:\/\/www.elsindic.com\/wp-content\/uploads\/2019\/05\/20190523142522-1.pdf\">Adjudicats del 15\/05\/2019 al 31\/12\/2019<\/a><\/li>\n<li>2020: <a href=\"https:\/\/www.elsindic.com\/wp-content\/uploads\/2020\/12\/2020-contratos-menores-1T.pdf\">Primer trimestre<\/a> | <a href=\"https:\/\/www.elsindic.com\/wp-content\/uploads\/2019\/05\/20190523142522-1.pdf\">Segon trimestre<\/a> | <a href=\"https:\/\/www.elsindic.com\/wp-content\/uploads\/2020\/10\/2020-contratos-menores-3T.pdf\">Tercer trimestre<\/a> | <a href=\"https:\/\/www.elsindic.com\/wp-content\/uploads\/2021\/03\/2020-contratos-menores-4T.pdf\" target=\"_blank\" rel=\"noopener\">Quart trimestre<\/a><\/li>\n<li>2021: <a href=\"https:\/\/www.elsindic.com\/wp-content\/uploads\/2021\/12\/2021-contratos-menores-1T.pdf\" target=\"_blank\" rel=\"noopener\">Primer trimestre<\/a> | <a href=\"https:\/\/www.elsindic.com\/wp-content\/uploads\/2021\/12\/2021-contratos-menores-2T.pdf\" target=\"_blank\" rel=\"noopener\">Segon trimestre<\/a> |<a href=\"https:\/\/www.elsindic.com\/wp-content\/uploads\/2021\/12\/2021-contratos-menores-3T.pdf\" target=\"_blank\" rel=\"noopener\">Tercer trimestre<\/a> | <a href=\"https:\/\/www.elsindic.com\/wp-content\/uploads\/2022\/03\/2021-contratos-menores-4T.pdf\" target=\"_blank\" rel=\"noopener\">Quart trimestre <\/a><\/li>\n<li>2022: <a href=\"https:\/\/www.elsindic.com\/wp-content\/uploads\/2022\/07\/2022-contratos-menores-1T.pdf\" target=\"_blank\" rel=\"noopener\">Primer trimestre<\/a> | <a href=\"https:\/\/www.elsindic.com\/wp-content\/uploads\/2022\/07\/2022-contratos-menores-2T.pdf\" target=\"_blank\" rel=\"noopener\">Segon trimestre<\/a> | <a href=\"https:\/\/www.elsindic.com\/wp-content\/uploads\/2022\/10\/2022-contratos-menores-3T.pdf\" target=\"_blank\" rel=\"noopener\">Tercer trimestre<\/a> | <a href=\"https:\/\/www.elsindic.com\/wp-content\/uploads\/2023\/02\/2022-contratos-menores-4T.pdf\" target=\"_blank\" rel=\"noopener\">Quart trimestre<\/a><\/li>\n<li>2023: <a href=\"https:\/\/www.elsindic.com\/wp-content\/uploads\/2024\/01\/contratos-menores-2023.xlsx\" target=\"_blank\" rel=\"noopener\">Contractes menors<\/a><\/li>\n<li>2024: <a href=\"https:\/\/www.elsindic.com\/wp-content\/uploads\/2025\/01\/contratos-menores-2024.xlsx\" target=\"_blank\" rel=\"noopener\">Contractes menors<\/a><\/li>\n<\/ul>\n<\/li>\n<li>Contractes publicats en la <a href=\"https:\/\/contrataciondelestado.es\/wps\/portal\/!ut\/p\/b0\/04_Sj9CPykssy0xPLMnMz0vMAfIjU1JTC3Iy87KtClKL0jJznPPzSooSSxLzSlL1w_Wj9KMyU5wK9CMrA93czCK0S9MyDAK9jUJc0yLcK7UdbW31C3JzHQED0_G1\/\" target=\"_blank\" rel=\"noopener\">Plataforma de contractaci\u00f3<\/a><\/li>\n<li>Contractes publicats en la <a href=\"https:\/\/community.vortal.biz\/public\/?SkinName=sindicdegreuges&amp;Page=login&amp;AuthorityVat=Q5350006B&amp;currentLanguage=ca\">Plataforma de contractaci\u00f3 del S\u00edndic de Greuges<\/a>.<\/li>\n<li>Plans anuals de contractaci\u00f3\n<ul>\n<li>2022: <a href=\"https:\/\/www.elsindic.com\/wp-content\/uploads\/2022\/01\/pla-anual-contractacio-2022.pdf\" target=\"blank\" rel=\"noopener\">Pla anual de contractaci\u00f3<\/a> | <a href=\"https:\/\/www.elsindic.com\/wp-content\/uploads\/2022\/01\/resolucio-pla-anual-contractacio-2022.pdf\" target=\"blank\" rel=\"noopener\">Resoluci\u00f3<\/a><\/li>\n<li>2023: <a href=\"https:\/\/www.elsindic.com\/wp-content\/uploads\/2023\/09\/pla-anual-contractacio-2022.pdf\" target=\"blank\" rel=\"noopener\">Pla anual de contractaci\u00f3<\/a> | <a href=\"https:\/\/www.elsindic.com\/wp-content\/uploads\/2023\/09\/resolucio-pla-anual-contractacio-2022.pdf\" target=\"blank\" rel=\"noopener\">Resoluci\u00f3<\/a><\/li>\n<\/ul>\n<\/li>\n<li>Contractes modificats\n<ul>\n<li>2023:\u00a0<a href=\"https:\/\/www.elsindic.com\/wp-content\/uploads\/2023\/02\/modificacion-contrato-con21-11-fotocopiadoras.pdf\" target=\"blank\" rel=\"noopener\">Modificaci\u00f3 contracte con21 11 fotocopiadoras<\/a><\/li>\n<li>2024:\u00a0<a href=\"https:\/\/www.elsindic.com\/wp-content\/uploads\/2024\/11\/modificacion-contrato-con23-11-bienes-muebles-inmuebles.pdf\" target=\"_blank\" rel=\"noopener\">Modificaci\u00f3 contracte con23.11 bienes muebles e inmuebles<\/a><\/li>\n<\/ul>\n<\/li>\n<\/ul>\n<p>[\/vc_column_text][\/vc_column][\/vc_row]<\/p>\n<\/div>","protected":false},"excerpt":{"rendered":"<p>[vc_row css=&#8221;.vc_custom_1497009010595{margin-top: 30px !important;}&#8221;][vc_column][vc_column_text css=&#8221;.vc_custom_1736407904277{background-position: center !important;background-repeat: no-repeat !important;background-size: cover !important;border-radius: 1px !important;}&#8221;] Comunicaci\u00f3 amb l&#8217;\u00f2rgan de contractaci\u00f3 Nom: S\u00edndic de Greuges de la Comunitat Valenciana CIF: Q 5350006-B Adre\u00e7a: carrer Pascual Blasco, n\u00fam. 1 &#8211; 03001 Alacant Tel\u00e8fon: (+34) 965 937 500 Fax: (+34) 965 937 554 Web: http:\/\/www.elsindic.com C\u00f3digo DIR3: I00000183 Portal de [&hellip;]<\/p>\n","protected":false},"author":1,"featured_media":0,"parent":678,"menu_order":0,"comment_status":"closed","ping_status":"closed","template":"","meta":{"footnotes":""},"class_list":["post-15515","page","type-page","status-publish","hentry"],"_links":{"self":[{"href":"https:\/\/www.elsindic.com\/va\/wp-json\/wp\/v2\/pages\/15515"}],"collection":[{"href":"https:\/\/www.elsindic.com\/va\/wp-json\/wp\/v2\/pages"}],"about":[{"href":"https:\/\/www.elsindic.com\/va\/wp-json\/wp\/v2\/types\/page"}],"author":[{"embeddable":true,"href":"https:\/\/www.elsindic.com\/va\/wp-json\/wp\/v2\/users\/1"}],"replies":[{"embeddable":true,"href":"https:\/\/www.elsindic.com\/va\/wp-json\/wp\/v2\/comments?post=15515"}],"version-history":[{"count":68,"href":"https:\/\/www.elsindic.com\/va\/wp-json\/wp\/v2\/pages\/15515\/revisions"}],"predecessor-version":[{"id":33351,"href":"https:\/\/www.elsindic.com\/va\/wp-json\/wp\/v2\/pages\/15515\/revisions\/33351"}],"up":[{"embeddable":true,"href":"https:\/\/www.elsindic.com\/va\/wp-json\/wp\/v2\/pages\/678"}],"wp:attachment":[{"href":"https:\/\/www.elsindic.com\/va\/wp-json\/wp\/v2\/media?parent=15515"}],"curies":[{"name":"wp","href":"https:\/\/api.w.org\/{rel}","templated":true}]}}