{"id":15599,"date":"2018-02-26T09:18:27","date_gmt":"2018-02-26T08:18:27","guid":{"rendered":"http:\/\/www.elsindic.com\/?page_id=15599\/"},"modified":"2021-03-08T18:07:12","modified_gmt":"2021-03-08T17:07:12","slug":"avis-legal","status":"publish","type":"page","link":"https:\/\/www.elsindic.com\/va\/avis-legal\/","title":{"rendered":"Av\u00eds legal"},"content":{"rendered":"<p>El domini en Internet &#8220;elsindic.com&#8221; \u00e9s titularitat del S\u00edndic de Greuges de la Comunitat Valenciana, carrer de Pasqual Blasco,\u00a0n\u00fam.\u00a01, 03001 Alacant, Espanya, tel\u00e8fon (+34) 965 93 75 00. Fax: (+34) 965 93 75 54. Correu electr\u00f2nic: <a href=\"mailto:sindicdegreuges@elsindic.com\">sindicdegreuges@elsindic.com<\/a>.\u00a0CIF: Q5350006B.<\/p>\n<p>Este \u00e9s un lloc web que el S\u00edndic de Greuges de la Comunitat Valenciana posa a disposici\u00f3 de les persones usu\u00e0ries de la xarxa Internet. El seu objectiu \u00e9s facilitar l&#8217;acc\u00e9s a la informaci\u00f3 i als servicis que presta la instituci\u00f3, i al mateix temps donar projecci\u00f3 al S\u00edndic, el defensor dels ciutadans i de les ciutadanes, i a la seua activitat.<\/p>\n<p>La web i tots els seus continguts, inclosos els textos, les imatges, el so, les bases de dades i qualsevol altre material, s\u00f3n propietat del S\u00edndic de Greuges de la Comunitat Valenciana, d&#8217;algun organisme vinculat a esta instituci\u00f3 o b\u00e9 de tercers que n&#8217;hagen autoritzat l&#8217;\u00fas.<\/p>\n<p>Tots els drets d&#8217;esta web estan reservats. No es permet modificar el lloc web ni els seus continguts.<\/p>\n<p>El S\u00edndic de Greuges de la Comunitat Valenciana complir\u00e0 de manera estricta la normativa vigent a cada moment sobre la protecci\u00f3 de dades de car\u00e0cter personal, adoptar\u00e0 les mesures legalment exigibles per a la protecci\u00f3 de les dades de car\u00e0cter personal de la persona usu\u00e0ria i en preservar\u00e0 la privacitat i confidencialitat.<\/p>\n<p>La informaci\u00f3 administrativa facilitada a trav\u00e9s d&#8217;esta web no substitu\u00efx la publicitat legal de les lleis, de les disposicions generals i dels actes que hagen de ser publicats formalment en el\u00a0DOCV\u00a0i en altres diaris oficials, que s\u00f3n l&#8217;\u00fanic instrument que en d\u00f3na fe de l&#8217;autenticitat i contingut.<\/p>\n<p>El S\u00edndic de Greuges de la Comunitat Valenciana no es fa responsable del contingut, l&#8217;exactitud i l&#8217;actualitzaci\u00f3 de la informaci\u00f3 que prov\u00e9 d&#8217;altres persones f\u00edsiques o jur\u00eddiques i que conste al lloc web, o d&#8217;aquella a qu\u00e8 es remeta a partir d&#8217;enlla\u00e7os a sistemes externs.<\/p>\n<p>El S\u00edndic de Greuges de la Comunitat Valenciana no garantix que la web i el servidor estiguen llibres de virus i no es fa responsable dels danys causats per l&#8217;acc\u00e9s al lloc web o per la impossibilitat d&#8217;accedir-hi.<\/p>\n<p>En cap cas les galetes (cookies) o altres mitjans de naturalesa an\u00e0loga que es puguen utilitzar serviran per a emmagatzemar informaci\u00f3 que permeta identificar la persona f\u00edsica usu\u00e0ria de la web.<\/p>\n","protected":false},"excerpt":{"rendered":"<p>El domini en Internet &#8220;elsindic.com&#8221; \u00e9s titularitat del S\u00edndic de Greuges de la Comunitat Valenciana, carrer de Pasqual Blasco,\u00a0n\u00fam.\u00a01, 03001 Alacant, Espanya, tel\u00e8fon (+34) 965 93 75 00. Fax: (+34) 965 93 75 54. Correu electr\u00f2nic: sindicdegreuges@elsindic.com.\u00a0CIF: Q5350006B. Este \u00e9s un lloc web que el S\u00edndic de Greuges de la Comunitat Valenciana posa a disposici\u00f3 [&hellip;]<\/p>\n","protected":false},"author":1,"featured_media":0,"parent":0,"menu_order":0,"comment_status":"closed","ping_status":"closed","template":"","meta":{"footnotes":""},"class_list":["post-15599","page","type-page","status-publish","hentry"],"_links":{"self":[{"href":"https:\/\/www.elsindic.com\/va\/wp-json\/wp\/v2\/pages\/15599"}],"collection":[{"href":"https:\/\/www.elsindic.com\/va\/wp-json\/wp\/v2\/pages"}],"about":[{"href":"https:\/\/www.elsindic.com\/va\/wp-json\/wp\/v2\/types\/page"}],"author":[{"embeddable":true,"href":"https:\/\/www.elsindic.com\/va\/wp-json\/wp\/v2\/users\/1"}],"replies":[{"embeddable":true,"href":"https:\/\/www.elsindic.com\/va\/wp-json\/wp\/v2\/comments?post=15599"}],"version-history":[{"count":7,"href":"https:\/\/www.elsindic.com\/va\/wp-json\/wp\/v2\/pages\/15599\/revisions"}],"predecessor-version":[{"id":29987,"href":"https:\/\/www.elsindic.com\/va\/wp-json\/wp\/v2\/pages\/15599\/revisions\/29987"}],"wp:attachment":[{"href":"https:\/\/www.elsindic.com\/va\/wp-json\/wp\/v2\/media?parent=15599"}],"curies":[{"name":"wp","href":"https:\/\/api.w.org\/{rel}","templated":true}]}}