{"id":15600,"date":"2018-01-03T11:09:30","date_gmt":"2018-01-03T11:09:30","guid":{"rendered":"http:\/\/www.elsindic.com\/?page_id=15600\/"},"modified":"2023-11-10T11:33:49","modified_gmt":"2023-11-10T10:33:49","slug":"politica-de-privacitat","status":"publish","type":"page","link":"https:\/\/www.elsindic.com\/va\/politica-de-privacitat\/","title":{"rendered":"Pol\u00edtica de Privacitat i Protecci\u00f3 de Dades"},"content":{"rendered":"<div class=\"wpb-content-wrapper\"><p>[vc_row css=&#8221;.vc_custom_1514977764249{margin-top: 40px !important;}&#8221;][vc_column][vc_column_text]A<span data-contrast=\"auto\">\u00a0trav\u00e9s d&#8217;aquest lloc web no es recullen dades de car\u00e0cter personal dels usuaris sense el seu coneixement, ni s\u00f3n cedides a tercers.<\/span><span data-ccp-props=\"{&quot;134233117&quot;:true,&quot;201341983&quot;:0,&quot;335551550&quot;:6,&quot;335551620&quot;:6,&quot;335559739&quot;:142,&quot;335559740&quot;:240}\">\u00a0<\/span><\/p>\n<p><span data-contrast=\"auto\">Amb la finalitat d&#8217;oferir-li el millor servei i l&#8217;objectiu de facilitar-ne l&#8217;\u00fas, s&#8217;analitzen el nombre de p\u00e0gines visitades, el nombre de visites, com tamb\u00e9 l&#8217;activitat dels visitants i la seua freq\u00fc\u00e8ncia d&#8217;utilitzaci\u00f3. A aquests efectes, el S\u00edndic de Greuges de la Comunitat Valenciana utilitza la informaci\u00f3 estad\u00edstica elaborada pel prove\u00efdor de serveis d&#8217;Internet.<\/span><span data-ccp-props=\"{&quot;134233117&quot;:true,&quot;201341983&quot;:0,&quot;335551550&quot;:6,&quot;335551620&quot;:6,&quot;335559739&quot;:142,&quot;335559740&quot;:240}\">\u00a0<\/span><\/p>\n<p><span data-ccp-props=\"{&quot;134233117&quot;:true,&quot;201341983&quot;:0,&quot;335551550&quot;:6,&quot;335551620&quot;:6,&quot;335559739&quot;:142,&quot;335559740&quot;:240}\">\u00a0<\/span><span data-contrast=\"auto\">El S\u00edndic de Greuges no utilitza galetes per a recollir informaci\u00f3 dels usuaris, ni registra les adreces IP d&#8217;acc\u00e9s. \u00danicament s&#8217;utilitzen galetes pr\u00f2pies, de sessi\u00f3, amb finalitat t\u00e8cnica (aquelles que permeten a l&#8217;usuari la navegaci\u00f3 a trav\u00e9s del lloc web i la utilitzaci\u00f3 dels diversos serveis i opcions que hi ha).<\/span><span data-ccp-props=\"{&quot;134233117&quot;:true,&quot;201341983&quot;:0,&quot;335551550&quot;:6,&quot;335551620&quot;:6,&quot;335559739&quot;:142,&quot;335559740&quot;:240}\">\u00a0<\/span><\/p>\n<p><span data-ccp-props=\"{&quot;134233117&quot;:true,&quot;201341983&quot;:0,&quot;335551550&quot;:6,&quot;335551620&quot;:6,&quot;335559739&quot;:142,&quot;335559740&quot;:240}\">\u00a0<\/span><span data-contrast=\"auto\">El portal de qu\u00e8 \u00e9s titular el S\u00edndic de Greuges cont\u00e9 enlla\u00e7os a llocs web de tercers, les pol\u00edtiques de privacitat dels quals s\u00f3n alienes a la del S\u00edndic. En accedir a aquests llocs web vost\u00e9 pot decidir si accepta les seues pol\u00edtiques de privacitat i de galetes. Amb car\u00e0cter general, si navega per internet pot acceptar o rebutjar les galetes de tercers des de les opcions de configuraci\u00f3 del seu navegador.<\/span><span data-ccp-props=\"{&quot;134233117&quot;:true,&quot;201341983&quot;:0,&quot;335551550&quot;:6,&quot;335551620&quot;:6,&quot;335559739&quot;:142,&quot;335559740&quot;:240}\">\u00a0<\/span><\/p>\n<h4><b><span data-contrast=\"auto\">Informaci\u00f3 b\u00e0sica sobre protecci\u00f3 de dades<\/span><\/b><span data-ccp-props=\"{&quot;134233117&quot;:true,&quot;201341983&quot;:0,&quot;335551550&quot;:6,&quot;335551620&quot;:6,&quot;335559739&quot;:142,&quot;335559740&quot;:240}\">\u00a0<\/span><\/h4>\n<p><span data-ccp-props=\"{&quot;134233117&quot;:true,&quot;201341983&quot;:0,&quot;335551550&quot;:6,&quot;335551620&quot;:6,&quot;335559739&quot;:142,&quot;335559740&quot;:240}\">\u00a0<\/span><span data-contrast=\"auto\">A continuaci\u00f3 informem sobre la pol\u00edtica de protecci\u00f3 de dades del S\u00edndic de Greuges de la Comunitat Valenciana.<\/span><span data-ccp-props=\"{&quot;134233117&quot;:true,&quot;201341983&quot;:0,&quot;335551550&quot;:6,&quot;335551620&quot;:6,&quot;335559739&quot;:142,&quot;335559740&quot;:240}\">\u00a0<\/span><\/p>\n<h5><span data-ccp-props=\"{&quot;134233117&quot;:true,&quot;201341983&quot;:0,&quot;335551550&quot;:6,&quot;335551620&quot;:6,&quot;335559739&quot;:142,&quot;335559740&quot;:240}\">\u00a0<\/span><b><span data-contrast=\"auto\">Responsable del tractament<\/span><\/b><span data-ccp-props=\"{&quot;134233117&quot;:true,&quot;201341983&quot;:0,&quot;335551550&quot;:6,&quot;335551620&quot;:6,&quot;335559739&quot;:142,&quot;335559740&quot;:240}\">\u00a0<\/span><\/h5>\n<p><span data-ccp-props=\"{&quot;134233117&quot;:true,&quot;201341983&quot;:0,&quot;335551550&quot;:6,&quot;335551620&quot;:6,&quot;335559739&quot;:142,&quot;335559740&quot;:240}\">\u00a0<\/span><span data-contrast=\"auto\">Les dades de car\u00e0cter personal que es pogueren demanar directament de l&#8217;interessat seran tractades de manera confidencial i quedaran incorporades a la corresponent activitat de tractament titularitat del S\u00edndic de Greuges de la Comunitat Valenciana.\u00a0<\/span><span data-ccp-props=\"{&quot;134233117&quot;:true,&quot;201341983&quot;:0,&quot;335551550&quot;:6,&quot;335551620&quot;:6,&quot;335559739&quot;:142,&quot;335559740&quot;:240}\">\u00a0<\/span><\/p>\n<p><span class=\"TextRun SCXW51867370 BCX0\" lang=\"CA-ES\" xml:lang=\"CA-ES\" data-contrast=\"none\"><span class=\"NormalTextRun SCXW51867370 BCX0\">La responsabilitat del tractament de dades<\/span><span class=\"NormalTextRun SCXW51867370 BCX0\"> \u00e9s de<\/span><span class=\"NormalTextRun SCXW51867370 BCX0\"> la Junta de Coordinaci\u00f3 i R\u00e8gim Interior del S\u00edndic de Greuges<\/span><span class=\"NormalTextRun SCXW51867370 BCX0\">.\u202f<\/span><\/span><span class=\"EOP SCXW51867370 BCX0\" data-ccp-props=\"{&quot;201341983&quot;:0,&quot;335551550&quot;:6,&quot;335551620&quot;:6,&quot;335559737&quot;:675,&quot;335559739&quot;:0,&quot;335559740&quot;:240}\">\u00a0<\/span><\/p>\n<h5><strong>Activitats de tractament<\/strong><\/h5>\n<p><span data-contrast=\"auto\">La relaci\u00f3 actualitzada de les activitats de tractament que el S\u00edndic de Greuges duu a terme est\u00e0 disponible en el seg\u00fcent <\/span><span data-contrast=\"auto\">enlla\u00e7<\/span><span data-contrast=\"auto\"> al <a href=\"https:\/\/www.elsindic.com\/wp-content\/uploads\/2023\/11\/DOCV.pdf\">Diari Oficial de la Generalitat Valenciana (DOGV)<\/a>.<\/span><span data-ccp-props=\"{&quot;134233117&quot;:true,&quot;201341983&quot;:0,&quot;335551550&quot;:6,&quot;335551620&quot;:6,&quot;335559739&quot;:142,&quot;335559740&quot;:240}\">\u00a0<\/span><\/p>\n<h5><b><span data-contrast=\"auto\">Finalitat<\/span><\/b><span data-ccp-props=\"{&quot;134233117&quot;:true,&quot;201341983&quot;:0,&quot;335551550&quot;:6,&quot;335551620&quot;:6,&quot;335559739&quot;:142,&quot;335559740&quot;:240}\">\u00a0<\/span><\/h5>\n<p><span data-contrast=\"auto\">La finalitat del tractament de les dades correspon a cadascuna de les activitats de tractament que realitza el S\u00edndic de Greuges de la Comunitat Valenciana i que estan accessibles en el registre d&#8217;activitats de tractament.<\/span><span data-ccp-props=\"{&quot;134233117&quot;:true,&quot;201341983&quot;:0,&quot;335551550&quot;:6,&quot;335551620&quot;:6,&quot;335559739&quot;:142,&quot;335559740&quot;:240}\">\u00a0<\/span><\/p>\n<h5><b><span data-contrast=\"auto\">Legitimaci\u00f3<\/span><\/b><span data-ccp-props=\"{&quot;134233117&quot;:true,&quot;201341983&quot;:0,&quot;335551550&quot;:6,&quot;335551620&quot;:6,&quot;335559739&quot;:142,&quot;335559740&quot;:240}\">\u00a0<\/span><\/h5>\n<p><span data-contrast=\"auto\">El tractament de les seues dades es realitza per al compliment de les missions realitzades en inter\u00e9s p\u00fablic o en l&#8217;exercici dels poders p\u00fablics conferits per la Llei 2\/2021, de 26 de mar\u00e7, del S\u00edndic de Greuges de la Comunitat Valenciana, com tamb\u00e9 quan la finalitat del tractament requerisca el seu consentiment, que haur\u00e0 de ser prestat mitjan\u00e7ant una clara acci\u00f3 afirmativa.<\/span><span data-ccp-props=\"{&quot;134233117&quot;:true,&quot;201341983&quot;:0,&quot;335551550&quot;:6,&quot;335551620&quot;:6,&quot;335559739&quot;:142,&quot;335559740&quot;:240}\">\u00a0<\/span><\/p>\n<h5><b><span data-contrast=\"auto\">Conservaci\u00f3 de dades<\/span><\/b><span data-ccp-props=\"{&quot;134233117&quot;:true,&quot;201341983&quot;:0,&quot;335551550&quot;:6,&quot;335551620&quot;:6,&quot;335559739&quot;:142,&quot;335559740&quot;:240}\">\u00a0<\/span><\/h5>\n<p><span data-contrast=\"auto\">Les dades personals proporcionades es conservaran durant el temps necessari per a complir amb la finalitat per a la qual es demanen i determinar les possibles responsabilitats que es pogueren derivar d\u2019aquesta finalitat, a m\u00e9s dels per\u00edodes establits en la normativa d&#8217;arxius i documentaci\u00f3.<\/span><span data-ccp-props=\"{&quot;134233117&quot;:true,&quot;201341983&quot;:0,&quot;335551550&quot;:6,&quot;335551620&quot;:6,&quot;335559739&quot;:142,&quot;335559740&quot;:240}\">\u00a0<\/span><\/p>\n<h5><b><span data-contrast=\"auto\">Comunicaci\u00f3 de dades<\/span><\/b><span data-ccp-props=\"{&quot;134233117&quot;:true,&quot;201341983&quot;:0,&quot;335551550&quot;:6,&quot;335551620&quot;:6,&quot;335559739&quot;:142,&quot;335559740&quot;:240}\">\u00a0<\/span><\/h5>\n<p><span data-contrast=\"auto\">Amb car\u00e0cter general no es comunicaran les dades personals a tercers, llevat d\u2019obligaci\u00f3 legal, entre les qual poden estar les comunicacions al Defensor del Poble, jutges i tribunals, i interessats en els procediments relacionats amb les queixes presentades.<\/span><span data-ccp-props=\"{&quot;134233117&quot;:true,&quot;201341983&quot;:0,&quot;335551550&quot;:6,&quot;335551620&quot;:6,&quot;335559739&quot;:142,&quot;335559740&quot;:240}\">\u00a0<\/span><span data-contrast=\"auto\">Pot consultar els destinataris per a cadascuna de les activitats de tractament que duu a terme el S\u00edndic de Greuges en el seg\u00fcent <\/span><span data-contrast=\"auto\">enlla\u00e7\u00a0<\/span><span data-contrast=\"auto\"> al registre d&#8217;activitats del S\u00edndic.\u00a0<\/span><span data-ccp-props=\"{&quot;134233117&quot;:true,&quot;201341983&quot;:0,&quot;335551550&quot;:6,&quot;335551620&quot;:6,&quot;335559739&quot;:142,&quot;335559740&quot;:240}\">\u00a0<\/span><\/p>\n<h5><b><span data-contrast=\"auto\">Drets de les persones interessades<\/span><\/b><span data-ccp-props=\"{&quot;134233117&quot;:true,&quot;201341983&quot;:0,&quot;335551550&quot;:6,&quot;335551620&quot;:6,&quot;335559739&quot;:142,&quot;335559740&quot;:240}\">\u00a0<\/span><\/h5>\n<p><span data-contrast=\"auto\">Qualsevol persona t\u00e9 dret a obtindre confirmaci\u00f3 sobre els tractaments que duu a terme el S\u00edndic de Greuges de la Comunitat Valenciana de les seues dades.\u00a0<\/span><span data-ccp-props=\"{&quot;134233117&quot;:true,&quot;201341983&quot;:0,&quot;335551550&quot;:6,&quot;335551620&quot;:6,&quot;335559739&quot;:142,&quot;335559740&quot;:240}\">\u00a0<\/span><\/p>\n<p><span data-contrast=\"auto\">Pot exercir els seus drets d&#8217;acc\u00e9s, rectificaci\u00f3, supressi\u00f3 i portabilitat de les seues dades, de limitaci\u00f3 i oposici\u00f3 al seu tractament, com tamb\u00e9 a no ser objecte de decisions basades \u00fanicament en el tractament automatitzat de les seues dades, quan escaiguen, davant de la Junta de Coordinaci\u00f3 i R\u00e8gim Interior del S\u00edndic de Greuges (carrer Pascual Blasco, n\u00fam. 1, 03001, Alacant) o en l&#8217;adre\u00e7a de correu electr\u00f2nic: dpd@elsindic.com. <\/span><span data-ccp-props=\"{&quot;134233117&quot;:true,&quot;201341983&quot;:0,&quot;335551550&quot;:6,&quot;335551620&quot;:6,&quot;335559739&quot;:142,&quot;335559740&quot;:240}\">\u00a0<\/span><\/p>\n<p><span data-contrast=\"auto\">D&#8217;altra banda, t\u00e9 dret a presentar una reclamaci\u00f3 davant de <a href=\"https:\/\/www.aepd.es\/es\">l&#8217;Ag\u00e8ncia Espanyola de Protecci\u00f3 de Dades<\/a>, si considera que s&#8217;ha com\u00e9s una infracci\u00f3 de la legislaci\u00f3 en mat\u00e8ria de protecci\u00f3 de dades respecte del tractament de les seues dades personals.\u00a0<\/span><span data-ccp-props=\"{&quot;134233117&quot;:true,&quot;201341983&quot;:0,&quot;335551550&quot;:6,&quot;335551620&quot;:6,&quot;335559739&quot;:142,&quot;335559740&quot;:240}\">\u00a0<\/span><\/p>\n<h5><b><span data-contrast=\"auto\">Actualitzaci\u00f3 de la pol\u00edtica de privacitat<\/span><\/b><span data-ccp-props=\"{&quot;134233117&quot;:true,&quot;201341983&quot;:0,&quot;335551550&quot;:6,&quot;335551620&quot;:6,&quot;335559739&quot;:142,&quot;335559740&quot;:240}\">\u00a0<\/span><\/h5>\n<p><span data-contrast=\"auto\">El contingut d&#8217;esta p\u00e0gina va ser actualitzada per darrera vegada el 10 novembre de 2023<\/span>.[\/vc_column_text][\/vc_column][\/vc_row]<\/p>\n<\/div>","protected":false},"excerpt":{"rendered":"<p>[vc_row css=&#8221;.vc_custom_1514977764249{margin-top: 40px !important;}&#8221;][vc_column][vc_column_text]A\u00a0trav\u00e9s d&#8217;aquest lloc web no es recullen dades de car\u00e0cter personal dels usuaris sense el seu coneixement, ni s\u00f3n cedides a tercers.\u00a0 Amb la finalitat d&#8217;oferir-li el millor servei i l&#8217;objectiu de facilitar-ne l&#8217;\u00fas, s&#8217;analitzen el nombre de p\u00e0gines visitades, el nombre de visites, com tamb\u00e9 l&#8217;activitat dels visitants i la seua [&hellip;]<\/p>\n","protected":false},"author":1,"featured_media":0,"parent":0,"menu_order":0,"comment_status":"closed","ping_status":"closed","template":"","meta":{"footnotes":""},"class_list":["post-15600","page","type-page","status-publish","hentry"],"_links":{"self":[{"href":"https:\/\/www.elsindic.com\/va\/wp-json\/wp\/v2\/pages\/15600"}],"collection":[{"href":"https:\/\/www.elsindic.com\/va\/wp-json\/wp\/v2\/pages"}],"about":[{"href":"https:\/\/www.elsindic.com\/va\/wp-json\/wp\/v2\/types\/page"}],"author":[{"embeddable":true,"href":"https:\/\/www.elsindic.com\/va\/wp-json\/wp\/v2\/users\/1"}],"replies":[{"embeddable":true,"href":"https:\/\/www.elsindic.com\/va\/wp-json\/wp\/v2\/comments?post=15600"}],"version-history":[{"count":19,"href":"https:\/\/www.elsindic.com\/va\/wp-json\/wp\/v2\/pages\/15600\/revisions"}],"predecessor-version":[{"id":32394,"href":"https:\/\/www.elsindic.com\/va\/wp-json\/wp\/v2\/pages\/15600\/revisions\/32394"}],"wp:attachment":[{"href":"https:\/\/www.elsindic.com\/va\/wp-json\/wp\/v2\/media?parent=15600"}],"curies":[{"name":"wp","href":"https:\/\/api.w.org\/{rel}","templated":true}]}}