{"id":15601,"date":"2018-01-11T10:17:11","date_gmt":"2018-01-11T09:17:11","guid":{"rendered":"http:\/\/www.elsindic.com\/?page_id=15601\/"},"modified":"2021-03-08T17:53:33","modified_gmt":"2021-03-08T16:53:33","slug":"accesibilitat","status":"publish","type":"page","link":"https:\/\/www.elsindic.com\/va\/accesibilitat\/","title":{"rendered":"Accessibilitat"},"content":{"rendered":"<p>Per tal de facilitar-hi l&#8217;acc\u00e9s al m\u00e0xim nombre d&#8217;usuaris possible, el S\u00edndic de Greuges de la Comunitat Valenciana ha desenvolupat la seua p\u00e0gina web mitjan\u00e7ant un disseny accessible, amb l&#8217;objectiu de garantir l&#8217;acc\u00e9s a la informaci\u00f3 i el coneixement a tota la societat.<\/p>\n<p>Amb aquesta finalitat, estem treballant per a assolir en breu un grau de compliment adequat en les nostres p\u00e0gines; perqu\u00e8 la informaci\u00f3 siga accessible en diverses situacions i puga proporcionar m\u00e8todes que permeten la seua transformaci\u00f3 en p\u00e0gines \u00fatils i intel\u00b7ligibles, d\u2019acord amb el que marquen les pautes de la WAI (Web Accesibility Initiative).<\/p>\n<p>El S\u00edndic de Greuges vol que totes les persones que tinguen algun tipus de disminuci\u00f3 f\u00edsica o sensorial disposen d&#8217;una eina, eminentment pr\u00e0ctica i \u00fatil, que servisca per a promoure i garantir, en les condicions tecnol\u00f2giques actuals, la igualtat en l&#8217;acc\u00e9s i la gesti\u00f3 de la informaci\u00f3 disponible en l\u00ednia.<\/p>\n<p>Les persones que trobeu alguna dificultat en l&#8217;acc\u00e9s a la informaci\u00f3 continguda en aquest lloc web o que vulgueu fer-nos qualsevol consulta o suggeriment en relaci\u00f3 amb l&#8217;accessibilitat d&#8217;aquesta p\u00e0gina, podeu enviar-nos el vostre missatge a l&#8217;adre\u00e7a de correu electr\u00f2nic seg\u00fcent: <a href=\"mailto:consultes@elsindic.com\">consultes@elsindic.com<\/a>. Els vostres suggeriments ens serviran per oferir-vos un servici millor.<\/p>\n<p>Des del S\u00edndic, ens comprometem a estudiar les sol\u00b7licituds i realitzar les millores necess\u00e0ries per a disposar d\u2019un servici \u00f2ptim, tan r\u00e0pidament com siga possible.<\/p>\n","protected":false},"excerpt":{"rendered":"<p>Per tal de facilitar-hi l&#8217;acc\u00e9s al m\u00e0xim nombre d&#8217;usuaris possible, el S\u00edndic de Greuges de la Comunitat Valenciana ha desenvolupat la seua p\u00e0gina web mitjan\u00e7ant un disseny accessible, amb l&#8217;objectiu de garantir l&#8217;acc\u00e9s a la informaci\u00f3 i el coneixement a tota la societat. Amb aquesta finalitat, estem treballant per a assolir en breu un grau [&hellip;]<\/p>\n","protected":false},"author":1,"featured_media":0,"parent":0,"menu_order":0,"comment_status":"closed","ping_status":"closed","template":"","meta":{"footnotes":""},"class_list":["post-15601","page","type-page","status-publish","hentry"],"_links":{"self":[{"href":"https:\/\/www.elsindic.com\/va\/wp-json\/wp\/v2\/pages\/15601"}],"collection":[{"href":"https:\/\/www.elsindic.com\/va\/wp-json\/wp\/v2\/pages"}],"about":[{"href":"https:\/\/www.elsindic.com\/va\/wp-json\/wp\/v2\/types\/page"}],"author":[{"embeddable":true,"href":"https:\/\/www.elsindic.com\/va\/wp-json\/wp\/v2\/users\/1"}],"replies":[{"embeddable":true,"href":"https:\/\/www.elsindic.com\/va\/wp-json\/wp\/v2\/comments?post=15601"}],"version-history":[{"count":5,"href":"https:\/\/www.elsindic.com\/va\/wp-json\/wp\/v2\/pages\/15601\/revisions"}],"predecessor-version":[{"id":29979,"href":"https:\/\/www.elsindic.com\/va\/wp-json\/wp\/v2\/pages\/15601\/revisions\/29979"}],"wp:attachment":[{"href":"https:\/\/www.elsindic.com\/va\/wp-json\/wp\/v2\/media?parent=15601"}],"curies":[{"name":"wp","href":"https:\/\/api.w.org\/{rel}","templated":true}]}}