{"id":15631,"date":"2018-01-04T10:56:50","date_gmt":"2018-01-04T09:56:50","guid":{"rendered":"http:\/\/www.elsindic.com\/soporte-tecnico\/"},"modified":"2018-10-22T10:08:05","modified_gmt":"2018-10-22T08:08:05","slug":"suport-tecnic","status":"publish","type":"page","link":"https:\/\/www.elsindic.com\/va\/suport-tecnic\/","title":{"rendered":"Suport t\u00e8cnic"},"content":{"rendered":"<div class=\"wpb-content-wrapper\"><p>[vc_row][vc_column css=&#8221;.vc_custom_1515066486683{margin-top: 40px !important;}&#8221;][vc_column_text]Li comuniquem que tots els dilluns i divendres, a les 8 a.m., s&#8217;interrompr\u00e0 durant 5 minuts el servici web del S\u00edndic per a dur a terme labors de manteniment, per la qual cosa la nostra p\u00e0gina ser\u00e0 inaccessible durant este per\u00edode de temps.<\/p>\n<p>Si trobeu qualsevol dificultat t\u00e8cnica durant la navegaci\u00f3 a trav\u00e9s del nostre portal web, poseu-vos en contacte amb nosaltres mitjan\u00e7ant el formulari seg\u00fcent.[\/vc_column_text][vc_column_text][the_soporte_tecnico_form][\/vc_column_text][\/vc_column][\/vc_row]<\/p>\n<\/div>","protected":false},"excerpt":{"rendered":"<p>[vc_row][vc_column css=&#8221;.vc_custom_1515066486683{margin-top: 40px !important;}&#8221;][vc_column_text]Li comuniquem que tots els dilluns i divendres, a les 8 a.m., s&#8217;interrompr\u00e0 durant 5 minuts el servici web del S\u00edndic per a dur a terme labors de manteniment, per la qual cosa la nostra p\u00e0gina ser\u00e0 inaccessible durant este per\u00edode de temps. Si trobeu qualsevol dificultat t\u00e8cnica durant la navegaci\u00f3 a [&hellip;]<\/p>\n","protected":false},"author":1,"featured_media":0,"parent":0,"menu_order":0,"comment_status":"closed","ping_status":"closed","template":"","meta":{"footnotes":""},"class_list":["post-15631","page","type-page","status-publish","hentry"],"_links":{"self":[{"href":"https:\/\/www.elsindic.com\/va\/wp-json\/wp\/v2\/pages\/15631"}],"collection":[{"href":"https:\/\/www.elsindic.com\/va\/wp-json\/wp\/v2\/pages"}],"about":[{"href":"https:\/\/www.elsindic.com\/va\/wp-json\/wp\/v2\/types\/page"}],"author":[{"embeddable":true,"href":"https:\/\/www.elsindic.com\/va\/wp-json\/wp\/v2\/users\/1"}],"replies":[{"embeddable":true,"href":"https:\/\/www.elsindic.com\/va\/wp-json\/wp\/v2\/comments?post=15631"}],"version-history":[{"count":6,"href":"https:\/\/www.elsindic.com\/va\/wp-json\/wp\/v2\/pages\/15631\/revisions"}],"predecessor-version":[{"id":27190,"href":"https:\/\/www.elsindic.com\/va\/wp-json\/wp\/v2\/pages\/15631\/revisions\/27190"}],"wp:attachment":[{"href":"https:\/\/www.elsindic.com\/va\/wp-json\/wp\/v2\/media?parent=15631"}],"curies":[{"name":"wp","href":"https:\/\/api.w.org\/{rel}","templated":true}]}}