{"id":15690,"date":"2018-01-16T10:32:35","date_gmt":"2018-01-16T09:32:35","guid":{"rendered":"http:\/\/www.elsindic.com\/portal-de-transparencia\/informacio-economica-pressupostaria-i-estadistica\/cuentas-abiertas\/"},"modified":"2018-09-12T11:46:59","modified_gmt":"2018-09-12T09:46:59","slug":"moviments-comptables","status":"publish","type":"page","link":"https:\/\/www.elsindic.com\/va\/portal-de-transparencia\/informacio-economica-pressupostaria-i-estadistica\/comptes-obertes\/moviments-comptables\/","title":{"rendered":"Moviments comptables"},"content":{"rendered":"<div class=\"wpb-content-wrapper\"><p>[vc_row][vc_column css=&#8221;.vc_custom_1516189691627{margin-top: 2% !important;}&#8221;][vc_column_text]La\u00a0<a href=\"http:\/\/www.gvaoberta.gva.es\/documents\/7843050\/164090516\/Ley+cuentas+abiertas+consolidada.pdf\/45422b2f-c902-4189-a7a3-473f0cc867aa\">Llei 5\/2016, de 6 de maig, de Comptes Oberts per a la Generalitat<\/a>, declara com a oberts i accessibles tots els comptes bancaris oberts en entitats financeres de les administracions p\u00fabliques i organismes inclosos en el seu \u00e0mbit d&#8217;aplicaci\u00f3. A m\u00e9s d&#8217;exigir la publicaci\u00f3 de tots els comptes i els saldos, tamb\u00e9 estableix l&#8217;obligaci\u00f3 de publicar cada moviment ent\u00e9s tal i com s&#8217;identifica en comptabilitat.<\/p>\n<p>El S\u00edndic de Greuges est\u00e0 obligat a publicar els comptes i els seus moviments (Disposici\u00f3 final quarta Llei 5\/2016, de 6 de maig) i ho fa el 12 de maig de 2017.<\/p>\n<p>Es poden consultar els moviments, tal i com s&#8217;identifiquen en la comptabilitat, i a m\u00e9s, les dades seg\u00fcents:<\/p>\n<ul>\n<li>Data Registre de Factura o FNO (Data de naixement de l&#8217;obligaci\u00f3) segons el tipus de gasto.<\/li>\n<li>La data del moviment (pagament).<\/li>\n<li>L&#8217;import.<\/li>\n<li>La classificaci\u00f3 econ\u00f2mica (<a href=\"http:\/\/www.gvaoberta.gva.es\/documents\/7843050\/164090516\/Orden+27.12.01+Codigos+clasificacion+economica.pdf\/ef792c8b-65d7-4b44-95ed-2706d8524dff\">Ordre de 27 de desembre de 2001, DOGV 31-12-01<\/a>).<\/li>\n<li>La persona benefici\u00e0ria, tret que haja d&#8217;anonimitzar-se d&#8217;acord amb l&#8217;estudi d&#8217;impacte en la protecci\u00f3 de dades de car\u00e0cter personal especialment protegides.<\/li>\n<li>El concepte que motiva el moviment, que vindr\u00e0 identificat per la classificaci\u00f3 funcional, econ\u00f2mica i, si escau, la l\u00ednia de subvenci\u00f3.<\/li>\n<\/ul>\n<p>* Els pagaments i anul\u00b7lacions de Caixa Fixa no es mostren en esta consulta. La dita informaci\u00f3 la pot consultar a trav\u00e9s del seg\u00fcent\u00a0<a href=\"http:\/\/www.elsindic.com\/va\/portal-de-transparencia\/informacio-economica-pressupostaria-i-estadistica\/pressupostos\/\">enlla\u00e7<\/a>.<\/p>\n<p>Tota la informaci\u00f3 publicada es pot descarregar en format reutilitzable (dades obertes).<\/p>\n<p>Les conselleries amb compet\u00e8ncies en mat\u00e8ria d&#8217;hisenda i transpar\u00e8ncia s\u00f3n les que han desenrotllat les mesures oportunes per a l&#8217;execuci\u00f3 de l&#8217;esmentada llei.<\/p>\n<p>&#8211;\u00a0<a href=\"http:\/\/www.gvaoberta.gva.es\/documents\/7843050\/164090516\/INFORME+ESTUDIO+DE+IMPACTO_CUENTAS+ABIERTAS+DE+LA+GVA_02112016.pdf\/3331eb26-190e-4d01-b1c8-efe172f29a30\">Informe Estudi d&#8217;Impacte de la Llei de Comptes Oberts de la Generalitat<\/a>\u00a0(assumit per aquesta instituci\u00f3).<\/p>\n<p><strong>Informaci\u00f3 disponible des de l&#8217;1 de gener de 2017\u00a0<\/strong>(Informaci\u00f3 econ\u00f2mica relativa als moviments comptables del mes anterior una vegada tancada la comptabilitat).<\/p>\n<p>Font: S\u00edndic de Greuges de la Comunitat Valenciana<br \/>\nTresoreria del S\u00edndic<\/p>\n<p>Data d&#8217;actualitzaci\u00f3: mar\u00e7 de 2017<br \/>\nPeriodicitat d&#8217;actualitzaci\u00f3: mensual<\/p>\n<p><!--SELECT o.fechaOperacion, o.diaOperaci, o.mesOperaci, o.anyOperaci, o.impOperaci, o.diaFactura, o.mesFactura, o.anyFactura, o.totDesc, o.anyPpto, o.nomTercero, p.nomPartida, p.nomPartida_va, o_t.tipoMovimiento  FROM opendata o LEFT join partida p ON p.codecoPArt = o.codecoPart LEFT JOIN opendata_tipomovimiento2 o_t ON o.siglasOper = o_t.codigoTm WHERE o.anyPpto is not null --><style>li > span.current {display:table-cell;background-color:#b7334c;height:34px;width:34px;vertical-align: middle;}li > span.dots {display:table-cell;color:#b7334c;height:34px;width:34px;vertical-align: middle;}<\/style><div class=\"grid_12\"><div class=\"filtro\"><form action=\"https:\/\/www.elsindic.com\/va\/portal-de-transparencia\/informacio-economica-pressupostaria-i-estadistica\/comptes-obertes\/moviments-comptables\/#contenido\"><div class=\"container_12\"><div class=\"cont-bloques\"><div class=\"bloque\"><label for=\"ejercicio\">Exercici<br \/><select id=\"ejercicio\" name=\"ejercicio\">   <option value=\"\"><\/option>   <option value=\"2025\">2025<\/option>   <option value=\"2024\">2024<\/option>   <option value=\"2023\">2023<\/option>   <option value=\"2022\">2022<\/option>   <option value=\"2021\">2021<\/option>   <option value=\"2020\">2020<\/option>   <option value=\"2019\">2019<\/option>   <option value=\"2018\">2018<\/option>   <option value=\"2017\">2017<\/option>   <option value=\"2016\">2016<\/option><\/select><\/label><\/div><div class=\"bloque\"><label for=\"mesInicio\">Mes inici<br \/>        <select id=\"mesInicio\" name=\"mesInicio\">\t\t\t<option value=\"\"<\/option>\t\t\t<option value=\"1\">Gener<\/option>\t\t\t<option value=\"2\">Febrer<\/option>\t\t\t<option value=\"3\">Mar\u00e7<\/option>\t\t\t<option value=\"4\">Abril<\/option>\t\t\t<option value=\"5\">Maig<\/option>\t\t\t<option value=\"6\">Juny<\/option>\t\t\t<option value=\"7\">Juliol<\/option>\t\t\t<option value=\"8\">Agost<\/option>\t\t\t<option value=\"9\">Setembre<\/option>\t\t\t<option value=\"10\">Octobre<\/option>\t\t\t<option value=\"11\">Novembre<\/option>\t\t\t<option value=\"12\">Desembre<\/option>        <\/select><\/label><\/div><div class=\"bloque\"><label for=\"mesFin\">Mes fi<br \/>        <select id=\"mesFin\" name=\"mesFin\">\t\t\t<option value=\"\"<\/option>\t\t\t<option value=\"1\">Gener<\/option>\t\t\t<option value=\"2\">Febrer<\/option>\t\t\t<option value=\"3\">Mar\u00e7<\/option>\t\t\t<option value=\"4\">Abril<\/option>\t\t\t<option value=\"5\">Maig<\/option>\t\t\t<option value=\"6\">Juny<\/option>\t\t\t<option value=\"7\">Juliol<\/option>\t\t\t<option value=\"8\">Agost<\/option>\t\t\t<option value=\"9\">Setembre<\/option>\t\t\t<option value=\"10\">Octobre<\/option>\t\t\t<option value=\"11\">Novembre<\/option>\t\t\t<option value=\"12\">Desembre<\/option>        <\/select><\/label><\/div><div class=\"bloque\"> <label for=\"tipoMov\">Tipus de moviment<br \/>        <select id=\"tipoMov\" name=\"tipoMov\">\t\t\t<option value=\"\">Tots<\/option>\t\t\t<option value=\"1\">Pagaments pressupostaris<\/option>\t\t\t<option value=\"2\">Ingresoss pressupostaris<\/option>\t\t\t<option value=\"3\">Moviments extrapressupostaris (pagaments y cobraments)<\/option>        <\/select><\/label><\/div><div class=\"bloque\"><label for=\"codecoPart\">Partida<br \/>        <select id=\"codecoPart\" name=\"codecoPart\">\t\t\t<option value=\"\" selected=\"selected\"><\/option>\t\t\t<option value=\"48001\">A familias. Premios, becas y pens al estudio.<\/option>\t\t\t<option value=\"16204\">Acci\u00f3n Social<\/option>\t\t\t<option value=\"87002\">Aplic. para financ.de incorporaciones de cr\u00e9dito<\/option>\t\t\t<option value=\"20201\">Arrendam. de edificios y  otras construcciones<\/option>\t\t\t<option value=\"20401\">Arrendam. de material de transporte<\/option>\t\t\t<option value=\"20501\">Arrendam. de mobiliario y enseres<\/option>\t\t\t<option value=\"20801\">Arrendam. de otro inmov. material<\/option>\t\t\t<option value=\"20301\">Arrendamiento maquinaria<\/option>\t\t\t<option value=\"22299\">Comunicaciones. Otras<\/option>\t\t\t<option value=\"22202\">Comunicaciones. Postales y Telegr\u00e1ficas<\/option>\t\t\t<option value=\"22201\">Comunicaciones. Telef\u00f3nicas<\/option>\t\t\t<option value=\"23001\">Dietas <\/option>\t\t\t<option value=\"62202\">Edificios y otras construc. Administrativos<\/option>\t\t\t<option value=\"22006\">Encuadernaciones<\/option>\t\t\t<option value=\"62601\">Equipos para procesos de informaci\u00f3n<\/option>\t\t\t<option value=\"15102\">Festividad<\/option>\t\t\t<option value=\"84101\">Fianzas y dep\u00f3sitos<\/option>\t\t\t<option value=\"16201\">Formaci\u00f3n y perfeccionamiento de personal<\/option>\t\t\t<option value=\"24001\">Gastos de edici\u00f3n y distribuci\u00f3n de public. instit<\/option>\t\t\t<option value=\"15101\">Gratificaciones<\/option>\t\t\t<option value=\"22602\">Gtos diversos. Publicidad y propaganda<\/option>\t\t\t<option value=\"22606\">Gtos diversos. Reuniones y conferencias<\/option>\t\t\t<option value=\"22601\">Gtos. Diversos. Atenc. protocolarias y repres.<\/option>\t\t\t<option value=\"22603\">Gtos. diversos. Jur\u00eddico-contenciosos<\/option>\t\t\t<option value=\"12103\">Indemnizaci\u00f3n por residencia<\/option>\t\t\t<option value=\"62901\">Inmovilizado Inmaterial<\/option>\t\t\t<option value=\"62302\">Instalaciones<\/option>\t\t\t<option value=\"52000\">Intereses de dep\u00f3sitos<\/option>\t\t\t<option value=\"23101\">Locomoci\u00f3n<\/option>\t\t\t<option value=\"62301\">Maquinaria<\/option>\t\t\t<option value=\"22001\">Material de oficina. Ordinario no inventariable<\/option>\t\t\t<option value=\"62401\">Material de Transporte<\/option>\t\t\t<option value=\"22003\">Material inform\u00e1tico no inventariable<\/option>\t\t\t<option value=\"16206\">Mejoras complement. de prestaciones contributivas<\/option>\t\t\t<option value=\"62501\">Mobiliario y enseres<\/option>\t\t\t<option value=\"16002\">Muface<\/option>\t\t\t<option value=\"16003\">Mugeju<\/option>\t\t\t<option value=\"23301\">Otras Indemnizaciones<\/option>\t\t\t<option value=\"10099\">Otras remuneraciones de altos cargos. Atrasos<\/option>\t\t\t<option value=\"11099\">Otras remuneraciones personal eventual<\/option>\t\t\t<option value=\"12501\">Otras. Atrasos funcionarios<\/option>\t\t\t<option value=\"62802\">Otro inmovilizado material. Diversos<\/option>\t\t\t<option value=\"62801\">Otro inmovilizado material. Libros<\/option>\t\t\t<option value=\"22009\">Otro material de oficina<\/option>\t\t\t<option value=\"22799\">Otros estudios y trabajos<\/option>\t\t\t<option value=\"22699\">Otros gastos diversos<\/option>\t\t\t<option value=\"35901\">Otros gastos financieros<\/option>\t\t\t<option value=\"16299\">Otros gastos sociales<\/option>\t\t\t<option value=\"39101\">Otros ingresos. Deducciones de n\u00f3minas<\/option>\t\t\t<option value=\"39100\">Otros ingresos. Recursos eventuales<\/option>\t\t\t<option value=\"16099\">Otros reg\u00edmenes de previsi\u00f3n<\/option>\t\t\t<option value=\"22002\">Prensa, revistas, libros y otras publicaciones<\/option>\t\t\t<option value=\"22402\">Primas de seguros. Edificios y otras construccione<\/option>\t\t\t<option value=\"22404\">Primas de seguros. Elementos de transporte<\/option>\t\t\t<option value=\"22403\">Primas de seguros. Maquinaria, instal. y utillaje<\/option>\t\t\t<option value=\"87001\">Remanentes de tesorer\u00eda para otras mod. presup.<\/option>\t\t\t<option value=\"21202\">Reparaci\u00f3n y conserv. edificios administrativos<\/option>\t\t\t<option value=\"21401\">Reparaci\u00f3n y conserv. elementos de transporte<\/option>\t\t\t<option value=\"21601\">Reparaci\u00f3n y conserv. Equipos procesos informaci\u00f3n<\/option>\t\t\t<option value=\"21302\">Reparaci\u00f3n y conserv. instalaciones<\/option>\t\t\t<option value=\"21301\">Reparaci\u00f3n y conserv. maquinaria<\/option>\t\t\t<option value=\"21501\">Reparaci\u00f3n y conserv. Mobiliario y enseres<\/option>\t\t\t<option value=\"21901\">Reparaci\u00f3n y conserv. otro inmovilizado material<\/option>\t\t\t<option value=\"10002\">Retrib. Complement. Altos Cargos<\/option>\t\t\t<option value=\"11002\">Retrib. Complement. Pers. Eventual<\/option>\t\t\t<option value=\"10001\">Retribuciones b\u00e1sicas altos cargos<\/option>\t\t\t<option value=\"11001\">Retribuciones b\u00e1sicas personal eventual<\/option>\t\t\t<option value=\"16001\">Seguridad social<\/option>\t\t\t<option value=\"16205\">Seguros<\/option>\t\t\t<option value=\"22102\">Suministros agua<\/option>\t\t\t<option value=\"22104\">Suministros combustible<\/option>\t\t\t<option value=\"22101\">Suministros energ\u00eda el\u00e9ctrica<\/option>\t\t\t<option value=\"22199\">Suministros otros<\/option>\t\t\t<option value=\"22105\">Suministros vestuario<\/option>\t\t\t<option value=\"22701\">Trabajos realiz. por otras emp. Limpieza y aseo<\/option>\t\t\t<option value=\"22702\">Trabajos realiz. por otras emp. Seguridad<\/option>\t\t\t<option value=\"22707\">Trabajos realiz. por otras empr. Estudios y trabaj<\/option>\t\t\t<option value=\"43100\">Transferencias corrientes<\/option>\t\t\t<option value=\"131\">Transferencias corrientes<\/option>\t\t\t<option value=\"22503\">Tributos<\/option>\t\t\t<option value=\"12006\">Trienios<\/option>\t\t\t<option value=\"22205\">Urgencias<\/option>        <\/select><\/label><\/div><div class=\"bloque ultimo\"><label>\t<input type=\"submit\" value=\"Filtrar\" \/><\/label><\/div><div class=\"clear\"><\/div><\/div><\/div><\/form><\/div><\/div><div style=\"clear:both;\">&nbsp;<\/div><table class=\"table table-striped\" id=\"contenido\">\t<thead>\t\t<tr>\t\t\t<th>Subconcepte econ\u00f2mic<\/th>\t\t\t<th>Tipus de moviment<\/th>\t\t\t<th>Data del moviment<\/th>\t\t\t<th>Tercers<\/th>\t\t\t<th>Descripci\u00f3<\/th>\t\t\t<th>Data del registre<\/th>\t\t\t<th>Import<\/th>\t\t<\/tr>\t<\/thead>\t<tbody><tr>\t<td>Otros reg\u00edmenes de previsi\u00f3n<\/td>\t<td>Pagaments pressupostaris\t<\/td>\t<td>3\/4\/2017\t<\/td>\t<td>ASISTENCIA SANITARIA INTERPROVINCIAL<\/td>\t<td>Altres r\u00e8gims de previsi\u00f3 \t<\/td>\t<td>\t<\/td>\t<td class=\"text-right\">145,53\u20ac\t<\/td><\/tr><tr>\t<td>Reparaci\u00f3n y conserv. instalaciones<\/td>\t<td>Pagaments pressupostaris\t<\/td>\t<td>6\/4\/2017\t<\/td>\t<td>MONTES TALLON<\/td>\t<td>Reparaci\u00f3 i conservaci\u00f3 d'instal\u00b7lacions\t<\/td>\t<td>1\/4\/2017\t<\/td>\t<td class=\"text-right\">463,82\u20ac\t<\/td><\/tr><tr>\t<td>Suministros agua<\/td>\t<td>Pagaments pressupostaris\t<\/td>\t<td>7\/4\/2017\t<\/td>\t<td>AGUAS DE ALICANTE<\/td>\t<td>Subministramens d'aigua\t<\/td>\t<td>5\/4\/2017\t<\/td>\t<td class=\"text-right\">325,13\u20ac\t<\/td><\/tr><tr>\t<td>Arrendam. de edificios y  otras construcciones<\/td>\t<td>Pagaments pressupostaris\t<\/td>\t<td>10\/4\/2017\t<\/td>\t<td>PARKING CANALEJAS<\/td>\t<td>Arrendaments d'edificis i altres construccions\t<\/td>\t<td>\t<\/td>\t<td class=\"text-right\">103,01\u20ac\t<\/td><\/tr><tr>\t<td>Material de oficina. Ordinario no inventariable<\/td>\t<td>Pagaments pressupostaris\t<\/td>\t<td>12\/4\/2017\t<\/td>\t<td>SUMINISTROS DE PAPELERIA E INFORMATICA ALICANTE<\/td>\t<td>Material d'oficina. Ordinari no inventariable\t<\/td>\t<td>4\/4\/2017\t<\/td>\t<td class=\"text-right\">895,53\u20ac\t<\/td><\/tr><tr>\t<td>Reparaci\u00f3n y conserv. Equipos procesos informaci\u00f3n<\/td>\t<td>Pagaments pressupostaris\t<\/td>\t<td>12\/4\/2017\t<\/td>\t<td>IT SALTO SLU<\/td>\t<td>Reparaci\u00f3 i conservaci\u00f3 d'equips de processament formaci\u00f3\t<\/td>\t<td>2\/3\/2017\t<\/td>\t<td class=\"text-right\">998,43\u20ac\t<\/td><\/tr><tr>\t<td>Reparaci\u00f3n y conserv. Equipos procesos informaci\u00f3n<\/td>\t<td>Pagaments pressupostaris\t<\/td>\t<td>12\/4\/2017\t<\/td>\t<td>IT SALTO SLU<\/td>\t<td>Reparaci\u00f3 i conservaci\u00f3 d'equips de processament formaci\u00f3\t<\/td>\t<td>17\/3\/2017\t<\/td>\t<td class=\"text-right\">1.570,34\u20ac\t<\/td><\/tr><tr>\t<td>Suministros otros<\/td>\t<td>Pagaments pressupostaris\t<\/td>\t<td>12\/4\/2017\t<\/td>\t<td>ELIS MANOMATIC S.A<\/td>\t<td>Subministraments altres\t<\/td>\t<td>20\/3\/2017\t<\/td>\t<td class=\"text-right\">20,68\u20ac\t<\/td><\/tr><tr>\t<td>Comunicaciones. Telef\u00f3nicas<\/td>\t<td>Pagaments pressupostaris\t<\/td>\t<td>12\/4\/2017\t<\/td>\t<td>TELEFONICA MOVILES ESPA\u00d1A,S.A.<\/td>\t<td>Comunicacions. Telef\u00f2niques\t<\/td>\t<td>10\/3\/2017\t<\/td>\t<td class=\"text-right\">106,32\u20ac\t<\/td><\/tr><tr>\t<td>Prensa, revistas, libros y otras publicaciones<\/td>\t<td>Pagaments pressupostaris\t<\/td>\t<td>12\/4\/2017\t<\/td>\t<td>EDITORIAL ARANZADI S.A.<\/td>\t<td>Premsa, revistes, llibres i altres publicacions\t<\/td>\t<td>1\/4\/2017\t<\/td>\t<td class=\"text-right\">443,52\u20ac\t<\/td><\/tr><\/table><div class=\"paginacion\"><!--<span>Page 1 of 530<\/span>--><ul class='page-numbers'>\n\t<li><span aria-current=\"page\" class=\"page-numbers current\">1<\/span><\/li>\n\t<li><a class=\"page-numbers\" href=\"https:\/\/www.elsindic.com\/va\/wp-json\/wp\/v2\/pages\/15690\/page\/2\/#contenido\">2<\/a><\/li>\n\t<li><a class=\"page-numbers\" href=\"https:\/\/www.elsindic.com\/va\/wp-json\/wp\/v2\/pages\/15690\/page\/3\/#contenido\">3<\/a><\/li>\n\t<li><span class=\"page-numbers dots\">&hellip;<\/span><\/li>\n\t<li><a class=\"page-numbers\" href=\"https:\/\/www.elsindic.com\/va\/wp-json\/wp\/v2\/pages\/15690\/page\/530\/#contenido\">530<\/a><\/li>\n\t<li><a class=\"next page-numbers\" href=\"https:\/\/www.elsindic.com\/va\/wp-json\/wp\/v2\/pages\/15690\/page\/2\/#contenido\">&raquo;<\/a><\/li>\n<\/ul>\n<\/div>[\/vc_column_text][\/vc_column][\/vc_row]<\/p>\n<\/div>","protected":false},"excerpt":{"rendered":"<p>[vc_row][vc_column css=&#8221;.vc_custom_1516189691627{margin-top: 2% !important;}&#8221;][vc_column_text]La\u00a0Llei 5\/2016, de 6 de maig, de Comptes Oberts per a la Generalitat, declara com a oberts i accessibles tots els comptes bancaris oberts en entitats financeres de les administracions p\u00fabliques i organismes inclosos en el seu \u00e0mbit d&#8217;aplicaci\u00f3. A m\u00e9s d&#8217;exigir la publicaci\u00f3 de tots els comptes i els saldos, tamb\u00e9 [&hellip;]<\/p>\n","protected":false},"author":5,"featured_media":0,"parent":15806,"menu_order":0,"comment_status":"closed","ping_status":"closed","template":"","meta":{"footnotes":""},"class_list":["post-15690","page","type-page","status-publish","hentry"],"_links":{"self":[{"href":"https:\/\/www.elsindic.com\/va\/wp-json\/wp\/v2\/pages\/15690"}],"collection":[{"href":"https:\/\/www.elsindic.com\/va\/wp-json\/wp\/v2\/pages"}],"about":[{"href":"https:\/\/www.elsindic.com\/va\/wp-json\/wp\/v2\/types\/page"}],"author":[{"embeddable":true,"href":"https:\/\/www.elsindic.com\/va\/wp-json\/wp\/v2\/users\/5"}],"replies":[{"embeddable":true,"href":"https:\/\/www.elsindic.com\/va\/wp-json\/wp\/v2\/comments?post=15690"}],"version-history":[{"count":5,"href":"https:\/\/www.elsindic.com\/va\/wp-json\/wp\/v2\/pages\/15690\/revisions"}],"predecessor-version":[{"id":26934,"href":"https:\/\/www.elsindic.com\/va\/wp-json\/wp\/v2\/pages\/15690\/revisions\/26934"}],"up":[{"embeddable":true,"href":"https:\/\/www.elsindic.com\/va\/wp-json\/wp\/v2\/pages\/15806"}],"wp:attachment":[{"href":"https:\/\/www.elsindic.com\/va\/wp-json\/wp\/v2\/media?parent=15690"}],"curies":[{"name":"wp","href":"https:\/\/api.w.org\/{rel}","templated":true}]}}