{"id":15699,"date":"2018-01-17T12:21:52","date_gmt":"2018-01-17T11:21:52","guid":{"rendered":"http:\/\/www.elsindic.com\/?page_id=15699\/"},"modified":"2018-02-08T09:59:28","modified_gmt":"2018-02-08T08:59:28","slug":"saldos-bancaris","status":"publish","type":"page","link":"https:\/\/www.elsindic.com\/va\/portal-de-transparencia\/informacio-economica-pressupostaria-i-estadistica\/comptes-obertes\/saldos-bancaris\/","title":{"rendered":"Saldos bancaris"},"content":{"rendered":"<div class=\"wpb-content-wrapper\"><p>[vc_row][vc_column css=&#8221;.vc_custom_1516188084518{margin-top: 2% !important;}&#8221;][vc_column_text]<a href=\"http:\/\/www.dogv.gva.es\/index.php?id=26&amp;CHK_TEXTO_LIBRE=1&amp;tipo_search=legislacion&amp;num_tipo=6&amp;TD=Llei&amp;SOLO_NUMERO_DISPOSICION=5&amp;ANYO_DISPOSICION=2016\">La Llei 5\/2016, de 6 de maig, de Comptes Oberts per a la Generalitat<\/a>, declara com a oberta i accessible la informaci\u00f3 de tots els comptes bancaris en entitats financeres pertanyents a les administracions p\u00fabliques, organismes i entitats seg\u00fcents:<\/p>\n<p>a) L&#8217;administraci\u00f3 de la Generalitat.<br \/>\nb) El sector p\u00fablic instrumental de la Generalitat.<br \/>\nc) Les Corts, el S\u00edndic de Greuges, la Sindicatura de Comptes, el Consell Valenci\u00e0 de Cultura, l&#8217;Acad\u00e8mia Valenciana de la Llengua, el Comit\u00e8 Econ\u00f2mic i Social, el Consell Jur\u00eddic Consultiu i qualsevol altra instituci\u00f3 estatut\u00e0ria an\u00e0loga que es puga crear en el futur.<br \/>\nd) Les universitats p\u00fabliques valencianes i les entitats del seu sector p\u00fablic vinculades o dependents.<br \/>\ne) Les associacions constitu\u00efdes per les administracions p\u00fabliques, organismes i entitats mencionades.<\/p>\n<p>Les entitats i institucions incloses en els apartats b), c), d) i e) publicaran els seus comptes a partir del 12 de maig de 2017.\u00a0Les conselleries amb compet\u00e8ncies en mat\u00e8ria d&#8217;hisenda i transpar\u00e8ncia s\u00f3n les que han desplegat les mesures oportunes per a l&#8217;execuci\u00f3 de l&#8217;esmentada llei.<\/p>\n<p>Es publica informaci\u00f3 a partir de l&#8217;exercici 2017. Podeu consultar per un exercici sencer, per un per\u00edode cronol\u00f2gic menor seleccionant el mes d&#8217;inici i de fi, per organisme o entitat i per tipus de compte.\u00a0<a href=\"http:\/\/www.gvaoberta.gva.es\/tipos-cuentas-bancarias\">Consulteu ac\u00ed l&#8217;ajuda sobre el tipus de compte<\/a>.<\/p>\n<p>De cada compte bancari us facilitem l&#8217;organisme o entitat, la denominaci\u00f3, el tipus, el codi i el nom de l&#8217;entitat banc\u00e0ria, el codi i la denominaci\u00f3 de la sucursal, el n\u00famero de compte codificat i el saldo. La informaci\u00f3 s&#8217;actualitza l&#8217;\u00faltim dia de cada trimestre i el saldo \u00e9s el que correspon a les zero hores de l&#8217;\u00faltim dia de cada mes.<\/p>\n<p>Tota la informaci\u00f3 es publica en format reutilitzable. Us recomanem que quan obriu el fitxer CSV i importeu les dades seleccioneu el conjunt de car\u00e0cters Unicode (UTF-8) per a la seua correcta visualitzaci\u00f3.<\/p>\n<p>Font: S\u00edndic de Greuges de la Comunitat Valenciana<br \/>\nTresoreria del S\u00edndic<\/p>\n<p>Periodicitat d&#8217;actualitzaci\u00f3: trimestral<\/p>\n<p><style>li > span.current {display:table-cell;background-color:#b7334c;height:34px;width:34px;vertical-align: middle;}li > span.dots {display:table-cell;color:#b7334c;height:34px;width:34px;vertical-align: middle;}<\/style><div class=\"grid_12\"><div class=\"filtro\"><form action=\"https:\/\/www.elsindic.com\/va\/portal-de-transparencia\/informacio-economica-pressupostaria-i-estadistica\/comptes-obertes\/saldos-bancaris\/#contenido\"><div class=\"container_12\"><div class=\"cont-bloques\"><div class=\"bloque\"><label for=\"ejercicio\">Exercici<br \/><select id=\"ejercicio\" name=\"ejercicio\">   <option value=\"\"><\/option>   <option value=\"2025\">2025<\/option>   <option value=\"2024\">2024<\/option>   <option value=\"2023\">2023<\/option>   <option value=\"2022\">2022<\/option>   <option value=\"2021\">2021<\/option>   <option value=\"2020\">2020<\/option>   <option value=\"2019\">2019<\/option>   <option value=\"2018\">2018<\/option>   <option value=\"2017\">2017<\/option>\t<option value=\"2016\">2016<\/option><\/select><\/label><\/div><div class=\"bloque\"><label for=\"mesInicio\">Mes inici<br \/>        <select id=\"mesInicio\" name=\"mesInicio\">\t\t\t<option value=\"\"<\/option>\t\t\t<option value=\"1\">Gener<\/option>\t\t\t<option value=\"2\">Febrer<\/option>\t\t\t<option value=\"3\">Mar\u00e7<\/option>\t\t\t<option value=\"4\">Abril<\/option>\t\t\t<option value=\"5\">Maig<\/option>\t\t\t<option value=\"6\">Juny<\/option>\t\t\t<option value=\"7\">Juliol<\/option>\t\t\t<option value=\"8\">Agost<\/option>\t\t\t<option value=\"9\">Setembre<\/option>\t\t\t<option value=\"10\">Octobre<\/option>\t\t\t<option value=\"11\">Novembre<\/option>\t\t\t<option value=\"12\">Desembre<\/option>        <\/select><\/label><\/div><div class=\"bloque\"><label for=\"mesFin\">Mes fi<br \/>        <select id=\"mesFin\" name=\"mesFin\">\t\t\t<option value=\"\"<\/option>                   <option value=\"1\">Gener<\/option>                   <option value=\"2\">Febrer<\/option>                   <option value=\"3\">Mar\u00e7<\/option>                   <option value=\"4\">Abril<\/option>                   <option value=\"5\">Maig<\/option>                   <option value=\"6\">Juny<\/option>                   <option value=\"7\">Juliol<\/option>                   <option value=\"8\">Agost<\/option>                   <option value=\"9\">Setembre<\/option>                   <option value=\"10\">Octobre<\/option>                   <option value=\"11\">Novembre<\/option>                   <option value=\"12\">Desembre<\/option>        <\/select><\/label><\/div><div class=\"bloque ultimo\"><label>\t<input type=\"submit\" value=\"Filtrar\" \/><\/label><\/div><div class=\"clear\"><\/div><\/div><\/div><\/form><\/div><\/div><div style=\"clear:both;\">&nbsp;<\/div><table class=\"table table-striped\" id=\"contenido\">\t<thead>\t\t<tr>\t\t\t<th>Mes<\/th>\t\t\t<th>Saldo<\/th>\t\t<\/tr>\t<\/thead>\t<tbody><tr>\t<td>1\/2017<\/td>\t<td>327.023,01\u20ac<\/td><\/tr><tr>\t<td>2\/2017<\/td>\t<td>367.426,48\u20ac<\/td><\/tr><tr>\t<td>3\/2017<\/td>\t<td>410.047,51\u20ac<\/td><\/tr><tr>\t<td>4\/2017<\/td>\t<td>355.242,06\u20ac<\/td><\/tr><tr>\t<td>5\/2017<\/td>\t<td>494.740,83\u20ac<\/td><\/tr><tr>\t<td>6\/2017<\/td>\t<td>461.777,59\u20ac<\/td><\/tr><tr>\t<td>7\/2017<\/td>\t<td>413.523,14\u20ac<\/td><\/tr><tr>\t<td>8\/2017<\/td>\t<td>466.201,69\u20ac<\/td><\/tr><tr>\t<td>9\/2017<\/td>\t<td>523.557,58\u20ac<\/td><\/tr><tr>\t<td>10\/2017<\/td>\t<td>483.715,14\u20ac<\/td><\/tr><\/table><div class=\"paginacion\"><!--<span>Page 1 of 10<\/span>--><ul class='page-numbers'>\n\t<li><span aria-current=\"page\" class=\"page-numbers current\">1<\/span><\/li>\n\t<li><a class=\"page-numbers\" href=\"https:\/\/www.elsindic.com\/va\/wp-json\/wp\/v2\/pages\/15699\/page\/2\/#contenido\">2<\/a><\/li>\n\t<li><a class=\"page-numbers\" href=\"https:\/\/www.elsindic.com\/va\/wp-json\/wp\/v2\/pages\/15699\/page\/3\/#contenido\">3<\/a><\/li>\n\t<li><span class=\"page-numbers dots\">&hellip;<\/span><\/li>\n\t<li><a class=\"page-numbers\" href=\"https:\/\/www.elsindic.com\/va\/wp-json\/wp\/v2\/pages\/15699\/page\/10\/#contenido\">10<\/a><\/li>\n\t<li><a class=\"next page-numbers\" href=\"https:\/\/www.elsindic.com\/va\/wp-json\/wp\/v2\/pages\/15699\/page\/2\/#contenido\">&raquo;<\/a><\/li>\n<\/ul>\n<\/div>[\/vc_column_text][\/vc_column][\/vc_row]<\/p>\n<\/div>","protected":false},"excerpt":{"rendered":"<p>[vc_row][vc_column css=&#8221;.vc_custom_1516188084518{margin-top: 2% !important;}&#8221;][vc_column_text]La Llei 5\/2016, de 6 de maig, de Comptes Oberts per a la Generalitat, declara com a oberta i accessible la informaci\u00f3 de tots els comptes bancaris en entitats financeres pertanyents a les administracions p\u00fabliques, organismes i entitats seg\u00fcents: a) L&#8217;administraci\u00f3 de la Generalitat. b) El sector p\u00fablic instrumental de la Generalitat. [&hellip;]<\/p>\n","protected":false},"author":5,"featured_media":0,"parent":15806,"menu_order":0,"comment_status":"closed","ping_status":"closed","template":"","meta":{"footnotes":""},"class_list":["post-15699","page","type-page","status-publish","hentry"],"_links":{"self":[{"href":"https:\/\/www.elsindic.com\/va\/wp-json\/wp\/v2\/pages\/15699"}],"collection":[{"href":"https:\/\/www.elsindic.com\/va\/wp-json\/wp\/v2\/pages"}],"about":[{"href":"https:\/\/www.elsindic.com\/va\/wp-json\/wp\/v2\/types\/page"}],"author":[{"embeddable":true,"href":"https:\/\/www.elsindic.com\/va\/wp-json\/wp\/v2\/users\/5"}],"replies":[{"embeddable":true,"href":"https:\/\/www.elsindic.com\/va\/wp-json\/wp\/v2\/comments?post=15699"}],"version-history":[{"count":3,"href":"https:\/\/www.elsindic.com\/va\/wp-json\/wp\/v2\/pages\/15699\/revisions"}],"predecessor-version":[{"id":15723,"href":"https:\/\/www.elsindic.com\/va\/wp-json\/wp\/v2\/pages\/15699\/revisions\/15723"}],"up":[{"embeddable":true,"href":"https:\/\/www.elsindic.com\/va\/wp-json\/wp\/v2\/pages\/15806"}],"wp:attachment":[{"href":"https:\/\/www.elsindic.com\/va\/wp-json\/wp\/v2\/media?parent=15699"}],"curies":[{"name":"wp","href":"https:\/\/api.w.org\/{rel}","templated":true}]}}