{"id":26809,"date":"2018-07-18T13:14:51","date_gmt":"2018-07-18T11:14:51","guid":{"rendered":"http:\/\/www.elsindic.com\/?page_id=26809"},"modified":"2018-10-31T12:03:18","modified_gmt":"2018-10-31T11:03:18","slug":"xxxiii-jornades-coordinacio-defensors","status":"publish","type":"page","link":"https:\/\/www.elsindic.com\/va\/publicacions-i-descarregues\/xxxiii-jornades-coordinacio-defensors\/","title":{"rendered":"XXXIII Jornades de Coordinaci\u00f3 de Defensors del poble"},"content":{"rendered":"<div class=\"wpb-content-wrapper\"><p>[vc_row css=&#8221;.vc_custom_1531912640373{padding-top: 30px !important;}&#8221;][vc_column][vc_column_text]Durant els dies 23 i 24 d&#8217;octubre, la ciutat d&#8217;Alacant va acollir les XXXIII Jornades de Coordinaci\u00f3 de Defensors del Poble, que enguany van ser organitzades per l&#8217;oficina del S\u00edndic de Greuges de la Comunitat Valenciana, i que tingueren com a tema central l&#8217;atenci\u00f3 de dones i menors v\u00edctimes de viol\u00e8ncia de g\u00e8nere.<\/p>\n<p>A continuaci\u00f3 trobareu informaci\u00f3 relativa a aquesta trobada en qu\u00e8 van participar les institucions seg\u00fcents: Defensor del Poble, Ararteko del Pa\u00eds Basc, Defensor del Poble d\u2019Andalusia, Defensor del Poble de Navarra, Diputat del Com\u00fa de Can\u00e0ries, Just\u00edcia d\u2019Arag\u00f3, Procurador del Com\u00fa de Castella i Lle\u00f3, S\u00edndic de Greuges de Catalunya, S\u00edndic de Greuges de la Comunitat Valenciana i Valedor do Pobo de Gal\u00edcia.<\/p>\n<ul>\n<li><a href=\"http:\/\/www.elsindic.com\/wp-content\/uploads\/2018\/10\/DECLARACIO-DEFENSORS-valenci--.pdf\" target=\"_blank\" rel=\"noopener\">Declaraci\u00f3 de les defensories del poble sobre la l&#8217;Atenci\u00f3 a dones i menors v\u00edctimes de viol\u00e9ncia de g\u00e8nere (200 KB)<\/a><\/li>\n<li><a href=\"http:\/\/www.elsindic.com\/wp-content\/uploads\/2018\/10\/documento-de-sintesis-atencion-a-las-mujeres-y-a-menores-victimas-de-violencia-de-genero.pdf\" target=\"_blank\" rel=\"noopener\">Document de s\u00edntesi -en castell\u00e0- (996KB)<\/a><\/li>\n<li><a href=\"http:\/\/www.elsindic.com\/wp-content\/uploads\/2018\/10\/Programa-Jornadas-de-Coordinacion-prensa-1.pdf\" target=\"_blank\" rel=\"noopener\">Programa de les Jornades -en castell\u00e0- (191KB)<\/a><\/li>\n<li><a href=\"https:\/\/www.flickr.com\/photos\/151569686@N06\/albums\/72157699710364702\" target=\"_blank\" rel=\"noopener\">Galeria d&#8217;imatges<\/a><\/li>\n<\/ul>\n<p>[\/vc_column_text][\/vc_column][\/vc_row]<\/p>\n<\/div>","protected":false},"excerpt":{"rendered":"<p>[vc_row css=&#8221;.vc_custom_1531912640373{padding-top: 30px !important;}&#8221;][vc_column][vc_column_text]Durant els dies 23 i 24 d&#8217;octubre, la ciutat d&#8217;Alacant va acollir les XXXIII Jornades de Coordinaci\u00f3 de Defensors del Poble, que enguany van ser organitzades per l&#8217;oficina del S\u00edndic de Greuges de la Comunitat Valenciana, i que tingueren com a tema central l&#8217;atenci\u00f3 de dones i menors v\u00edctimes de viol\u00e8ncia de [&hellip;]<\/p>\n","protected":false},"author":5,"featured_media":0,"parent":10684,"menu_order":0,"comment_status":"closed","ping_status":"closed","template":"","meta":{"footnotes":""},"class_list":["post-26809","page","type-page","status-publish","hentry"],"_links":{"self":[{"href":"https:\/\/www.elsindic.com\/va\/wp-json\/wp\/v2\/pages\/26809"}],"collection":[{"href":"https:\/\/www.elsindic.com\/va\/wp-json\/wp\/v2\/pages"}],"about":[{"href":"https:\/\/www.elsindic.com\/va\/wp-json\/wp\/v2\/types\/page"}],"author":[{"embeddable":true,"href":"https:\/\/www.elsindic.com\/va\/wp-json\/wp\/v2\/users\/5"}],"replies":[{"embeddable":true,"href":"https:\/\/www.elsindic.com\/va\/wp-json\/wp\/v2\/comments?post=26809"}],"version-history":[{"count":18,"href":"https:\/\/www.elsindic.com\/va\/wp-json\/wp\/v2\/pages\/26809\/revisions"}],"predecessor-version":[{"id":27288,"href":"https:\/\/www.elsindic.com\/va\/wp-json\/wp\/v2\/pages\/26809\/revisions\/27288"}],"up":[{"embeddable":true,"href":"https:\/\/www.elsindic.com\/va\/wp-json\/wp\/v2\/pages\/10684"}],"wp:attachment":[{"href":"https:\/\/www.elsindic.com\/va\/wp-json\/wp\/v2\/media?parent=26809"}],"curies":[{"name":"wp","href":"https:\/\/api.w.org\/{rel}","templated":true}]}}