{"id":26815,"date":"2018-07-18T13:26:00","date_gmt":"2018-07-18T11:26:00","guid":{"rendered":"http:\/\/www.elsindic.com\/?page_id=26815"},"modified":"2018-10-17T13:14:21","modified_gmt":"2018-10-17T11:14:21","slug":"calendari-treball","status":"publish","type":"page","link":"https:\/\/www.elsindic.com\/va\/publicacions-i-descarregues\/xxxiii-jornades-coordinacio-defensors\/calendari-treball\/","title":{"rendered":"Calendari de treball"},"content":{"rendered":"<div class=\"wpb-content-wrapper\"><p>[vc_row css=&#8221;.vc_custom_1531913141337{padding-top: 30px !important;}&#8221;][vc_column][vc_column_text]<strong>JUNY 2018<\/strong><\/p>\n<p class=\"col-xs-offset-1\"><strong>15 de juny de 2018<\/strong><\/p>\n<p class=\"col-xs-offset-1\">Data l\u00edmit per a remissi\u00f3 d&#8217;esmenes i correccions al document s\u00edntesi.<\/p>\n<p class=\"col-xs-offset-1\"><strong>28 i 29 de juny de 2018<\/strong><\/p>\n<p class=\"col-xs-offset-1\">Taller de preparaci\u00f3 de les Jornades de Coordinaci\u00f3 a Sevilla.<\/p>\n<p class=\"col-xs-offset-1\"><strong>30 de juny de 2018<\/strong><\/p>\n<p class=\"col-xs-offset-1\">Data l\u00edmit per a confirmar HOTEL i ASSIST\u00c8NCIA a les Jornades.<\/p>\n<p><strong>OCTUBRE 2018<\/strong><\/p>\n<p class=\"col-xs-offset-1\"><strong>22 d&#8217;octubre de 2018<\/strong><\/p>\n<p class=\"col-xs-offset-1\">Recepci\u00f3 dels participants i lliurament de materials.<\/p>\n<p class=\"col-xs-offset-1\">C\u00f2ctel de benvinguda.<\/p>\n<p class=\"col-xs-offset-1\"><strong>23 i 24 d&#8217;octubre de 2018<\/strong><\/p>\n<p class=\"col-xs-offset-1\">XXIII Jornades de Coordinaci\u00f3 de Defensors del Poble.<\/p>\n<p class=\"col-xs-offset-1\">(<a href=\"http:\/\/www.elsindic.com\/va\/xxxiii-jornades-coordinacio-defensors\/programa\/\">Vegeu-ne el Programa<\/a>)<\/p>\n<p>[\/vc_column_text][\/vc_column][\/vc_row]<\/p>\n<\/div>","protected":false},"excerpt":{"rendered":"<p>[vc_row css=&#8221;.vc_custom_1531913141337{padding-top: 30px !important;}&#8221;][vc_column][vc_column_text]JUNY 2018 15 de juny de 2018 Data l\u00edmit per a remissi\u00f3 d&#8217;esmenes i correccions al document s\u00edntesi. 28 i 29 de juny de 2018 Taller de preparaci\u00f3 de les Jornades de Coordinaci\u00f3 a Sevilla. 30 de juny de 2018 Data l\u00edmit per a confirmar HOTEL i ASSIST\u00c8NCIA a les Jornades. OCTUBRE [&hellip;]<\/p>\n","protected":false},"author":5,"featured_media":0,"parent":26809,"menu_order":0,"comment_status":"closed","ping_status":"closed","template":"","meta":{"footnotes":""},"class_list":["post-26815","page","type-page","status-publish","hentry"],"_links":{"self":[{"href":"https:\/\/www.elsindic.com\/va\/wp-json\/wp\/v2\/pages\/26815"}],"collection":[{"href":"https:\/\/www.elsindic.com\/va\/wp-json\/wp\/v2\/pages"}],"about":[{"href":"https:\/\/www.elsindic.com\/va\/wp-json\/wp\/v2\/types\/page"}],"author":[{"embeddable":true,"href":"https:\/\/www.elsindic.com\/va\/wp-json\/wp\/v2\/users\/5"}],"replies":[{"embeddable":true,"href":"https:\/\/www.elsindic.com\/va\/wp-json\/wp\/v2\/comments?post=26815"}],"version-history":[{"count":6,"href":"https:\/\/www.elsindic.com\/va\/wp-json\/wp\/v2\/pages\/26815\/revisions"}],"predecessor-version":[{"id":27157,"href":"https:\/\/www.elsindic.com\/va\/wp-json\/wp\/v2\/pages\/26815\/revisions\/27157"}],"up":[{"embeddable":true,"href":"https:\/\/www.elsindic.com\/va\/wp-json\/wp\/v2\/pages\/26809"}],"wp:attachment":[{"href":"https:\/\/www.elsindic.com\/va\/wp-json\/wp\/v2\/media?parent=26815"}],"curies":[{"name":"wp","href":"https:\/\/api.w.org\/{rel}","templated":true}]}}