{"id":26826,"date":"2018-07-18T13:38:46","date_gmt":"2018-07-18T11:38:46","guid":{"rendered":"http:\/\/www.elsindic.com\/?page_id=26826"},"modified":"2018-10-19T11:42:13","modified_gmt":"2018-10-19T09:42:13","slug":"programa","status":"publish","type":"page","link":"https:\/\/www.elsindic.com\/va\/publicacions-i-descarregues\/xxxiii-jornades-coordinacio-defensors\/programa\/","title":{"rendered":"Programa"},"content":{"rendered":"<div class=\"wpb-content-wrapper\"><p>[vc_row css=&#8221;.vc_custom_1531913686600{padding-top: 30px !important;}&#8221;][vc_column][vc_column_text]PROGRAMA DE LES XXXIII JORNADES DE COORDINACI\u00d3 DE DEFENSORS DEL POBLE<\/p>\n<p><strong>Dia 22 d&#8217;octubre<\/strong><\/p>\n<p class=\"col-xs-offset-1\"><strong>\u00a0Durant la vesprada.<\/strong>\u00a0Recepci\u00f3 de participants a l&#8217;Hotel Porta Maris<\/p>\n<p class=\"col-xs-offset-1\"><strong>\u00a021:00 h.<\/strong>\u00a0C\u00f2ctel de benvinguda a l&#8217;Hotel Porta Maris<\/p>\n<p><strong>Dia 23 d&#8217;octubre<\/strong><\/p>\n<p class=\"col-xs-offset-1\"><strong>10:00 h.<\/strong>\u00a0Inauguraci\u00f3 oficial de les Jornades:\u00a0<strong>Enric Morera i Catal\u00e0<\/strong>. President de les Corts Valencianes<\/p>\n<p class=\"col-xs-offset-2\">Hi intervenen: <strong>Francisco M. Fern\u00e1ndez Marug\u00e1n<\/strong>. Defensor del Poble d&#8217;Espanya<\/p>\n<p class=\"col-xs-offset-1\"><strong>10:30 h.<\/strong>\u00a0Conferencia Inaugural:\u00a0Los retos del pacto de estado contra la violencia de g\u00e9nero<\/p>\n<p class=\"col-xs-offset-2\">Ponent: <strong>M\u00aa \u00c1ngeles Carmona Vergara<\/strong>. Presidenta de l&#8217;Observatori contra la Viol\u00e8ncia Dom\u00e8stica i de G\u00e8nere del Consell General del Poder Judicial<\/p>\n<p class=\"col-xs-offset-2\">Presenta i modera: <strong>Concepci\u00f3 Ferrer i Casals<\/strong>. Adjunta del Defensor del Poble d&#8217;Espanya<\/p>\n<p class=\"col-xs-offset-1\"><strong>11:45 h.\u00a0<\/strong>Descans-caf\u00e9<\/p>\n<p class=\"col-xs-offset-1\"><strong>12:15 h.<\/strong>\u00a0Confer\u00e8ncia: &#8220;Menores v\u00edctimas de violencia de g\u00e9nero&#8221;<\/p>\n<p class=\"col-xs-offset-2\">Ponent:\u00a0<strong>Jorge Cardona Llorens<\/strong>. Membre del Comit\u00e9 de Drets del Xiquet (ONU) i catedr\u00e0tic de Dret Internacional P\u00fablic en la Universitat de Val\u00e8ncia<\/p>\n<p class=\"col-xs-offset-2\">Presenta i modera: <strong>Carlos Morenilla Jim\u00e9nez<\/strong>. Adjunt segon del S\u00edndic de Greuges de la Comunitat Valenciana<\/p>\n<p class=\"col-xs-offset-1\"><strong>14:00 h.<\/strong>\u00a0Dinar oferit per la Diputaci\u00f3 d&#8217;Alacant al restaurant D\u00e1rsena<\/p>\n<p class=\"col-xs-offset-1\"><strong>16:00 h.<\/strong>\u00a0Confer\u00e8ncia: &#8220;Las v\u00edctimas de la violencia de g\u00e9nero&#8221;<\/p>\n<p class=\"col-xs-offset-2\">Ponent: <strong>Susana Gisbert Grifo<\/strong>. Fiscal de Viol\u00e8ncia de G\u00e8nere i portaveu de la Fiscalia Provincial de Val\u00e8ncia<\/p>\n<p class=\"col-xs-offset-2\">Presenta i modera: <strong>Beatriz Eugenia Barrera Vera<\/strong>. Adjunta especial d&#8217;Igualtat entre Dones i Homes i Viol\u00e8ncia de G\u00e8nere del Diputat del Com\u00fa de Can\u00e0ries<\/p>\n<p class=\"col-xs-offset-1\"><strong>17:15 h.<\/strong>\u00a0Confer\u00e8ncia: \u201cEstilos de apego en menores v\u00edctimas de violencia intrafamiliar. Una perspectiva desde los v\u00ednculos emocionales de las nuevas familias\u201d<\/p>\n<p class=\"col-xs-offset-2\">Ponent: <strong>F\u00e9lix Loizaga Latorre<\/strong>. Doctor en Psicologia, Universitat de Deusto<\/p>\n<p class=\"col-xs-offset-2\">Presenta i modera: <strong>M\u00aa Juana P\u00e9rez Oller<\/strong>. Adjunta del Defensor del Poble Andal\u00fas<\/p>\n<p class=\"col-xs-offset-1\"><strong>19:00 h.<\/strong>\u00a0Visita a l&#8217;exposici\u00f3 &#8220;Van Gogh Alive: The experience&#8221;. Sala d&#8217;Exposicions de la Llotja del Peix<\/p>\n<p class=\"col-xs-offset-1\"><strong>21:00 h.<\/strong>\u00a0Sopar al restaurant C\u00e9sar Anca<\/p>\n<p><strong>Dia 24 d&#8217;octubre<\/strong><\/p>\n<p class=\"col-xs-offset-1\"><strong>9:00 h.<\/strong>\u00a0 Comunicaci\u00f3n: &#8220;La mediaci\u00f3n en el Defensor del Pueblo Andaluz, como complemento al modelo cl\u00e1sico de supervisi\u00f3n en la gesti\u00f3n de las quejas&#8221;<\/p>\n<p class=\"col-xs-offset-2\">Ponents:<br \/>\n<strong>Jes\u00fas Maeztu Gregorio de Tejada<\/strong>. Defensor del Poble Andal\u00fas<br \/>\n<strong>Marina Otero Reina<\/strong>. Reponsable del Servici de Mediaci\u00f3.\u00a0Defensor del Poble Andal\u00fas<\/p>\n<p class=\"col-xs-offset-1\"><strong>9:30 h.<\/strong>\u00a0Taula redona: &#8220;Document de conclusions i propostes&#8221;<\/p>\n<p class=\"col-xs-offset-2\">Presenta i modera: <strong>Julia Hern\u00e1ndez Vall\u00e9s<\/strong>. Adjunta de l&#8217;Ararteko del Pa\u00eds Basc<\/p>\n<p class=\"col-xs-offset-2\">Hi intervenen:<br \/>\n<strong>Elena Arce Jim\u00e9nez.<\/strong> T\u00e8cnica cap. Defensor del Poble d&#8217;Espanya<br \/>\n<strong>Amparo Arguisjuela Hermida<\/strong>. Assessora. Defensor del Poble Andal\u00fas<br \/>\n<strong>David Calatayud Chover<\/strong>. Assessor. S\u00edndic de Greuges de la Comunitat Valenciana<\/p>\n<p class=\"col-xs-offset-1\"><strong>11:15 h.<\/strong>\u00a0Caf\u00e9<\/p>\n<p class=\"col-xs-offset-1\"><strong>11:15 h.<\/strong>\u00a0Reuni\u00f3 de titulars de les defensories i aprovaci\u00f3 del &#8220;Document de conclusions i propostes&#8221;<\/p>\n<p class=\"col-xs-offset-1\"><strong>12:30 h.<\/strong>\u00a0Comunicaci\u00f3 p\u00fablica del &#8220;Document de conclusions i propostes&#8221;<\/p>\n<p class=\"col-xs-offset-1\"><strong>14:00 h.<\/strong>\u00a0Dinar al restaurant Aldebar\u00e1n<\/p>\n<p>[\/vc_column_text][\/vc_column][\/vc_row]<\/p>\n<\/div>","protected":false},"excerpt":{"rendered":"<p>[vc_row css=&#8221;.vc_custom_1531913686600{padding-top: 30px !important;}&#8221;][vc_column][vc_column_text]PROGRAMA DE LES XXXIII JORNADES DE COORDINACI\u00d3 DE DEFENSORS DEL POBLE Dia 22 d&#8217;octubre \u00a0Durant la vesprada.\u00a0Recepci\u00f3 de participants a l&#8217;Hotel Porta Maris \u00a021:00 h.\u00a0C\u00f2ctel de benvinguda a l&#8217;Hotel Porta Maris Dia 23 d&#8217;octubre 10:00 h.\u00a0Inauguraci\u00f3 oficial de les Jornades:\u00a0Enric Morera i Catal\u00e0. President de les Corts Valencianes Hi intervenen: Francisco M. [&hellip;]<\/p>\n","protected":false},"author":5,"featured_media":0,"parent":26809,"menu_order":0,"comment_status":"closed","ping_status":"closed","template":"","meta":{"footnotes":""},"class_list":["post-26826","page","type-page","status-publish","hentry"],"_links":{"self":[{"href":"https:\/\/www.elsindic.com\/va\/wp-json\/wp\/v2\/pages\/26826"}],"collection":[{"href":"https:\/\/www.elsindic.com\/va\/wp-json\/wp\/v2\/pages"}],"about":[{"href":"https:\/\/www.elsindic.com\/va\/wp-json\/wp\/v2\/types\/page"}],"author":[{"embeddable":true,"href":"https:\/\/www.elsindic.com\/va\/wp-json\/wp\/v2\/users\/5"}],"replies":[{"embeddable":true,"href":"https:\/\/www.elsindic.com\/va\/wp-json\/wp\/v2\/comments?post=26826"}],"version-history":[{"count":13,"href":"https:\/\/www.elsindic.com\/va\/wp-json\/wp\/v2\/pages\/26826\/revisions"}],"predecessor-version":[{"id":27160,"href":"https:\/\/www.elsindic.com\/va\/wp-json\/wp\/v2\/pages\/26826\/revisions\/27160"}],"up":[{"embeddable":true,"href":"https:\/\/www.elsindic.com\/va\/wp-json\/wp\/v2\/pages\/26809"}],"wp:attachment":[{"href":"https:\/\/www.elsindic.com\/va\/wp-json\/wp\/v2\/media?parent=26826"}],"curies":[{"name":"wp","href":"https:\/\/api.w.org\/{rel}","templated":true}]}}