{"id":27805,"date":"2019-03-01T12:06:38","date_gmt":"2019-03-01T11:06:38","guid":{"rendered":"http:\/\/www.elsindic.com\/?page_id=27805"},"modified":"2021-05-09T23:55:54","modified_gmt":"2021-05-09T21:55:54","slug":"inventari","status":"publish","type":"page","link":"https:\/\/www.elsindic.com\/va\/portal-de-transparencia\/informacio-economica-pressupostaria-i-estadistica\/inventari\/","title":{"rendered":"Inventari"},"content":{"rendered":"<h3>Relaci\u00f3 de b\u00e9ns i drets<\/h3>\n<p>Estem en proc\u00e9s d&#8217;actualitzaci\u00f3 de l&#8217;inventari per a incorporar-lo a una aplicaci\u00f3 inform\u00e0tica de gesti\u00f3.<\/p>\n","protected":false},"excerpt":{"rendered":"<p>Relaci\u00f3 de b\u00e9ns i drets Estem en proc\u00e9s d&#8217;actualitzaci\u00f3 de l&#8217;inventari per a incorporar-lo a una aplicaci\u00f3 inform\u00e0tica de gesti\u00f3.<\/p>\n","protected":false},"author":5,"featured_media":0,"parent":1066,"menu_order":0,"comment_status":"closed","ping_status":"closed","template":"","meta":{"footnotes":""},"class_list":["post-27805","page","type-page","status-publish","hentry"],"_links":{"self":[{"href":"https:\/\/www.elsindic.com\/va\/wp-json\/wp\/v2\/pages\/27805"}],"collection":[{"href":"https:\/\/www.elsindic.com\/va\/wp-json\/wp\/v2\/pages"}],"about":[{"href":"https:\/\/www.elsindic.com\/va\/wp-json\/wp\/v2\/types\/page"}],"author":[{"embeddable":true,"href":"https:\/\/www.elsindic.com\/va\/wp-json\/wp\/v2\/users\/5"}],"replies":[{"embeddable":true,"href":"https:\/\/www.elsindic.com\/va\/wp-json\/wp\/v2\/comments?post=27805"}],"version-history":[{"count":2,"href":"https:\/\/www.elsindic.com\/va\/wp-json\/wp\/v2\/pages\/27805\/revisions"}],"predecessor-version":[{"id":30112,"href":"https:\/\/www.elsindic.com\/va\/wp-json\/wp\/v2\/pages\/27805\/revisions\/30112"}],"up":[{"embeddable":true,"href":"https:\/\/www.elsindic.com\/va\/wp-json\/wp\/v2\/pages\/1066"}],"wp:attachment":[{"href":"https:\/\/www.elsindic.com\/va\/wp-json\/wp\/v2\/media?parent=27805"}],"curies":[{"name":"wp","href":"https:\/\/api.w.org\/{rel}","templated":true}]}}