{"id":28716,"date":"2019-10-11T12:23:31","date_gmt":"2019-10-11T10:23:31","guid":{"rendered":"https:\/\/www.elsindic.com\/?page_id=28716"},"modified":"2019-11-26T12:06:24","modified_gmt":"2019-11-26T11:06:24","slug":"jornada-conmemorativa-dia-infancia-2019","status":"publish","type":"page","link":"https:\/\/www.elsindic.com\/va\/altres-documents\/jornada-conmemorativa-dia-infancia-2019\/","title":{"rendered":"Jornada Commemorativa del Dia Internacional de la Inf\u00e0ncia 2019"},"content":{"rendered":"<h3>Atenci\u00f3 a menors extrangers no acompanyats<\/h3>\n<h4>Informac\u00edo<\/h4>\n<p>La jornada tindr\u00e0 lloc a la <a href=\"https:\/\/www.sigua.ua.es\/index.html?id=0011PB040\" target=\"_blank\" rel=\"noopener noreferrer\" title=\"Sala de Graus de la Facultat de Dret de Universitat d'Alacant\">Sala de Graus de la Facultat de Dret de Universitat d&#8217;Alacant (Campus de Sant Vicent del Raspeig)<\/a> el 20 de novembre de 2019<\/p>\n<h4>Documents<\/h4>\n<ul>\n<li><a href=\"https:\/\/www.elsindic.com\/wp-content\/uploads\/2019\/10\/programa-jornades-menor-2019.pdf\" target=\"_blank\" rel=\"noopener noreferrer\">Programa de la jornada<\/a><\/li>\n<li><a href=\"https:\/\/www.elsindic.com\/wp-content\/uploads\/2019\/10\/documento-sintesis-jornada-conmemorativa-infancia-2019.pdf\" target=\"_blank\" rel=\"noopener noreferrer\">Document s\u00edntesi<\/a><\/li>\n<li><a href=\"https:\/\/www.elsindic.com\/wp-content\/uploads\/2019\/10\/declaracion-de-tarifa.pdf\" target=\"_blank\" rel=\"noopener noreferrer\">Declaraci\u00f3 de Tarifa<\/a><\/li>\n<li><a href=\"https:\/\/www.elsindic.com\/wp-content\/uploads\/2019\/11\/infancia-2019-presentacion-sindic.pdf\" target=\"_blank\" rel=\"noopener noreferrer\">Presentaci\u00f3 S\u00edndic de Greuges<\/a><\/li>\n<li><a href=\"https:\/\/www.elsindic.com\/wp-content\/uploads\/2019\/11\/infancia-2019-ponencia-paloma-garcia.pdf\" target=\"_blank\" rel=\"noopener noreferrer\">Pon\u00e8ncia Paloma Garc\u00eda de Viedma Alonso<\/a>\n<ul>\n<li><a href=\"https:\/\/www.elsindic.com\/wp-content\/uploads\/2019\/11\/crc-observacion-general-6-trato-menores-no-acompanados.pdf\" target=\"_blank\" rel=\"noopener noreferrer\">CRC\/GC\/2005\/6 &#8211; Observaci\u00f3n General n\u00ba 6 &#8211; Trato de los menores no acompa\u00f1ados y separados de su familia fuera de su pa\u00eds de origen<\/a><\/li>\n<li><a href=\"https:\/\/www.elsindic.com\/wp-content\/uploads\/2019\/11\/crc-c79-d-11-2017-determinacion-edad.pdf\" target=\"_blank\" rel=\"noopener noreferrer\">CRC\/C\/79\/D\/11\/2017 &#8211; Procedimiento de determinaci\u00f3n de la edad de presunto ni\u00f1o no acompa\u00f1ado<\/a><\/li>\n<li><a href=\"https:\/\/www.elsindic.com\/wp-content\/uploads\/2019\/11\/crc-c80-dr-4-2016-devolucion-sumaria-menor-de-edad-melilla.pdf\" target=\"_blank\" rel=\"noopener noreferrer\">CRC\/C\/80\/D\/4\/2016 &#8211; Expulsi\u00f3n sumaria de ni\u00f1o no acompa\u00f1ado de Espa\u00f1a a Marruecos<\/a><\/li>\n<li><a href=\"https:\/\/www.elsindic.com\/wp-content\/uploads\/2019\/11\/crc-c81-d-16-2017-determinacion-edad.pdf\" target=\"_blank\" rel=\"noopener noreferrer\">CRC\/C\/81\/D\/16\/2017 &#8211; Procedimiento de determinaci\u00f3n de la edad de presunto ni\u00f1o no acompa\u00f1ado<\/a><\/li>\n<li><a href=\"https:\/\/www.elsindic.com\/wp-content\/uploads\/2019\/11\/crc-c81-d-22-2017-determinacion-edad.pdf\" target=\"_blank\" rel=\"noopener noreferrer\">CRC\/C\/81\/D\/22\/2017 &#8211; Procedimiento de determinaci\u00f3n de la edad de ni\u00f1o no acompa\u00f1ado<\/a><\/li>\n<li><a href=\"https:\/\/www.elsindic.com\/wp-content\/uploads\/2019\/11\/crc-c82-d-17-2017-determinacion-edad-y-asilo.pdf\" target=\"_blank\" rel=\"noopener noreferrer\">CRC\/C\/82\/D\/17\/2017 &#8211; Procedimiento de determinaci\u00f3n de la edad de presunto ni\u00f1o no acompa\u00f1ado solicitante de asilo<\/a><\/li>\n<li><a href=\"https:\/\/www.elsindic.com\/wp-content\/uploads\/2019\/11\/crc-c82-d-27-2017-determinacion-edad-y-asilo.pdf\" target=\"_blank\" rel=\"noopener noreferrer\">CRC\/C\/82\/D\/27\/2017 &#8211; Procedimiento de determinaci\u00f3n de la edad de presunto ni\u00f1o no acompa\u00f1ado solicitante de asilo<\/a><\/li>\n<\/ul>\n<\/li>\n<li><a href=\"https:\/\/www.elsindic.com\/wp-content\/uploads\/2019\/11\/infancia-2019-ponencia-amaia-bravo.pdf\" target=\"_blank\" rel=\"noopener noreferrer\">Pon\u00e8ncia Amaia Bravo Arteaga<\/a><\/li>\n<\/ul>\n<h4>Gravaci\u00f3 de la jornada<\/h4>\n<div style=\"width: 640px; height: 360px;\"> <iframe loading=\"lazy\" src=\"https:\/\/vertice.cpd.ua.es\/207185?iframef=1&#038;vrtapp=vertice\" \nframeBorder=\"0\" scrolling=\"no\" name=\"test\" height=\"360\" width=\"640\">You need a Frames Capable browser to view this content.<\/iframe> <\/div>\n<h4>Retalls de premsa<\/h4>\n<ul>\n<li><a href=\"https:\/\/www.elmundo.es\/comunidad-valenciana\/alicante\/2019\/11\/21\/5dd578eafc6c8384078b45d2.html\" target=\"_blank\" rel=\"noopener noreferrer\">[EL MUNDO] Acabar con el &#8220;doble rasero&#8221; de atenci\u00f3n a los &#8216;Mena<\/a><\/li>\n<li><a href=\"https:\/\/www.20minutos.es\/noticia\/4061502\/0\/el-sindic-de-greuges-senala-que-el-rechazo-a-los-mena-tiene-un-claro-factor-de-manipulacion-y-utilizacion-ideologica\/\" target=\"_blank\" rel=\"noopener noreferrer\">[20 MINUTOS] El S\u00edndic de Greuges se\u00f1ala que el rechazo a los Mena tiene un &#8220;claro factor de manipulaci\u00f3n y utilizaci\u00f3n ideol\u00f3gica&#8221;<\/li>\n<li><a href=\"http:\/\/www.alacantitv.com\/el-sindic-urge-a-encontrar-una-solucion-para-los-mena\/\" target=\"_blank\" rel=\"noopener noreferrer\">[ALACANTI TV] El S\u00edndic urge a encontrar una soluci\u00f3n para los MENA<\/a><\/li>\n<li><a href=\"https:\/\/cadenaser.com\/emisora\/2019\/11\/20\/radio_alicante\/1574254386_833914.html\" target=\"_blank\" rel=\"noopener noreferrer\">[CADENA SER] Expertos en infancia exigen un plan nacional estrat\u00e9gico para los menores extranjeros no acompa\u00f1ados<\/a><\/li>\n<li><a href=\"https:\/\/apuntmedia.es\/va\/noticies\/a-punt-ntc\/20-11-2019-informatiu-migdia\" target=\"_blank\" rel=\"noopener noreferrer\">[\u00c0 PUNT] Reportaje informativo Jornada Menores<\/a><\/li>\n<li><a href=\"https:\/\/www.lavanguardia.com\/local\/valencia\/20191120\/471767107089\/el-sindic-de-greuges-senala-que-el-rechazo-a-los-mena-tiene-un-claro-factor-de-manipulacion-y-utilizacion-ideologica.html\" target=\"_blank\" rel=\"noopener noreferrer\">[LA VANGUARDIA] S\u00edndic de Greuges de Valencia cree que el rechazo a los Mena tiene un &#8220;claro factor de manipulaci\u00f3n y uso ideol\u00f3gico&#8221;<\/a><\/li>\n<li><a href=\"https:\/\/www.europapress.es\/comunitat-valenciana\/noticia-sindic-greuges-dice-rechazo-mena-basa-cuestiones-atavicas-vinculadas-tribu-20191120130827.html\" target=\"_blank\" rel=\"noopener noreferrer\">[EUROPA PRESS] El S\u00edndic de Greuges ve en el rechazo a los MENA &#8220;un claro factor de manipulaci\u00f3n ideol\u00f3gica<\/a><\/li>\n<li><a href=\"https:\/\/www.elsindic.com\/wp-content\/uploads\/2019\/11\/jornada-menores-2019-sindic-lamenta-rechazo-por-razones-ideologicas.pdf\" target=\"_blank\" rel=\"noopener noreferrer\">[LEVANTE] Sanidad trabaja en un nuevo modelo estatal para mejorar el acogimiento de los menas<\/a><\/li>\n<li><a href=\"https:\/\/www.elsindic.com\/wp-content\/uploads\/2019\/11\/jornada-menores-2019-sindic-alerta-carencias-atencion-menores-extranjeros-y-su-utilizacion-ideologica.pdf\" target=\"_blank\" rel=\"noopener noreferrer\">[DIARIO INFORMACION] El S\u00edndic alerta de las carencias en la atenci\u00f3n a los menores extranjeros y de su utilizaci\u00f3n ideol\u00f3gica<\/a><\/li>\n<\/ul>\n<h4>Fotos de la jornada<\/h4>\n<table style=\"border-collapse: separate; border-spacing: 10px;\">\n<tr>\n<td><a href=\"https:\/\/www.elsindic.com\/wp-content\/uploads\/2019\/11\/jornada-infancia-2019-streaming.jpg\" target=\"_blank\" rel=\"noopener noreferrer\"><img loading=\"lazy\" decoding=\"async\" src=\"https:\/\/www.elsindic.com\/wp-content\/uploads\/2019\/11\/jornada-infancia-2019-streaming-300x200.jpg\" alt=\"\" width=\"300\" height=\"200\" class=\"alignnone size-medium wp-image-28935\" srcset=\"https:\/\/www.elsindic.com\/wp-content\/uploads\/2019\/11\/jornada-infancia-2019-streaming-300x200.jpg 300w, https:\/\/www.elsindic.com\/wp-content\/uploads\/2019\/11\/jornada-infancia-2019-streaming-1024x683.jpg 1024w, https:\/\/www.elsindic.com\/wp-content\/uploads\/2019\/11\/jornada-infancia-2019-streaming-768x512.jpg 768w, https:\/\/www.elsindic.com\/wp-content\/uploads\/2019\/11\/jornada-infancia-2019-streaming.jpg 1350w\" sizes=\"(max-width: 300px) 100vw, 300px\" \/><\/a>\n<\/td>\n<td><a href=\"https:\/\/www.elsindic.com\/wp-content\/uploads\/2019\/11\/jornada-infancia-2019-foto1.jpg\" target=\"_blank\" rel=\"noopener noreferrer\"><img loading=\"lazy\" decoding=\"async\" src=\"https:\/\/www.elsindic.com\/wp-content\/uploads\/2019\/11\/jornada-infancia-2019-foto1-300x200.jpg\" alt=\"\" width=\"300\" height=\"200\" class=\"alignnone size-medium wp-image-28938\" srcset=\"https:\/\/www.elsindic.com\/wp-content\/uploads\/2019\/11\/jornada-infancia-2019-foto1-300x200.jpg 300w, https:\/\/www.elsindic.com\/wp-content\/uploads\/2019\/11\/jornada-infancia-2019-foto1-1024x683.jpg 1024w, https:\/\/www.elsindic.com\/wp-content\/uploads\/2019\/11\/jornada-infancia-2019-foto1-768x512.jpg 768w, https:\/\/www.elsindic.com\/wp-content\/uploads\/2019\/11\/jornada-infancia-2019-foto1.jpg 1350w\" sizes=\"(max-width: 300px) 100vw, 300px\" \/><\/a><\/td>\n<td><a href=\"https:\/\/www.elsindic.com\/wp-content\/uploads\/2019\/11\/jornada-infancia-2019-foto2.jpg\" target=\"_blank\" rel=\"noopener noreferrer\"><img loading=\"lazy\" decoding=\"async\" src=\"https:\/\/www.elsindic.com\/wp-content\/uploads\/2019\/11\/jornada-infancia-2019-foto2-300x225.jpg\" alt=\"\" width=\"300\" height=\"225\" class=\"alignnone size-medium wp-image-28941\" srcset=\"https:\/\/www.elsindic.com\/wp-content\/uploads\/2019\/11\/jornada-infancia-2019-foto2-300x225.jpg 300w, https:\/\/www.elsindic.com\/wp-content\/uploads\/2019\/11\/jornada-infancia-2019-foto2-1024x768.jpg 1024w, https:\/\/www.elsindic.com\/wp-content\/uploads\/2019\/11\/jornada-infancia-2019-foto2-768x576.jpg 768w, https:\/\/www.elsindic.com\/wp-content\/uploads\/2019\/11\/jornada-infancia-2019-foto2.jpg 1350w\" sizes=\"(max-width: 300px) 100vw, 300px\" \/><\/a><\/td>\n<\/tr>\n<tr>\n<td><a href=\"https:\/\/www.elsindic.com\/wp-content\/uploads\/2019\/11\/jornada-infancia-2019-foto6.jpg\" target=\"_blank\" rel=\"noopener noreferrer\"><img loading=\"lazy\" decoding=\"async\" src=\"https:\/\/www.elsindic.com\/wp-content\/uploads\/2019\/11\/jornada-infancia-2019-foto6-300x225.jpg\" alt=\"\" width=\"300\" height=\"225\" class=\"alignnone size-medium wp-image-28932\" srcset=\"https:\/\/www.elsindic.com\/wp-content\/uploads\/2019\/11\/jornada-infancia-2019-foto6-300x225.jpg 300w, https:\/\/www.elsindic.com\/wp-content\/uploads\/2019\/11\/jornada-infancia-2019-foto6-1024x768.jpg 1024w, https:\/\/www.elsindic.com\/wp-content\/uploads\/2019\/11\/jornada-infancia-2019-foto6-768x576.jpg 768w, https:\/\/www.elsindic.com\/wp-content\/uploads\/2019\/11\/jornada-infancia-2019-foto6.jpg 1350w\" sizes=\"(max-width: 300px) 100vw, 300px\" \/><\/a><\/td>\n<td><a href=\"https:\/\/www.elsindic.com\/wp-content\/uploads\/2019\/11\/jornada-infancia-2019-foto5.jpg\" target=\"_blank\" rel=\"noopener noreferrer\"><img loading=\"lazy\" decoding=\"async\" src=\"https:\/\/www.elsindic.com\/wp-content\/uploads\/2019\/11\/jornada-infancia-2019-foto5-300x225.jpg\" alt=\"\" width=\"300\" height=\"225\" class=\"alignnone size-medium wp-image-28929\" srcset=\"https:\/\/www.elsindic.com\/wp-content\/uploads\/2019\/11\/jornada-infancia-2019-foto5-300x225.jpg 300w, https:\/\/www.elsindic.com\/wp-content\/uploads\/2019\/11\/jornada-infancia-2019-foto5-1024x768.jpg 1024w, https:\/\/www.elsindic.com\/wp-content\/uploads\/2019\/11\/jornada-infancia-2019-foto5-768x576.jpg 768w, https:\/\/www.elsindic.com\/wp-content\/uploads\/2019\/11\/jornada-infancia-2019-foto5.jpg 1350w\" sizes=\"(max-width: 300px) 100vw, 300px\" \/><\/a><\/td>\n<td><a href=\"https:\/\/www.elsindic.com\/wp-content\/uploads\/2019\/11\/jornada-infancia-2019-foto3.jpg\" target=\"_blank\" rel=\"noopener noreferrer\"><img loading=\"lazy\" decoding=\"async\" src=\"https:\/\/www.elsindic.com\/wp-content\/uploads\/2019\/11\/jornada-infancia-2019-foto3-300x225.jpg\" alt=\"\" width=\"300\" height=\"225\" class=\"alignnone size-medium wp-image-28923\" srcset=\"https:\/\/www.elsindic.com\/wp-content\/uploads\/2019\/11\/jornada-infancia-2019-foto3-300x225.jpg 300w, https:\/\/www.elsindic.com\/wp-content\/uploads\/2019\/11\/jornada-infancia-2019-foto3-1024x768.jpg 1024w, https:\/\/www.elsindic.com\/wp-content\/uploads\/2019\/11\/jornada-infancia-2019-foto3-768x576.jpg 768w, https:\/\/www.elsindic.com\/wp-content\/uploads\/2019\/11\/jornada-infancia-2019-foto3.jpg 1350w\" sizes=\"(max-width: 300px) 100vw, 300px\" \/><\/a><\/td>\n<\/tr>\n<tr>\n<td><a href=\"https:\/\/www.elsindic.com\/wp-content\/uploads\/2019\/11\/jornada-infancia-2019-foto4.jpg\" target=\"_blank\" rel=\"noopener noreferrer\"><img loading=\"lazy\" decoding=\"async\" src=\"https:\/\/www.elsindic.com\/wp-content\/uploads\/2019\/11\/jornada-infancia-2019-foto4-300x225.jpg\" alt=\"\" width=\"300\" height=\"225\" class=\"alignnone size-medium wp-image-28926\" srcset=\"https:\/\/www.elsindic.com\/wp-content\/uploads\/2019\/11\/jornada-infancia-2019-foto4-300x225.jpg 300w, https:\/\/www.elsindic.com\/wp-content\/uploads\/2019\/11\/jornada-infancia-2019-foto4-1024x768.jpg 1024w, https:\/\/www.elsindic.com\/wp-content\/uploads\/2019\/11\/jornada-infancia-2019-foto4-768x576.jpg 768w, https:\/\/www.elsindic.com\/wp-content\/uploads\/2019\/11\/jornada-infancia-2019-foto4.jpg 1350w\" sizes=\"(max-width: 300px) 100vw, 300px\" \/><\/a><\/td>\n<\/tr>\n<\/table>\n","protected":false},"excerpt":{"rendered":"<p>Atenci\u00f3 a menors extrangers no acompanyats Informac\u00edo La jornada tindr\u00e0 lloc a la Sala de Graus de la Facultat de Dret de Universitat d&#8217;Alacant (Campus de Sant Vicent del Raspeig) el 20 de novembre de 2019 Documents Programa de la jornada Document s\u00edntesi Declaraci\u00f3 de Tarifa Presentaci\u00f3 S\u00edndic de Greuges Pon\u00e8ncia Paloma Garc\u00eda de Viedma [&hellip;]<\/p>\n","protected":false},"author":5,"featured_media":0,"parent":10683,"menu_order":0,"comment_status":"closed","ping_status":"closed","template":"","meta":{"footnotes":""},"class_list":["post-28716","page","type-page","status-publish","hentry"],"_links":{"self":[{"href":"https:\/\/www.elsindic.com\/va\/wp-json\/wp\/v2\/pages\/28716"}],"collection":[{"href":"https:\/\/www.elsindic.com\/va\/wp-json\/wp\/v2\/pages"}],"about":[{"href":"https:\/\/www.elsindic.com\/va\/wp-json\/wp\/v2\/types\/page"}],"author":[{"embeddable":true,"href":"https:\/\/www.elsindic.com\/va\/wp-json\/wp\/v2\/users\/5"}],"replies":[{"embeddable":true,"href":"https:\/\/www.elsindic.com\/va\/wp-json\/wp\/v2\/comments?post=28716"}],"version-history":[{"count":24,"href":"https:\/\/www.elsindic.com\/va\/wp-json\/wp\/v2\/pages\/28716\/revisions"}],"predecessor-version":[{"id":28718,"href":"https:\/\/www.elsindic.com\/va\/wp-json\/wp\/v2\/pages\/28716\/revisions\/28718"}],"up":[{"embeddable":true,"href":"https:\/\/www.elsindic.com\/va\/wp-json\/wp\/v2\/pages\/10683"}],"wp:attachment":[{"href":"https:\/\/www.elsindic.com\/va\/wp-json\/wp\/v2\/media?parent=28716"}],"curies":[{"name":"wp","href":"https:\/\/api.w.org\/{rel}","templated":true}]}}