{"id":28771,"date":"2019-10-18T14:55:11","date_gmt":"2019-10-18T12:55:11","guid":{"rendered":"https:\/\/www.elsindic.com\/?page_id=28771"},"modified":"2019-10-18T14:56:07","modified_gmt":"2019-10-18T12:56:07","slug":"xxxiv-jornades-de-coordinacio-de-defensors-del-poble-octubre-2019","status":"publish","type":"page","link":"https:\/\/www.elsindic.com\/va\/publicacions-i-descarregues\/xxxiv-jornades-de-coordinacio-de-defensors-del-poble-octubre-2019\/","title":{"rendered":"XXXIV Jornades de Coordinaci\u00f3 de Defensors del Poble (octubre 2019)"},"content":{"rendered":"<p>&nbsp;<\/p>\n<p>Les 34 Jornades de Coordinaci\u00f3 dels Defensors del Poble, que han tingut lloc el 15 i 16 d&#8217;octubre a Sevilla i el Camp de Gibraltar, han analitzat l&#8217;atenci\u00f3 a menors estrangers no acompanyats que arriben a Espanya. El s\u00edndic de Greuges (e. f.), \u00c1ngel Luna, va moderar un panell amb el t\u00edtol \u201cPrimera acollida i protecci\u00f3 de xiquets i xiquetes migrants no acompanyats\u201d i, d&#8217;altra banda, va lliurar el reconeixement a la societat civil, organitzacions socials, entitats i voluntaris que treballen en l&#8217;assist\u00e8ncia a aquests menors en la zona.<\/p>\n<p>En els documents que adjuntem trobareu informaci\u00f3 rellevant d&#8217;aquest esdeveniment, en el qual han participat el defensor del poble estatal i els defensors auton\u00f2mics. El s\u00edndic de Greuges va moderar el panell \u201cPrimera acollida i protecci\u00f3 de xiquets i xiquetes migrants no acompanyats\u00b7\u201d<\/p>\n<ul>\n<li><a href=\"https:\/\/www.elsindic.com\/wp-content\/uploads\/2019\/10\/documento-sintesis-jornada-conmemorativa-infancia-2019.pdf\" target=\"_blank\" rel=\"noopener noreferrer\">Document de s\u00edntesi -en castell\u00e0- (526KB)<\/a><\/li>\n<\/ul>\n","protected":false},"excerpt":{"rendered":"<p>&nbsp; Les 34 Jornades de Coordinaci\u00f3 dels Defensors del Poble, que han tingut lloc el 15 i 16 d&#8217;octubre a Sevilla i el Camp de Gibraltar, han analitzat l&#8217;atenci\u00f3 a menors estrangers no acompanyats que arriben a Espanya. El s\u00edndic de Greuges (e. f.), \u00c1ngel Luna, va moderar un panell amb el t\u00edtol \u201cPrimera acollida [&hellip;]<\/p>\n","protected":false},"author":5,"featured_media":0,"parent":10684,"menu_order":0,"comment_status":"closed","ping_status":"closed","template":"","meta":{"footnotes":""},"class_list":["post-28771","page","type-page","status-publish","hentry"],"_links":{"self":[{"href":"https:\/\/www.elsindic.com\/va\/wp-json\/wp\/v2\/pages\/28771"}],"collection":[{"href":"https:\/\/www.elsindic.com\/va\/wp-json\/wp\/v2\/pages"}],"about":[{"href":"https:\/\/www.elsindic.com\/va\/wp-json\/wp\/v2\/types\/page"}],"author":[{"embeddable":true,"href":"https:\/\/www.elsindic.com\/va\/wp-json\/wp\/v2\/users\/5"}],"replies":[{"embeddable":true,"href":"https:\/\/www.elsindic.com\/va\/wp-json\/wp\/v2\/comments?post=28771"}],"version-history":[{"count":2,"href":"https:\/\/www.elsindic.com\/va\/wp-json\/wp\/v2\/pages\/28771\/revisions"}],"predecessor-version":[{"id":28773,"href":"https:\/\/www.elsindic.com\/va\/wp-json\/wp\/v2\/pages\/28771\/revisions\/28773"}],"up":[{"embeddable":true,"href":"https:\/\/www.elsindic.com\/va\/wp-json\/wp\/v2\/pages\/10684"}],"wp:attachment":[{"href":"https:\/\/www.elsindic.com\/va\/wp-json\/wp\/v2\/media?parent=28771"}],"curies":[{"name":"wp","href":"https:\/\/api.w.org\/{rel}","templated":true}]}}