{"id":29063,"date":"2019-12-09T16:18:00","date_gmt":"2019-12-09T15:18:00","guid":{"rendered":"https:\/\/www.elsindic.com\/?page_id=29063"},"modified":"2019-12-10T09:48:36","modified_gmt":"2019-12-10T08:48:36","slug":"documentacio-suficiencia-economica-lluita-contra-la-pobresa-i-la-desigualtat-social-en-la-c-v","status":"publish","type":"page","link":"https:\/\/www.elsindic.com\/va\/observatori-de-la-vulnerabilitat\/comissions-de-treball\/documentacio-suficiencia-economica-lluita-contra-la-pobresa-i-la-desigualtat-social-en-la-c-v\/","title":{"rendered":"Documentaci\u00f3 &#8211; Sufici\u00e8ncia econ\u00f2mica LLUITA CONTRA LA POBRESA I LA DESIGUALTAT SOCIAL EN LA C.V"},"content":{"rendered":"","protected":true},"excerpt":{"rendered":"","protected":true},"author":5,"featured_media":0,"parent":715,"menu_order":0,"comment_status":"closed","ping_status":"closed","template":"","meta":{"footnotes":""},"class_list":["post-29063","page","type-page","status-publish","post-password-required","hentry"],"_links":{"self":[{"href":"https:\/\/www.elsindic.com\/va\/wp-json\/wp\/v2\/pages\/29063"}],"collection":[{"href":"https:\/\/www.elsindic.com\/va\/wp-json\/wp\/v2\/pages"}],"about":[{"href":"https:\/\/www.elsindic.com\/va\/wp-json\/wp\/v2\/types\/page"}],"author":[{"embeddable":true,"href":"https:\/\/www.elsindic.com\/va\/wp-json\/wp\/v2\/users\/5"}],"replies":[{"embeddable":true,"href":"https:\/\/www.elsindic.com\/va\/wp-json\/wp\/v2\/comments?post=29063"}],"version-history":[{"count":2,"href":"https:\/\/www.elsindic.com\/va\/wp-json\/wp\/v2\/pages\/29063\/revisions"}],"predecessor-version":[{"id":29102,"href":"https:\/\/www.elsindic.com\/va\/wp-json\/wp\/v2\/pages\/29063\/revisions\/29102"}],"up":[{"embeddable":true,"href":"https:\/\/www.elsindic.com\/va\/wp-json\/wp\/v2\/pages\/715"}],"wp:attachment":[{"href":"https:\/\/www.elsindic.com\/va\/wp-json\/wp\/v2\/media?parent=29063"}],"curies":[{"name":"wp","href":"https:\/\/api.w.org\/{rel}","templated":true}]}}