{"id":29491,"date":"2020-03-26T16:01:52","date_gmt":"2020-03-26T15:01:52","guid":{"rendered":"https:\/\/www.elsindic.com\/?page_id=29491"},"modified":"2020-04-03T12:45:51","modified_gmt":"2020-04-03T10:45:51","slug":"mesures-excepcionals-coronavirus","status":"publish","type":"page","link":"https:\/\/www.elsindic.com\/va\/mesures-excepcionals-coronavirus\/","title":{"rendered":"Mesures excepcionals davant del coronavirus"},"content":{"rendered":"<h4>T\u00edtols de fam\u00edlies nombroses i monoparentals<\/h4>\n<p>La Conselleria d&#8217;Igualtat i Pol\u00edtiques Inclusives prorroga fins al 14\/03\/2021 la vig\u00e8ncia dels t\u00edtols i carnets de fam\u00edlies nombroses i monoparentals que hagen caducat o que caduquen entre l&#8217;01\/06\/2019 i el 13\/03\/2021, si continuen complint els requisits previstos. Els t\u00edtols i carnets que caduquen durant aquest per\u00edode hauran de sol.licitar-ne la renovaci\u00f3 en finalitzar l&#8217;estat d&#8217;alarma i quan escaiga en cada cas. <a style=\"color: #d02248;\" href=\"https:\/\/www.elsindic.com\/wp-content\/uploads\/2020\/03\/docgv_n_8772.pdf\" target=\"_blank\" rel=\"noopener noreferrer\">Veure document<\/a><\/p>\n<h4>La viol\u00e8ncia de g\u00e8nero l&#8217;aturem unides<\/h4>\n<p>Guia d&#8217;actuaci\u00f3 per a dones que estiguen experimentant viol\u00e8ncia de g\u00e8nere en la situaci\u00f3 de perman\u00e8ncia domicili\u00e0ria derivada de l&#8217;estat d&#8217;alarma per COVID 19. <a style=\"color: #d02248;\" href=\"https:\/\/www.elsindic.com\/wp-content\/uploads\/2020\/03\/guia-victimas-vg-covid19.pdf\" target=\"_blank\" rel=\"noopener noreferrer\">Veure document<\/a><\/p>\n<h4>Nens amb Trastorn de l&#8217;Espectre Autista durant el Confinament<\/h4>\n<p><a href=\"https:\/\/www.elsindic.com\/wp-content\/uploads\/2020\/03\/TEA-----COMPORTAMIENTOS-DIF--CILES-EN-MOMENTOS-COMPLICADOS.pdf\" target=\"_blank\" rel=\"noopener noreferrer\">Veure document<\/a><\/p>\n<h4>Es prorroga el reconeixement del grau de discapacitat<\/h4>\n<p>La Conselleria d&#8217;Igualtat i Pol\u00edtiques Inclusives prorroga la vig\u00e8ncia de les resolucions i dels certificats de reconeixement del grau de discapacitat expedits a la Comunitat Valenciana que es troben sotmesos a revisi\u00f3 durant l&#8217;any 2020.<\/p>\n<p><a href=\"https:\/\/www.elsindic.com\/wp-content\/uploads\/2020\/04\/medidaExtraordinaria.pdf\">Veure document<\/a><\/p>\n","protected":false},"excerpt":{"rendered":"<p>T\u00edtols de fam\u00edlies nombroses i monoparentals La Conselleria d&#8217;Igualtat i Pol\u00edtiques Inclusives prorroga fins al 14\/03\/2021 la vig\u00e8ncia dels t\u00edtols i carnets de fam\u00edlies nombroses i monoparentals que hagen caducat o que caduquen entre l&#8217;01\/06\/2019 i el 13\/03\/2021, si continuen complint els requisits previstos. Els t\u00edtols i carnets que caduquen durant aquest per\u00edode hauran de [&hellip;]<\/p>\n","protected":false},"author":5,"featured_media":0,"parent":0,"menu_order":0,"comment_status":"closed","ping_status":"closed","template":"","meta":{"footnotes":""},"class_list":["post-29491","page","type-page","status-publish","hentry"],"_links":{"self":[{"href":"https:\/\/www.elsindic.com\/va\/wp-json\/wp\/v2\/pages\/29491"}],"collection":[{"href":"https:\/\/www.elsindic.com\/va\/wp-json\/wp\/v2\/pages"}],"about":[{"href":"https:\/\/www.elsindic.com\/va\/wp-json\/wp\/v2\/types\/page"}],"author":[{"embeddable":true,"href":"https:\/\/www.elsindic.com\/va\/wp-json\/wp\/v2\/users\/5"}],"replies":[{"embeddable":true,"href":"https:\/\/www.elsindic.com\/va\/wp-json\/wp\/v2\/comments?post=29491"}],"version-history":[{"count":11,"href":"https:\/\/www.elsindic.com\/va\/wp-json\/wp\/v2\/pages\/29491\/revisions"}],"predecessor-version":[{"id":29537,"href":"https:\/\/www.elsindic.com\/va\/wp-json\/wp\/v2\/pages\/29491\/revisions\/29537"}],"wp:attachment":[{"href":"https:\/\/www.elsindic.com\/va\/wp-json\/wp\/v2\/media?parent=29491"}],"curies":[{"name":"wp","href":"https:\/\/api.w.org\/{rel}","templated":true}]}}