{"id":30065,"date":"2021-04-21T08:04:25","date_gmt":"2021-04-21T06:04:25","guid":{"rendered":"https:\/\/www.elsindic.com\/?page_id=30065"},"modified":"2021-04-21T08:08:06","modified_gmt":"2021-04-21T06:08:06","slug":"historic-de-plantilla-i-llocs-de-treball","status":"publish","type":"page","link":"https:\/\/www.elsindic.com\/va\/portal-de-transparencia\/informacio-institucional-organitzativa-i-de-planificacio\/plantilla-i-llocs-de-treball\/historic-de-plantilla-i-llocs-de-treball\/","title":{"rendered":"HIST\u00d2RIC DE PLANTILLA I LLOCS DE TREBALL"},"content":{"rendered":"<h4>RELACI\u00d3 DE LLOCS DE TREBALL<\/h4>\n<ul>\n<li><a href=\"http:\/\/www.elsindic.com\/wp-content\/uploads\/2020\/02\/acord-junta-coordinacio-2019-aprobacio-rpt-2020.pdf\" target=\"_blank\" rel=\"noopener noreferrer\">Acord de la Junta de Coordinaci\u00f3, de 25 d\u2019octubre de 2019 d\u2019aprovaci\u00f3 de la RPT 2020 del S\u00edndic de Gregues<\/a><\/li>\n<li><a href=\"http:\/\/www.elsindic.com\/wp-content\/uploads\/2020\/02\/acord-junta-coordinacio-2018-aprobacio-rpt-2019.pdf\" target=\"_blank\" rel=\"noopener noreferrer\">Acord de la Junta de Coordinaci\u00f3, de 24 setembre de 2018 d\u2019aprovaci\u00f3 de la RPT 2019 del S\u00edndic de Gregues<\/a><\/li>\n<li><a href=\"http:\/\/www.elsindic.com\/wp-content\/uploads\/2020\/02\/acord-junta-coordinacio-2017-aprobacio-rpt-2018.pdf\" target=\"_blank\" rel=\"noopener noreferrer\">Acord de la Junta de Coordinaci\u00f3, de 10 octubre de 2017 d\u2019aprovaci\u00f3 de la RPT 2018 del S\u00edndic de Gregues<\/a><\/li>\n<li>Resoluci\u00f3 del S\u00edndic de Greuges de la Comunitat Valenciana d\u2019aprovaci\u00f3 de la plantilla i de la relaci\u00f3 de llocs de treball de la instituci\u00f3 del S\u00edndic de Greuges. BOC n\u00fam. 265 05.09.2014.\u00a0<a href=\"https:\/\/www.elsindic.com\/documentos\/545_Relacion_puestos_trabajo2014.pdf\" target=\"_blank\" rel=\"noopener noreferrer\">Veure m\u00e9s<\/a><\/li>\n<\/ul>\n<h4>NOMENAMENTS<\/h4>\n<ul>\n<li>Nomenament de personal del S\u00edndic. BOC n\u00fam. 265 05.09.2014 <a href=\"http:\/\/www.elsindic.com\/wp-content\/uploads\/2017\/02\/546_nombramientos2014-003.pdf\">Veure m\u00e9s<\/a><\/li>\n<li>Nomenament de personal del S\u00edndic de Greuges. BOC n\u00fam. 144\u00a0 \u00a0 \u00a018.01.2017\u00a0 <a href=\"http:\/\/www.elsindic.com\/wp-content\/uploads\/2018\/05\/jose-carlos-giner-nombramiento.pdf\">Veure m\u00e9s<\/a><\/li>\n<li>Nomenament de personal del S\u00edndic de Greuges. BOC n\u00fam. 252\u00a0 \u00a0 21.02.2018\u00a0 <a href=\"http:\/\/www.elsindic.com\/wp-content\/uploads\/2018\/05\/nomenament-Jaime-Alonso.pdf\">Veure m\u00e9s<\/a><\/li>\n<li>Nomenament de personal del S\u00edndic de Greuges. BOC n\u00fam. 279\u00a0 \u00a0 30.05.2018 <a href=\"http:\/\/www.elsindic.com\/wp-content\/uploads\/2018\/06\/0987_001.pdf\">Veure m\u00e9s<\/a><\/li>\n<li>Nomenament de personal del S\u00edndic de Greuges. BOC n\u00fam. 288\u00a0 \u00a0 25.06.2018\u00a0 <a href=\"http:\/\/www.elsindic.com\/wp-content\/uploads\/2018\/06\/cese-trini_nombramiento-angel.pdf\">Veure m\u00e9s<\/a><\/li>\n<\/ul>\n<h4>CESSAMENTS<\/h4>\n<ul>\n<li>Cessaments de personal de la instituci\u00f3 del S\u00edndic de Greuges. BOC n\u00fam. 265 05.09.2014.\u00a0<a href=\"https:\/\/www.elsindic.com\/documentos\/547_ceses2014%20(003).pdf\" target=\"_blank\" rel=\"noopener noreferrer\">Veure m\u00e9s<\/a><\/li>\n<li>Cessament de personal del S\u00edndic. BOC n\u00fam. 68 13.04.2016.\u00a0<a href=\"https:\/\/www.elsindic.com\/documentos\/544_ceseblas04042016.pdf\" target=\"_blank\" rel=\"noopener noreferrer\">Veure m\u00e9s<\/a><\/li>\n<li>Cessament de personal del S\u00edndic. BOC n\u00fam. 279\u00a0 \u00a030.05.2018.\u00a0<a href=\"http:\/\/www.elsindic.com\/portal-de-transparencia\/informacion-institucional-organizativa-y-de-planificacion\/normativa-sobre-el-sindic\/\">Veure m\u00e9s<\/a><\/li>\n<li>Cessament de personal del S\u00edndic. BOC n\u00fam. 288\u00a0 \u00a025.06.2018.\u00a0<a href=\"http:\/\/www.elsindic.com\/wp-content\/uploads\/2018\/06\/cese-trini_nombramiento-angel.pdf\">Veure m\u00e9s<\/a><\/li>\n<\/ul>\n","protected":false},"excerpt":{"rendered":"<p>RELACI\u00d3 DE LLOCS DE TREBALL Acord de la Junta de Coordinaci\u00f3, de 25 d\u2019octubre de 2019 d\u2019aprovaci\u00f3 de la RPT 2020 del S\u00edndic de Gregues Acord de la Junta de Coordinaci\u00f3, de 24 setembre de 2018 d\u2019aprovaci\u00f3 de la RPT 2019 del S\u00edndic de Gregues Acord de la Junta de Coordinaci\u00f3, de 10 octubre de [&hellip;]<\/p>\n","protected":false},"author":5,"featured_media":0,"parent":1047,"menu_order":0,"comment_status":"closed","ping_status":"closed","template":"","meta":{"footnotes":""},"class_list":["post-30065","page","type-page","status-publish","hentry"],"_links":{"self":[{"href":"https:\/\/www.elsindic.com\/va\/wp-json\/wp\/v2\/pages\/30065"}],"collection":[{"href":"https:\/\/www.elsindic.com\/va\/wp-json\/wp\/v2\/pages"}],"about":[{"href":"https:\/\/www.elsindic.com\/va\/wp-json\/wp\/v2\/types\/page"}],"author":[{"embeddable":true,"href":"https:\/\/www.elsindic.com\/va\/wp-json\/wp\/v2\/users\/5"}],"replies":[{"embeddable":true,"href":"https:\/\/www.elsindic.com\/va\/wp-json\/wp\/v2\/comments?post=30065"}],"version-history":[{"count":4,"href":"https:\/\/www.elsindic.com\/va\/wp-json\/wp\/v2\/pages\/30065\/revisions"}],"predecessor-version":[{"id":30070,"href":"https:\/\/www.elsindic.com\/va\/wp-json\/wp\/v2\/pages\/30065\/revisions\/30070"}],"up":[{"embeddable":true,"href":"https:\/\/www.elsindic.com\/va\/wp-json\/wp\/v2\/pages\/1047"}],"wp:attachment":[{"href":"https:\/\/www.elsindic.com\/va\/wp-json\/wp\/v2\/media?parent=30065"}],"curies":[{"name":"wp","href":"https:\/\/api.w.org\/{rel}","templated":true}]}}