{"id":31627,"date":"2022-10-18T13:00:36","date_gmt":"2022-10-18T11:00:36","guid":{"rendered":"https:\/\/www.elsindic.com\/?page_id=31627"},"modified":"2022-12-29T13:55:10","modified_gmt":"2022-12-29T12:55:10","slug":"jornada-infancia-adolescencia-2022","status":"publish","type":"page","link":"https:\/\/www.elsindic.com\/va\/altres-documents\/jornada-infancia-adolescencia-2022\/","title":{"rendered":"VII JORNADA D&#8217;INF\u00c0NCIA I ADOLESC\u00c8NCIA"},"content":{"rendered":"<h3>La Protecci\u00f3 a la Inf\u00e0ncia i l&#8217;Adolesc\u00e8ncia a la Comunitat Valenciana: evoluci\u00f3 i nous reptes<\/h3>\n<p>Tal com ja \u00e9s habitual, i amb motiu de la celebraci\u00f3 del Dia Internacional de la Inf\u00e0ncia, el S\u00edndic de Greuges organitza una jornada de treball en qu\u00e8 es promouen la reflexi\u00f3 i el debat sobre els drets de la inf\u00e0ncia en general i un assumpte d&#8217;especial rellev\u00e0ncia en particular.<\/p>\n<p>Enguany, a causa del 40 Aniversari de l&#8217;Estatut d&#8217;Autonomia, la jornada porta com a t\u00edtol \u201cLa protecci\u00f3 a la Inf\u00e0ncia i l\u2019Adolesc\u00e8ncia: evoluci\u00f3 i nous reptes\u201d i es dur\u00e0 a terme dimarts que ve 22 de novembre, a la sala d&#8217;actes de la Facultat d&#8217;Educaci\u00f3 de la Universitat d&#8217;Alacant.<\/p>\n<p>A continuaci\u00f3 us proporcionem el programa de la Jornada i el formulari d&#8217;inscripci\u00f3.<\/p>\n<h4><a href=\"https:\/\/www.elsindic.com\/wp-content\/uploads\/2022\/10\/programa-jornada-val-version-18-oct-1-1.pdf\">PROGRAMA<\/a><\/h4>\n<ul>\n<li><strong><a href=\"https:\/\/youtu.be\/U5D0A30lTVY\">Acte inaugural<\/a>. <\/strong>Amparo Navarro Faure, rectora de la Universitat d&#8217;Alacant i\u00a0\u00c1ngel Luna Gonz\u00e1lez. S\u00edndic de Greuges de la Comunitat Valenciana.<\/li>\n<li><a href=\"https:\/\/youtu.be\/ZXsGfEX3B0s\"><strong>Col\u00b7loqui: \u00abClaus de la protecci\u00f3 a la inf\u00e0ncia i l&#8217;adolesc\u00e8ncia a la Comunitat Valenciana: 40 anys de l&#8217;Estatut d&#8217;Autonomia\u00bb<\/strong><\/a>\n<ul>\n<li>Introducci\u00f3: Jos\u00e9 Conrado Moya Mira. T\u00e8cnic del S\u00edndic de Greuges.<\/li>\n<li>Des dels Serveis Socials Municipals: Amelia L\u00f3pez Cayuela. Directora de Serveis Socials de l&#8217;Ajuntament d&#8217;Aldaia.<\/li>\n<li>Des dels centres d&#8217;atenci\u00f3 di\u00fcrna: Adolf Montoliu i Peris. Director de l&#8217;Associaci\u00f3 Perif\u00e8ria.<\/li>\n<li>Des de l&#8217;acolliment familiar: Javier Romeu Soriano. T\u00e8cnic en Protecci\u00f3 a la Inf\u00e0ncia i Fam\u00edlia\u202fEducadora.<\/li>\n<li>Des de l&#8217;acolliment residencial: Miguel \u00c1ngel Segura Palomares. Exdirector del Centre Natzaret i expresident d&#8217;APIME.<\/li>\n<\/ul>\n<\/li>\n<li><strong><a href=\"https:\/\/youtu.be\/ue54LYy-W-A\">Informe preliminar del S\u00edndic de Greuges: \u00abL&#8217;atenci\u00f3 a xiquetes, xiquets i adolescents en situaci\u00f3 de risc\u00bb<\/a>. <\/strong>Presenta: Carlos Castillo M\u00e1rquez, adjunt segon del S\u00edndic de Greuges.\n<ul>\n<li>Jose Conrado Moya Mira, t\u00e8cnic del S\u00edndic de Greuges<\/li>\n<li>Ana Rosser Limi\u00f1ana, t\u00e8cnica del S\u00edndic de Greuges<\/li>\n<li>Jos\u00e9 Guerrero Oliva, coordinador de fam\u00edlia i inf\u00e0ncia de l&#8217;Ajuntament d&#8217;Alcoi.<\/li>\n<li>Pablo de Gracia Soriano, professor Universitat d&#8217;Alacant. Departament de Sociologia I.<\/li>\n<\/ul>\n<\/li>\n<\/ul>\n<p>&nbsp;<\/p>\n<p>&nbsp;<\/p>\n<p>&nbsp;<\/p>\n","protected":false},"excerpt":{"rendered":"<p>La Protecci\u00f3 a la Inf\u00e0ncia i l&#8217;Adolesc\u00e8ncia a la Comunitat Valenciana: evoluci\u00f3 i nous reptes Tal com ja \u00e9s habitual, i amb motiu de la celebraci\u00f3 del Dia Internacional de la Inf\u00e0ncia, el S\u00edndic de Greuges organitza una jornada de treball en qu\u00e8 es promouen la reflexi\u00f3 i el debat sobre els drets de la [&hellip;]<\/p>\n","protected":false},"author":3,"featured_media":0,"parent":10683,"menu_order":0,"comment_status":"closed","ping_status":"closed","template":"","meta":{"footnotes":""},"class_list":["post-31627","page","type-page","status-publish","hentry"],"_links":{"self":[{"href":"https:\/\/www.elsindic.com\/va\/wp-json\/wp\/v2\/pages\/31627"}],"collection":[{"href":"https:\/\/www.elsindic.com\/va\/wp-json\/wp\/v2\/pages"}],"about":[{"href":"https:\/\/www.elsindic.com\/va\/wp-json\/wp\/v2\/types\/page"}],"author":[{"embeddable":true,"href":"https:\/\/www.elsindic.com\/va\/wp-json\/wp\/v2\/users\/3"}],"replies":[{"embeddable":true,"href":"https:\/\/www.elsindic.com\/va\/wp-json\/wp\/v2\/comments?post=31627"}],"version-history":[{"count":9,"href":"https:\/\/www.elsindic.com\/va\/wp-json\/wp\/v2\/pages\/31627\/revisions"}],"predecessor-version":[{"id":31776,"href":"https:\/\/www.elsindic.com\/va\/wp-json\/wp\/v2\/pages\/31627\/revisions\/31776"}],"up":[{"embeddable":true,"href":"https:\/\/www.elsindic.com\/va\/wp-json\/wp\/v2\/pages\/10683"}],"wp:attachment":[{"href":"https:\/\/www.elsindic.com\/va\/wp-json\/wp\/v2\/media?parent=31627"}],"curies":[{"name":"wp","href":"https:\/\/api.w.org\/{rel}","templated":true}]}}