{"id":32309,"date":"2023-10-18T12:26:28","date_gmt":"2023-10-18T10:26:28","guid":{"rendered":"https:\/\/www.elsindic.com\/?page_id=32309"},"modified":"2023-11-20T11:38:10","modified_gmt":"2023-11-20T10:38:10","slug":"viii-jornada-de-la-infancia-i-adolescencia","status":"publish","type":"page","link":"https:\/\/www.elsindic.com\/va\/altres-documents\/viii-jornada-de-la-infancia-i-adolescencia\/","title":{"rendered":"VIII Jornada d&#8217;Inf\u00e0ncia i Adolesc\u00e8ncia"},"content":{"rendered":"<p><span class=\"ui-provider ed bqb bqa bqc bqd bqe bqf bqg bqh bqi bqj bqk bql bqm bqn bqo bqp bqq bqr bqs bqt bqu bqv bqw bqx bqy bqz bra brb brc brd bre brf brg brh\" dir=\"ltr\"><strong>El dret dels menors a viure en fam\u00edlia: an\u00e0lisi dels programes d&#8217;acolliment i adopci\u00f3<\/strong><\/span><\/p>\n<p>Com \u00e9s tradicional i amb motiu de la celebraci\u00f3 del Dia Internacional de la Inf\u00e0ncia, el S\u00edndic de Greuges de la Comunitat Valenciana organitza una jornada de treball en qu\u00e8 es promouen la reflexi\u00f3 i el debat sobre els drets de la inf\u00e0ncia en general, i sobre un assumpte d&#8217;especial rellev\u00e0ncia en particular.<\/p>\n<p>Enguany abordarem el dret dels menors a viure en fam\u00edlia; concretament, analitzarem els programes actuals d&#8217;acolliment i adopci\u00f3. La jornada se celebrar\u00e0 el pr\u00f2xim dimarts dia 14 de novembre, en la <a href=\"https:\/\/maps.app.goo.gl\/ZruJxinPfa3aJKDV9\">Sala d&#8217;Actes de la Facultat d&#8217;Educaci\u00f3, de la Universitat d&#8217;Alacant<\/a>.<\/p>\n<p>A continuaci\u00f3 adjuntem m\u00e9s informaci\u00f3 sobre el programa i la inscripci\u00f3:<\/p>\n<ul>\n<li><a href=\"https:\/\/www.elsindic.com\/wp-content\/uploads\/2023\/10\/valencia-Jornada-infancia-2023-cartel-programa-2.png\">PROGRAMA<\/a><\/li>\n<li>GRAVACI\u00d3:\n<ul>\n<li><a href=\"https:\/\/www.youtube.com\/watch?v=yBHQ32ASOoM\"><strong>Confer\u00e8ncia inaugural: \u201cNing\u00fan menor de seis a\u00f1os en acogimiento residencial\u201d.<\/strong> Jorge Cardona Llorens<\/a>. Catedr\u00e0tic Dret Internacional Universitat de Val\u00e8ncia i exmembre del Comit\u00e9 de Drets del Xiquet de les Nacions Unides<\/li>\n<li><a href=\"https:\/\/www.youtube.com\/watch?v=KEkjaV3XE_U&amp;t=29s\"><strong>Confer\u00e8ncia: \u201cEl papel reparador de las familias en los ni\u00f1os, ni\u00f1as y adolescentes acogidos o adoptados\u201d. <\/strong>Concepci\u00f3n Mart\u00ednez V\u00e1zquez<\/a>. Psic\u00f2loga EEIA, traumaterapeuta, xarxa Apega<\/li>\n<li><a href=\"https:\/\/www.youtube.com\/watch?v=oN7chMRlpNA&amp;t=524s\"><strong>Confer\u00e8ncia: \u201cLa intervenci\u00f3n de los servicios sociales municipales en los programas de acogimiento en familia extensa\u201d. <\/strong>Paula Borruel Carbonell<\/a>. Educadora social de l\u2019Ajuntament d\u2019Aldaia<\/li>\n<li><strong><a href=\"https:\/\/www.youtube.com\/watch?v=HQYCp9ci7J8&amp;t=2104s\">Taula redona: \u201cLa mirada de les fam\u00edlies en l\u2019acolliment familiar\u201d<\/a>. <\/strong>Modera: Ignasi Navarro Soria, professor de Psicologia Evolutiva en la Universitat d\u2019Alacant. Hi intervenen: Mar\u00eda Ferrandis (FADES), Irene Escalada (GAIA) i Ricardo Casad\u00f3 Tar\u00edn (ACARONAR)<\/li>\n<li><a href=\"https:\/\/www.youtube.com\/watch?v=UWgSq8THiiw\"><strong>\u201c\u00bfY qu\u00e9 pasa con la adopci\u00f3n abierta? Experiencia y valoraci\u00f3n de resultados en la Comunidad de Madrid\u201d. <\/strong>Antonio Ferrandis Torres<\/a>. Cap de Servei d\u2019Adopci\u00f3 Nacional i Internacional. Direcci\u00f3 General d\u2019Inf\u00e0ncia de la Comunitat de Madrid<\/li>\n<\/ul>\n<\/li>\n<\/ul>\n","protected":false},"excerpt":{"rendered":"<p>El dret dels menors a viure en fam\u00edlia: an\u00e0lisi dels programes d&#8217;acolliment i adopci\u00f3 Com \u00e9s tradicional i amb motiu de la celebraci\u00f3 del Dia Internacional de la Inf\u00e0ncia, el S\u00edndic de Greuges de la Comunitat Valenciana organitza una jornada de treball en qu\u00e8 es promouen la reflexi\u00f3 i el debat sobre els drets de [&hellip;]<\/p>\n","protected":false},"author":3,"featured_media":0,"parent":10683,"menu_order":0,"comment_status":"closed","ping_status":"closed","template":"","meta":{"footnotes":""},"class_list":["post-32309","page","type-page","status-publish","hentry"],"_links":{"self":[{"href":"https:\/\/www.elsindic.com\/va\/wp-json\/wp\/v2\/pages\/32309"}],"collection":[{"href":"https:\/\/www.elsindic.com\/va\/wp-json\/wp\/v2\/pages"}],"about":[{"href":"https:\/\/www.elsindic.com\/va\/wp-json\/wp\/v2\/types\/page"}],"author":[{"embeddable":true,"href":"https:\/\/www.elsindic.com\/va\/wp-json\/wp\/v2\/users\/3"}],"replies":[{"embeddable":true,"href":"https:\/\/www.elsindic.com\/va\/wp-json\/wp\/v2\/comments?post=32309"}],"version-history":[{"count":12,"href":"https:\/\/www.elsindic.com\/va\/wp-json\/wp\/v2\/pages\/32309\/revisions"}],"predecessor-version":[{"id":32431,"href":"https:\/\/www.elsindic.com\/va\/wp-json\/wp\/v2\/pages\/32309\/revisions\/32431"}],"up":[{"embeddable":true,"href":"https:\/\/www.elsindic.com\/va\/wp-json\/wp\/v2\/pages\/10683"}],"wp:attachment":[{"href":"https:\/\/www.elsindic.com\/va\/wp-json\/wp\/v2\/media?parent=32309"}],"curies":[{"name":"wp","href":"https:\/\/api.w.org\/{rel}","templated":true}]}}