{"id":32490,"date":"2024-01-09T12:57:29","date_gmt":"2024-01-09T11:57:29","guid":{"rendered":"https:\/\/www.elsindic.com\/?page_id=32490"},"modified":"2024-04-09T13:14:55","modified_gmt":"2024-04-09T11:14:55","slug":"jornada-sindic-de-greuges-defensa-del-dret-fonamental-bona-administracio","status":"publish","type":"page","link":"https:\/\/www.elsindic.com\/va\/altres-documents\/jornada-sindic-de-greuges-defensa-del-dret-fonamental-bona-administracio\/","title":{"rendered":"Jornada S\u00edndic de Greuges: La defensa del dret fonamental a una bona administraci\u00f3"},"content":{"rendered":"<p>El passat 15 de febrer de 2024 vam celebrar en la sala d&#8217;actes del <a href=\"https:\/\/www.marqalicante.com\/ver_pagina.php?id=4&amp;men=3&amp;lng=val\">Museu Arqueol\u00f2gic d&#8217;Alacant<\/a> la jornada \u00abLa defensa del dret fonamental a una bona administraci\u00f3\u00bb.<\/p>\n<p>Una de les tasques dels defensors del poble \u00e9s supervisar el funcionament de les administracions p\u00fabliques. En aquest sentit, el \u201cDret a una bona administraci\u00f3\u201d, recollit en l&#8217;article 41 de la Carta de Drets Fonamentals de la UE i en l&#8217;article 9 de l&#8217;Estatut d&#8217;Autonomia de la Comunitat Valenciana, suposa un canvi de paradigma en les relacions entre la ciutadania i les administracions p\u00fabliques, i exigeix que aquestes redefinisquen profundament els seus procediments i formes d&#8217;actuaci\u00f3.\u202fDe fet,\u202fprevindre situacions de mala administraci\u00f3 s\u2019ha convertit en una de les principals l\u00ednies d&#8217;actuaci\u00f3 del S\u00edndic de Greuges de la Comunitat Valenciana.<\/p>\n<p>A continuaci\u00f3 detallem el programa de la jornada i donem acc\u00e9s a la gravaci\u00f3 d&#8217;esta.<\/p>\n<p><strong>PROGRAMA I GRAVACI\u00d3<\/strong><\/p>\n<ul>\n<li><strong><a href=\"https:\/\/www.youtube.com\/watch?v=wNPDdd2coNA&amp;list=PLYAK09jExUdoEcn2B0LnAedqb9p3bWsoh&amp;index=4&amp;t=1424s\">Obertura<\/a>:<\/strong>\n<ul>\n<li>\u00c1ngel Luna Gonz\u00e1lez, s\u00edndic de Greuges de la Comunitat Valenciana<\/li>\n<li>Susana Camarero Ben\u00edtez, vicepresidenta segona i consellera de Serveis Socials, Igualtat<br \/>\ni Habitatge<\/li>\n<\/ul>\n<\/li>\n<li><strong>La construcci\u00f3 del dret a una bona administraci\u00f3<\/strong><br \/>\nModerador: \u00c1ngel Luna Gonz\u00e1lez, s\u00edndic de Greuges de la Comunitat Valenciana<\/p>\n<ul>\n<li><a href=\"https:\/\/www.youtube.com\/watch?v=4bqQ91sZgMw&amp;list=PLYAK09jExUdoEcn2B0LnAedqb9p3bWsoh&amp;index=2\">Juli Ponce Sol\u00e9, catedr\u00e0tic de Dret Administratiu de la Universitat de Barcelona<\/a><\/li>\n<li><a href=\"https:\/\/www.youtube.com\/watch?v=rGQlq83QF7U&amp;list=PLYAK09jExUdoEcn2B0LnAedqb9p3bWsoh&amp;index=5\">Mar\u00eda Lourdes Arastey Sah\u00fan, jutgessa del Tribunal de Just\u00edcia de la Uni\u00f3 Europea<\/a><\/li>\n<li>Dimitry Teodoro Berberoff Ayuda, magistrat del Tribunal Suprem. Sala Contenciosa Administrativa<\/li>\n<li><a href=\"https:\/\/www.youtube.com\/watch?v=t_3do1gn418&amp;list=PLYAK09jExUdoEcn2B0LnAedqb9p3bWsoh&amp;index=1\">Torn de preguntes<\/a><\/li>\n<\/ul>\n<\/li>\n<li><a href=\"https:\/\/www.youtube.com\/watch?v=MgCc4zEEBo4&amp;list=PLYAK09jExUdoEcn2B0LnAedqb9p3bWsoh&amp;index=3\"><strong>Taula redona: S\u2019aplica el dret a una bona administraci\u00f3?<\/strong><\/a><br \/>\nModerador: Carlos Castillo M\u00e1rquez, adjunt segon del S\u00edndic de Greuges<\/p>\n<ul>\n<li>B\u00e1rbara Aranda Carles, advocada de l\u2019Estat cap adjunta en el Servei Jur\u00eddic de l\u2019Ag\u00e8ncia Tribut\u00e0ria (Administraci\u00f3 General de l\u2019Estat)<\/li>\n<li>\u00c1lvaro Mart\u00ednez \u00c1vila, advocat general de l\u2019Advocacia de la Generalitat Valenciana (Administraci\u00f3 de la Generalitat Valenciana)<\/li>\n<li>Eva Guti\u00e9rrez Casbas, directora \u00c0rea Contenciosa de la Diputaci\u00f3 Provincial d\u2019Alacant (Administraci\u00f3 local)<\/li>\n<li>Ignacio Gally, deg\u00e0 de l\u2019Il\u00b7lustre Col\u00b7legi d\u2019Advocats d\u2019Alacant \u2013 ICALI (Posici\u00f3 dels administrats)<\/li>\n<\/ul>\n<\/li>\n<li><a href=\"https:\/\/www.youtube.com\/watch?v=MAr1RisB1z8&amp;list=PLYAK09jExUdoEcn2B0LnAedqb9p3bWsoh&amp;index=6\"><strong>Clausura: El paper del S\u00edndic de Greuges en la defensa del dret de la ciutadania a una bona administraci\u00f3. Conclusions<\/strong><\/a>\n<ul>\n<li>\u00c1ngel Luna Gonz\u00e1lez, s\u00edndic de Greuges de la Comunitat Valencian<\/li>\n<\/ul>\n<\/li>\n<\/ul>\n","protected":false},"excerpt":{"rendered":"<p>El passat 15 de febrer de 2024 vam celebrar en la sala d&#8217;actes del Museu Arqueol\u00f2gic d&#8217;Alacant la jornada \u00abLa defensa del dret fonamental a una bona administraci\u00f3\u00bb. Una de les tasques dels defensors del poble \u00e9s supervisar el funcionament de les administracions p\u00fabliques. En aquest sentit, el \u201cDret a una bona administraci\u00f3\u201d, recollit en [&hellip;]<\/p>\n","protected":false},"author":3,"featured_media":0,"parent":10683,"menu_order":0,"comment_status":"closed","ping_status":"closed","template":"","meta":{"footnotes":""},"class_list":["post-32490","page","type-page","status-publish","hentry"],"_links":{"self":[{"href":"https:\/\/www.elsindic.com\/va\/wp-json\/wp\/v2\/pages\/32490"}],"collection":[{"href":"https:\/\/www.elsindic.com\/va\/wp-json\/wp\/v2\/pages"}],"about":[{"href":"https:\/\/www.elsindic.com\/va\/wp-json\/wp\/v2\/types\/page"}],"author":[{"embeddable":true,"href":"https:\/\/www.elsindic.com\/va\/wp-json\/wp\/v2\/users\/3"}],"replies":[{"embeddable":true,"href":"https:\/\/www.elsindic.com\/va\/wp-json\/wp\/v2\/comments?post=32490"}],"version-history":[{"count":17,"href":"https:\/\/www.elsindic.com\/va\/wp-json\/wp\/v2\/pages\/32490\/revisions"}],"predecessor-version":[{"id":32722,"href":"https:\/\/www.elsindic.com\/va\/wp-json\/wp\/v2\/pages\/32490\/revisions\/32722"}],"up":[{"embeddable":true,"href":"https:\/\/www.elsindic.com\/va\/wp-json\/wp\/v2\/pages\/10683"}],"wp:attachment":[{"href":"https:\/\/www.elsindic.com\/va\/wp-json\/wp\/v2\/media?parent=32490"}],"curies":[{"name":"wp","href":"https:\/\/api.w.org\/{rel}","templated":true}]}}