{"id":33844,"date":"2025-10-24T13:18:40","date_gmt":"2025-10-24T11:18:40","guid":{"rendered":"https:\/\/www.elsindic.com\/?page_id=33844"},"modified":"2025-12-04T11:59:08","modified_gmt":"2025-12-04T10:59:08","slug":"x-jornada-infancia-adolescencia","status":"publish","type":"page","link":"https:\/\/www.elsindic.com\/va\/altres-documents\/x-jornada-infancia-adolescencia\/","title":{"rendered":"X jornada d\u2019Inf\u00e0ncia i adolesc\u00e8ncia"},"content":{"rendered":"<h3 data-start=\"124\" data-end=\"197\"><strong data-start=\"127\" data-end=\"197\">Acollida i integraci\u00f3 de menors migrants sense referents familiars<\/strong><\/h3>\n<p data-start=\"199\" data-end=\"459\"><strong data-start=\"199\" data-end=\"208\">Data:<\/strong> 19 de novembre de 2025<br data-start=\"231\" data-end=\"234\" \/><strong data-start=\"234\" data-end=\"243\">Lloc:<\/strong> Facultat d\u2019Educaci\u00f3, Universitat d\u2019Alacant<br data-start=\"286\" data-end=\"289\" \/><strong data-start=\"289\" data-end=\"303\">Modalitat:<\/strong> Presencial o visualitzaci\u00f3 a trav\u00e9s d\u2019internet<br data-start=\"351\" data-end=\"354\" \/><strong data-start=\"354\" data-end=\"384\">Justificant d\u2019assist\u00e8ncia:<\/strong> Nom\u00e9s disponible per a la modalitat <strong data-start=\"421\" data-end=\"435\">presencial<\/strong><br data-start=\"435\" data-end=\"438\" \/><strong data-start=\"438\" data-end=\"459\">Aforament limitat<\/strong><\/p>\n<h4 data-start=\"461\" data-end=\"479\"><a href=\"https:\/\/www.elsindic.com\/wp-content\/uploads\/2025\/12\/Programa-Valencia-2.pdf\"><strong data-start=\"465\" data-end=\"477\">PROGRAMA<\/strong><\/a><\/h4>\n<h4 data-start=\"480\" data-end=\"498\"><a href=\"https:\/\/forms.office.com\/pages\/responsepage.aspx?id=7y5oE3rERE2_syKz-IgQA2qZgJlKKz5EimX1TsGomsRUQlBXNlhBVDNSU1lOUTFSNDJFRE9aQ1UzNSQlQCN0PWcu&amp;lang=ca-es-valencia&amp;route=shorturl\"><strong data-start=\"484\" data-end=\"498\">INSCRIPCI\u00d3<\/strong><\/a><\/h4>\n<h4 data-start=\"500\" data-end=\"585\">V\u00eddeos de la Jornada:<\/h4>\n<ul>\n<li data-start=\"500\" data-end=\"585\"><a href=\"https:\/\/www.youtube.com\/watch?v=_S_rcCzAw6Y&amp;list=PLYAK09jExUdohqiDligqSXx1aKSdAI-El&amp;index=1&amp;t=1s\">Confer\u00e8ncia inaugural: \u201cLa acogida de menores migrantes sin referentes familiares en Espa\u00f1a: situaci\u00f3n actual y desaf\u00edos\u201d<\/a><br \/>\nElena Arce Jim\u00e9nez. Directora de l\u2019\u00c0rea de Migracions i Igualtat de Tracte del Defensor del Poble d\u2019Espanya<\/li>\n<li data-start=\"500\" data-end=\"585\"><a href=\"https:\/\/www.youtube.com\/watch?v=0LXxR5RjFB4&amp;list=PLYAK09jExUdohqiDligqSXx1aKSdAI-El&amp;index=2&amp;t=334s\">Pon\u00e8ncia: \u201cLa atenci\u00f3n a adolescentes y j\u00f3venes migrantes no acompa\u00f1ados como sujetos de derechos\u201d<\/a><br \/>\nVioleta Quiroga Raim\u00fandez. Treballadora social. Departament de Treball Social i Serveis Socials de la Facultat d\u2019Educaci\u00f3. Universitat de Barcelona<\/li>\n<li data-start=\"500\" data-end=\"585\"><a href=\"https:\/\/www.youtube.com\/watch?v=NY7--CjO4wY&amp;list=PLYAK09jExUdohqiDligqSXx1aKSdAI-El&amp;index=3&amp;t=502s\">Taula redona: \u201cReptes de la intervenci\u00f3 amb menors migrants sense referents familiars\u201d<\/a><br \/>\n\u2022\u201cLa acogida de menores migrantes no acompa\u00f1ados en Canarias\u201d. Calixto Herrera Rodr\u00edguez. Direcci\u00f3 General de Protecci\u00f3 a la Inf\u00e0ncia i la Fam\u00edlia. Conselleria de Benestar Social, Igualtat, Joventut, Inf\u00e0ncia i Fam\u00edlia del Govern de Can\u00e0ries<br \/>\n\u2022\u201cIntervenci\u00f3n desde los hogares de acogida en la Comunitat Valenciana\u201d. Juan Antonio Fuster S\u00e1nchez. Director de la resid\u00e8ncia Buenavista de Gandia. Fundaci\u00f3 Amig\u00f3<br \/>\n\u2022Testimoni d\u2019una experi\u00e8ncia com a jove migrant sense referents familiars a Espanya. Bader Hamdani<\/li>\n<li data-start=\"500\" data-end=\"585\"><a href=\"https:\/\/www.youtube.com\/watch?v=R2XoHDPzazw&amp;list=PLYAK09jExUdohqiDligqSXx1aKSdAI-El&amp;index=4&amp;t=65s\">Pon\u00e8ncia: \u201cBuenas pr\u00e1cticas en programas de apoyo a la emancipaci\u00f3n de j\u00f3venes migrantes, en situaci\u00f3n de riesgo social: Estrategia TRAPEZISTAK\u201d<\/a><br \/>\n\u2022Ignacio Fari\u00f1a Sarasqueta. Director d\u2019Acolliment i Integraci\u00f3 de les Persones Immigrants del Govern Basc<\/li>\n<li data-start=\"500\" data-end=\"585\"><a href=\"https:\/\/www.youtube.com\/watch?v=YW8kjOrlsqk&amp;list=PLYAK09jExUdohqiDligqSXx1aKSdAI-El&amp;index=5\">Clausura<\/a>: \u00c1ngel Luna Gonz\u00e1lez. S\u00edndic de Greuges de la Comunitat Valenciana<\/li>\n<\/ul>\n","protected":false},"excerpt":{"rendered":"<p>Acollida i integraci\u00f3 de menors migrants sense referents familiars Data: 19 de novembre de 2025Lloc: Facultat d\u2019Educaci\u00f3, Universitat d\u2019AlacantModalitat: Presencial o visualitzaci\u00f3 a trav\u00e9s d\u2019internetJustificant d\u2019assist\u00e8ncia: Nom\u00e9s disponible per a la modalitat presencialAforament limitat PROGRAMA INSCRIPCI\u00d3 V\u00eddeos de la Jornada: Confer\u00e8ncia inaugural: \u201cLa acogida de menores migrantes sin referentes familiares en Espa\u00f1a: situaci\u00f3n actual y [&hellip;]<\/p>\n","protected":false},"author":5,"featured_media":0,"parent":10683,"menu_order":0,"comment_status":"closed","ping_status":"closed","template":"","meta":{"footnotes":""},"class_list":["post-33844","page","type-page","status-publish","hentry"],"_links":{"self":[{"href":"https:\/\/www.elsindic.com\/va\/wp-json\/wp\/v2\/pages\/33844"}],"collection":[{"href":"https:\/\/www.elsindic.com\/va\/wp-json\/wp\/v2\/pages"}],"about":[{"href":"https:\/\/www.elsindic.com\/va\/wp-json\/wp\/v2\/types\/page"}],"author":[{"embeddable":true,"href":"https:\/\/www.elsindic.com\/va\/wp-json\/wp\/v2\/users\/5"}],"replies":[{"embeddable":true,"href":"https:\/\/www.elsindic.com\/va\/wp-json\/wp\/v2\/comments?post=33844"}],"version-history":[{"count":11,"href":"https:\/\/www.elsindic.com\/va\/wp-json\/wp\/v2\/pages\/33844\/revisions"}],"predecessor-version":[{"id":33978,"href":"https:\/\/www.elsindic.com\/va\/wp-json\/wp\/v2\/pages\/33844\/revisions\/33978"}],"up":[{"embeddable":true,"href":"https:\/\/www.elsindic.com\/va\/wp-json\/wp\/v2\/pages\/10683"}],"wp:attachment":[{"href":"https:\/\/www.elsindic.com\/va\/wp-json\/wp\/v2\/media?parent=33844"}],"curies":[{"name":"wp","href":"https:\/\/api.w.org\/{rel}","templated":true}]}}