{"id":34216,"date":"2026-05-07T11:39:41","date_gmt":"2026-05-07T09:39:41","guid":{"rendered":"https:\/\/www.elsindic.com\/?page_id=34216"},"modified":"2026-05-07T11:41:50","modified_gmt":"2026-05-07T09:41:50","slug":"subvencions","status":"publish","type":"page","link":"https:\/\/www.elsindic.com\/va\/portal-de-transparencia\/informacio-economica-pressupostaria-i-estadistica\/subvencions\/","title":{"rendered":"Subvencions"},"content":{"rendered":"<p>&nbsp;<br \/>\nEl S\u00edndic de Greuges no t\u00e9 compet\u00e8ncies en mat\u00e8ria de subvencions, per la qual cosa no aprova Pla estrat\u00e8gic de subvencions (art. Llei 1\/22, de 13 d&#8217;abril, de transpar\u00e8ncia i bon govern de la Comunitat Valenciana).<\/p>\n","protected":false},"excerpt":{"rendered":"<p>&nbsp; El S\u00edndic de Greuges no t\u00e9 compet\u00e8ncies en mat\u00e8ria de subvencions, per la qual cosa no aprova Pla estrat\u00e8gic de subvencions (art. Llei 1\/22, de 13 d&#8217;abril, de transpar\u00e8ncia i bon govern de la Comunitat Valenciana).<\/p>\n","protected":false},"author":5,"featured_media":0,"parent":1066,"menu_order":0,"comment_status":"closed","ping_status":"closed","template":"","meta":{"footnotes":""},"class_list":["post-34216","page","type-page","status-publish","hentry"],"_links":{"self":[{"href":"https:\/\/www.elsindic.com\/va\/wp-json\/wp\/v2\/pages\/34216"}],"collection":[{"href":"https:\/\/www.elsindic.com\/va\/wp-json\/wp\/v2\/pages"}],"about":[{"href":"https:\/\/www.elsindic.com\/va\/wp-json\/wp\/v2\/types\/page"}],"author":[{"embeddable":true,"href":"https:\/\/www.elsindic.com\/va\/wp-json\/wp\/v2\/users\/5"}],"replies":[{"embeddable":true,"href":"https:\/\/www.elsindic.com\/va\/wp-json\/wp\/v2\/comments?post=34216"}],"version-history":[{"count":1,"href":"https:\/\/www.elsindic.com\/va\/wp-json\/wp\/v2\/pages\/34216\/revisions"}],"predecessor-version":[{"id":34217,"href":"https:\/\/www.elsindic.com\/va\/wp-json\/wp\/v2\/pages\/34216\/revisions\/34217"}],"up":[{"embeddable":true,"href":"https:\/\/www.elsindic.com\/va\/wp-json\/wp\/v2\/pages\/1066"}],"wp:attachment":[{"href":"https:\/\/www.elsindic.com\/va\/wp-json\/wp\/v2\/media?parent=34216"}],"curies":[{"name":"wp","href":"https:\/\/api.w.org\/{rel}","templated":true}]}}