{"id":678,"date":"2017-02-08T15:45:30","date_gmt":"2017-02-08T15:45:30","guid":{"rendered":"http:\/\/www.elsindic.com\/portal-de-transparencia\/"},"modified":"2018-01-03T07:58:55","modified_gmt":"2018-01-03T07:58:55","slug":"portal-de-transparencia","status":"publish","type":"page","link":"https:\/\/www.elsindic.com\/va\/portal-de-transparencia\/","title":{"rendered":"Portal de transpar\u00e8ncia"},"content":{"rendered":"<div class=\"wpb-content-wrapper\"><p>[vc_row css=&#8221;.vc_custom_1479381936980{padding-top: 30px !important;}&#8221;][vc_column][vc_column_text]La Junta de Coordinaci\u00f3 del S\u00edndic de Greuges, en la sessi\u00f3 duta a terme el dia 28 de setembre del 2015, va aprovar les seg\u00fcents:<\/p>\n<p><strong>NORMES DE LA INSTITUCI\u00d3 DEL S\u00cdNDIC DE GREUGES SOBRE LA TRANSPAR\u00c8NCIA I EL DRET D&#8217;INFORMACI\u00d3 DELS CIUTADANS\u00a0<\/strong><\/p>\n<p>En aquestes normes es regula que el S\u00edndic de Greuges de la Comunitat Valenciana haur\u00e0 de disposar d&#8217;un\u00a0<strong>Portal de Transpar\u00e8ncia<\/strong>, en qu\u00e8 haur\u00e0 de constar la informaci\u00f3 seg\u00fcent:<\/p>\n<ul>\n<li>Informaci\u00f3 institucional organitzativa i de planificaci\u00f3<\/li>\n<li>Informaci\u00f3 de rellev\u00e0ncia jur\u00eddica<\/li>\n<li>Informaci\u00f3 econ\u00f2mica, pressupost\u00e0ria i estad\u00edstica<\/li>\n<li>Acc\u00e9s a la informaci\u00f3<\/li>\n<\/ul>\n<p>[\/vc_column_text][\/vc_column][\/vc_row]<\/p>\n<\/div>","protected":false},"excerpt":{"rendered":"<p>[vc_row css=&#8221;.vc_custom_1479381936980{padding-top: 30px !important;}&#8221;][vc_column][vc_column_text]La Junta de Coordinaci\u00f3 del S\u00edndic de Greuges, en la sessi\u00f3 duta a terme el dia 28 de setembre del 2015, va aprovar les seg\u00fcents: NORMES DE LA INSTITUCI\u00d3 DEL S\u00cdNDIC DE GREUGES SOBRE LA TRANSPAR\u00c8NCIA I EL DRET D&#8217;INFORMACI\u00d3 DELS CIUTADANS\u00a0 En aquestes normes es regula que el S\u00edndic de Greuges [&hellip;]<\/p>\n","protected":false},"author":1,"featured_media":0,"parent":0,"menu_order":0,"comment_status":"open","ping_status":"open","template":"","meta":{"footnotes":""},"class_list":["post-678","page","type-page","status-publish","hentry"],"_links":{"self":[{"href":"https:\/\/www.elsindic.com\/va\/wp-json\/wp\/v2\/pages\/678"}],"collection":[{"href":"https:\/\/www.elsindic.com\/va\/wp-json\/wp\/v2\/pages"}],"about":[{"href":"https:\/\/www.elsindic.com\/va\/wp-json\/wp\/v2\/types\/page"}],"author":[{"embeddable":true,"href":"https:\/\/www.elsindic.com\/va\/wp-json\/wp\/v2\/users\/1"}],"replies":[{"embeddable":true,"href":"https:\/\/www.elsindic.com\/va\/wp-json\/wp\/v2\/comments?post=678"}],"version-history":[{"count":3,"href":"https:\/\/www.elsindic.com\/va\/wp-json\/wp\/v2\/pages\/678\/revisions"}],"predecessor-version":[{"id":15296,"href":"https:\/\/www.elsindic.com\/va\/wp-json\/wp\/v2\/pages\/678\/revisions\/15296"}],"wp:attachment":[{"href":"https:\/\/www.elsindic.com\/va\/wp-json\/wp\/v2\/media?parent=678"}],"curies":[{"name":"wp","href":"https:\/\/api.w.org\/{rel}","templated":true}]}}