{"id":684,"date":"2017-02-09T09:27:12","date_gmt":"2017-02-09T09:27:12","guid":{"rendered":"http:\/\/www.elsindic.com\/observatorio-del-menor\/que-es\/"},"modified":"2017-09-26T07:56:10","modified_gmt":"2017-09-26T07:56:10","slug":"que-es","status":"publish","type":"page","link":"https:\/\/www.elsindic.com\/va\/observatori-infancia-adolescencia\/que-es\/","title":{"rendered":"Qu\u00e8 \u00e9s?"},"content":{"rendered":"<div class=\"wpb-content-wrapper\"><p>[vc_row][vc_column css=&#8221;.vc_custom_1480414258036{padding-top: 30px !important;}&#8221;][vc_column_text]L&#8217;Observatori del Menor \u00e9s un espai de treball de car\u00e0cter permanent. Aquesta plataforma, de naturalesa consultiva i participativa, congrega els principals agents socials que treballen en la defensa i promoci\u00f3 dels drets de la inf\u00e0ncia i l&#8217;adolesc\u00e8ncia a la Comunitat Valenciana. Els seus objectius principals s\u00f3n:<\/p>\n<ul>\n<li>Crear un espai de reflexi\u00f3 en qu\u00e8 totes les persones professionals, des de les seues respectives perspectives i \u00e0mbits d&#8217;actuaci\u00f3, puguen detectar i traslladar possibles vulneracions en els drets dels menors.<\/li>\n<li>Promoure el coneixement que les persones menors d&#8217;edat tenen dels drets reconeguts a la inf\u00e0ncia i la seua forma d&#8217;exercir-los.<\/li>\n<li>Potenciar la figura del S\u00edndic de Greuges com a defensor dels drets de la inf\u00e0ncia i l&#8217;adolesc\u00e8ncia, entre aquest col\u00b7lectiu i professionals del sector.<\/li>\n<li>Donar veu als principals agents socials que treballen en la defensa i promoci\u00f3 dels drets del menor.<\/li>\n<li>Propiciar l&#8217;elaboraci\u00f3 d&#8217;investigacions i informes per a previndre o esmenar situacions problem\u00e0tiques.<\/li>\n<\/ul>\n<p>L&#8217;Observatori del Menor del S\u00edndic de Greuges es va constituir a la seu del S\u00edndic el passat 10 de juny del 2015, amb l&#8217;assist\u00e8ncia de m\u00e9s de 20 entitats vinculades a la protecci\u00f3 dels drets de la inf\u00e0ncia, que treballen en l&#8217;\u00e0mbit de la Comunitat Valenciana.[\/vc_column_text][\/vc_column][\/vc_row]<\/p>\n<\/div>","protected":false},"excerpt":{"rendered":"<p>[vc_row][vc_column css=&#8221;.vc_custom_1480414258036{padding-top: 30px !important;}&#8221;][vc_column_text]L&#8217;Observatori del Menor \u00e9s un espai de treball de car\u00e0cter permanent. Aquesta plataforma, de naturalesa consultiva i participativa, congrega els principals agents socials que treballen en la defensa i promoci\u00f3 dels drets de la inf\u00e0ncia i l&#8217;adolesc\u00e8ncia a la Comunitat Valenciana. Els seus objectius principals s\u00f3n: Crear un espai de reflexi\u00f3 en [&hellip;]<\/p>\n","protected":false},"author":1,"featured_media":0,"parent":681,"menu_order":0,"comment_status":"closed","ping_status":"closed","template":"","meta":{"footnotes":""},"class_list":["post-684","page","type-page","status-publish","hentry"],"_links":{"self":[{"href":"https:\/\/www.elsindic.com\/va\/wp-json\/wp\/v2\/pages\/684"}],"collection":[{"href":"https:\/\/www.elsindic.com\/va\/wp-json\/wp\/v2\/pages"}],"about":[{"href":"https:\/\/www.elsindic.com\/va\/wp-json\/wp\/v2\/types\/page"}],"author":[{"embeddable":true,"href":"https:\/\/www.elsindic.com\/va\/wp-json\/wp\/v2\/users\/1"}],"replies":[{"embeddable":true,"href":"https:\/\/www.elsindic.com\/va\/wp-json\/wp\/v2\/comments?post=684"}],"version-history":[{"count":2,"href":"https:\/\/www.elsindic.com\/va\/wp-json\/wp\/v2\/pages\/684\/revisions"}],"predecessor-version":[{"id":15293,"href":"https:\/\/www.elsindic.com\/va\/wp-json\/wp\/v2\/pages\/684\/revisions\/15293"}],"up":[{"embeddable":true,"href":"https:\/\/www.elsindic.com\/va\/wp-json\/wp\/v2\/pages\/681"}],"wp:attachment":[{"href":"https:\/\/www.elsindic.com\/va\/wp-json\/wp\/v2\/media?parent=684"}],"curies":[{"name":"wp","href":"https:\/\/api.w.org\/{rel}","templated":true}]}}