{"id":686,"date":"2017-02-09T09:31:02","date_gmt":"2017-02-09T09:31:02","guid":{"rendered":"http:\/\/www.elsindic.com\/observatorio-del-menor\/funcionamiento\/"},"modified":"2022-10-03T12:39:46","modified_gmt":"2022-10-03T10:39:46","slug":"funcionament","status":"publish","type":"page","link":"https:\/\/www.elsindic.com\/va\/observatori-infancia-adolescencia\/funcionament\/","title":{"rendered":"Funcionament"},"content":{"rendered":"<div class=\"wpb-content-wrapper\"><p>[vc_row][vc_column css=&#8221;.vc_custom_1480414328466{padding-top: 30px !important;}&#8221;][vc_column_text]El Ple d&#8217;aquest Observatori es reunir\u00e0 trimestralment, llevat que es considere oport\u00fa avan\u00e7ar-ne la convocat\u00f2ria per l&#8217;aparici\u00f3 d&#8217;algun fet o situaci\u00f3 que ho aconselle.<\/p>\n<p>Els membres del Ple s\u00f3n els encarregats de fixar l&#8217;agenda de les reunions, atenent als problemes o les q\u00fcestions que consideren que cal tractar-hi.<\/p>\n<p>En aquesta mateixa web es podran consultar les actes de les reunions, la composici\u00f3 del Plenari, els informes que s&#8217;elaboren, els enlla\u00e7os d&#8217;inter\u00e9s i, fins i tot, hi ha prevista la posada en marxa d&#8217;un f\u00f2rum per a intercanviar idees i propiciar l&#8217;an\u00e0lisi sobre legislaci\u00f3, accions, etc.<\/p>\n<h4><strong>REGLAMENT DE L&#8217;OBSERVATORI DE LA INF\u00c0NCIA I ADOLESC\u00c8NCIA DEL S\u00cdNDIC DE GREUGES<\/strong><\/h4>\n<p>El S\u00edndic de Greuges\u00a0 de la Comunitat Valenciana \u00e9s l&#8217;alt comissionat de les Corts Valencianes, designat per aquestes per a la defensa dels drets i les llibertats compresos en els t\u00edtols I de la Constituci\u00f3 i de l&#8217;Estatut d&#8217;Autonomia, a l&#8217;efecte dels quals podr\u00e0 supervisar l&#8217;actuaci\u00f3 de l&#8217;Administraci\u00f3 P\u00fablica de la Comunitat Valenciana, en l&#8217;\u00e0mbit de les compet\u00e8ncies que li s\u00f3n atribu\u00efdes per l&#8217;article 24 de l&#8217;Estatut d&#8217;Autonomia i per la Llei 11\/1988, de 26 de desembre, del S\u00edndic de Greuges.<\/p>\n<p>La Llei de protecci\u00f3 jur\u00eddica de la Inf\u00e0ncia i Adolesc\u00e8ncia (LO 1\/96, de 15 de gener) estableix en l&#8217;article 10, com a mesura per a facilitar als menors l&#8217;exercici dels seus drets, que aquests podran plantejar les seues queixes davant del Defensor del Poble. Amb aquesta finalitat, un dels adjunts d\u2019aquesta instituci\u00f3 s\u2019haur\u00e0 de fer c\u00e0rrec de manera permanent dels assumptes relacionats amb els menors. La Llei org\u00e0nica 8\/2015, de 22 de juliol, de modificaci\u00f3 del sistema de protecci\u00f3 a la inf\u00e0ncia i l&#8217;adolesc\u00e8ncia, subratlla la necessitat de facilitar als menors l&#8217;acc\u00e9s a aquestes institucions.<\/p>\n<p>A la Comunitat Valenciana, la Llei de protecci\u00f3 integral de la inf\u00e0ncia i l&#8217;adolesc\u00e8ncia (Llei 12\/2008, de 3 de juliol) reconeix, com a mecanisme que poden utilitzar els menors o els seus representants legals, la possibilitat de presentar den\u00fancies davant del Comissionat del Menor de la Comunitat Valenciana i davant del S\u00edndic de Greuges de la Comunitat Valenciana.<\/p>\n<p>Per decisi\u00f3 del S\u00edndic de Greuges, ratificada en la Junta de Coordinaci\u00f3 duta a terme el 28\/09\/2015, es va constituir aquesta instituci\u00f3, l&#8217;Observatori de la Inf\u00e0ncia i Adolesc\u00e8ncia.<\/p>\n<p>L&#8217;objectiu principal de l&#8217;Observatori de la Inf\u00e0ncia i Adolesc\u00e8ncia del S\u00edndic de Greuges \u00e9s crear un espai en el qual poder mantindre un contacte permanent amb professionals i entitats de l&#8217;\u00e0mbit de la inf\u00e0ncia i l&#8217;adolesc\u00e8ncia, a fi de con\u00e9ixer situacions en qu\u00e8 puguen estar compromesos els drets i les llibertats reconeguts a les persones menors d&#8217;edat.<\/p>\n<p>Com a objectius funcionals de l&#8217;Observatori de la Inf\u00e0ncia i Adolesc\u00e8ncia del S\u00edndic de Greuges cal destacar els seg\u00fcents:<\/p>\n<ul>\n<li>Fer con\u00e9ixer la figura del s\u00edndic de greuges entre les persones professionals del sector.<\/li>\n<li>Fer con\u00e9ixer les funcions atribu\u00efdes al S\u00edndic de Greuges en la seua missi\u00f3 de defensor dels drets de la inf\u00e0ncia i l\u2019adolesc\u00e8ncia.<\/li>\n<li>Fer con\u00e9ixer el procediment de tr\u00e0mit seguit pel S\u00edndic de Greuges en la gesti\u00f3 de les queixes: queixes d&#8217;ofici i queixes presentades pels interessats (tutors, professionals i menors).<\/li>\n<li>Millorar el coneixement que les persones menors d&#8217;edat tenen de la instituci\u00f3 del S\u00edndic de Greuges i elaborar propostes perqu\u00e8 la coneguen.<\/li>\n<li>Promoure i potenciar el coneixement que tenen, tant menors com professionals, dels drets reconeguts a la inf\u00e0ncia i la manera d&#8217;exercir-los.<\/li>\n<li>Generar un espai de reflexi\u00f3, en qu\u00e8 es puguen elaborar propostes de millora dirigides a les administracions competents, amb l&#8217;objectiu de perfeccionar l&#8217;actual Sistema de Protecci\u00f3 i Atenci\u00f3 a la Inf\u00e0ncia i l&#8217;Adolesc\u00e8ncia de la Comunitat Valenciana.<\/li>\n<\/ul>\n<p>L&#8217;Observatori de la Inf\u00e0ncia i Adolesc\u00e8ncia del S\u00edndic de Greuges funcionar\u00e0 en Ple i en comissions de treball. El Ple est\u00e0 integrat per totes les persones que formen part de l&#8217;Observatori.<\/p>\n<p>Es reunir\u00e0 en sessi\u00f3 ordin\u00e0ria amb periodicitat trimestral, i en sessi\u00f3 extraordin\u00e0ria sempre que alguna persona del Ple ho sol\u00b7licite i aix\u00ed ho considere el S\u00edndic de Greuges, atenent a la urg\u00e8ncia de l&#8217;assumpte que calga tractar.<\/p>\n<p>Les convocat\u00f2ries de les reunions ordin\u00e0ries i extraordin\u00e0ries es faran amb una antelaci\u00f3 m\u00ednima de set dies.<\/p>\n<p>En les convocat\u00f2ries es concretaran els punts de l&#8217;ordre del dia que s\u2019hi tractaran, com tamb\u00e9 l\u2019hora de comen\u00e7ament i finalitzaci\u00f3 de la reuni\u00f3, a m\u00e9s del lloc de trobada.<\/p>\n<p>En l&#8217;Observatori de la Inf\u00e0ncia i Adolesc\u00e8ncia del S\u00edndic de Greuges es podran crear comissions de treball, quan hi haja assumptes que ho requerisquen. Les comissions de treball que es constitu\u00efsquen hauran d\u2019estar formades, com a m\u00ednim, per dues persones membres de l&#8217;Observatori i podran comptar amb persones que, tot i que no hi pertanguen, es consideren necess\u00e0ries per la seua connexi\u00f3 amb la mat\u00e8ria que calga tractar.<\/p>\n<p>La din\u00e0mica de treball i periodicitat de les reunions de les comissions de treball seran establides per les persones que les componguen. La persona que fa\u00e7a de secretari o secret\u00e0ria de les reunions haur\u00e0 d\u2019estendre acta, tant de les reunions del Ple de l&#8217;Observatori, com de les comissions de treball.<\/p>\n<p>Les actes de cada sessi\u00f3 seran p\u00fabliques, i estaran disponibles en la p\u00e0gina web del S\u00edndic de Greuges.<\/p>\n<p><strong>Reglament aprovat pel Plenari de l&#8217;Observatori de la Inf\u00e0ncia i Adolesc\u00e8ncia del S\u00edndic de Greuges en la reuni\u00f3 duta a terme el 15 d&#8217;octubre del 2015.<\/strong>[\/vc_column_text][\/vc_column][\/vc_row]<\/p>\n<\/div>","protected":false},"excerpt":{"rendered":"<p>[vc_row][vc_column css=&#8221;.vc_custom_1480414328466{padding-top: 30px !important;}&#8221;][vc_column_text]El Ple d&#8217;aquest Observatori es reunir\u00e0 trimestralment, llevat que es considere oport\u00fa avan\u00e7ar-ne la convocat\u00f2ria per l&#8217;aparici\u00f3 d&#8217;algun fet o situaci\u00f3 que ho aconselle. Els membres del Ple s\u00f3n els encarregats de fixar l&#8217;agenda de les reunions, atenent als problemes o les q\u00fcestions que consideren que cal tractar-hi. En aquesta mateixa web [&hellip;]<\/p>\n","protected":false},"author":1,"featured_media":0,"parent":681,"menu_order":0,"comment_status":"closed","ping_status":"closed","template":"","meta":{"footnotes":""},"class_list":["post-686","page","type-page","status-publish","hentry"],"_links":{"self":[{"href":"https:\/\/www.elsindic.com\/va\/wp-json\/wp\/v2\/pages\/686"}],"collection":[{"href":"https:\/\/www.elsindic.com\/va\/wp-json\/wp\/v2\/pages"}],"about":[{"href":"https:\/\/www.elsindic.com\/va\/wp-json\/wp\/v2\/types\/page"}],"author":[{"embeddable":true,"href":"https:\/\/www.elsindic.com\/va\/wp-json\/wp\/v2\/users\/1"}],"replies":[{"embeddable":true,"href":"https:\/\/www.elsindic.com\/va\/wp-json\/wp\/v2\/comments?post=686"}],"version-history":[{"count":8,"href":"https:\/\/www.elsindic.com\/va\/wp-json\/wp\/v2\/pages\/686\/revisions"}],"predecessor-version":[{"id":31579,"href":"https:\/\/www.elsindic.com\/va\/wp-json\/wp\/v2\/pages\/686\/revisions\/31579"}],"up":[{"embeddable":true,"href":"https:\/\/www.elsindic.com\/va\/wp-json\/wp\/v2\/pages\/681"}],"wp:attachment":[{"href":"https:\/\/www.elsindic.com\/va\/wp-json\/wp\/v2\/media?parent=686"}],"curies":[{"name":"wp","href":"https:\/\/api.w.org\/{rel}","templated":true}]}}