{"id":690,"date":"2017-02-09T09:39:54","date_gmt":"2017-02-09T09:39:54","guid":{"rendered":"http:\/\/www.elsindic.com\/observatorio-del-menor\/plenario\/"},"modified":"2022-10-19T12:18:34","modified_gmt":"2022-10-19T10:18:34","slug":"plenari","status":"publish","type":"page","link":"https:\/\/www.elsindic.com\/va\/observatori-infancia-adolescencia\/plenari\/","title":{"rendered":"Plenari"},"content":{"rendered":"<div class=\"wpb-content-wrapper\"><p>[vc_row][vc_column css=&#8221;.vc_custom_1486636818042{padding-top: 30px !important;}&#8221;][vc_column_text]Formen part de l&#8217;Observatori de la Inf\u00e0ncia i Adolesc\u00e8ncia del S\u00edndic de Greuges representants de les entitats seg\u00fcents:<br \/>\n<!--\n\n\n<h4><strong>Actes de les reunions<\/strong><\/h4>\n\n\n--><\/p>\n<ul>\n<li><a href=\"http:\/\/www.ua.es\">Universidad de Alicante<\/a><\/li>\n<li><span class=\"TextRun SCXW17524791 BCX9\" lang=\"ES-ES\" xml:lang=\"ES-ES\" data-contrast=\"auto\"><span class=\"NormalTextRun SpellingErrorV2Themed SCXW17524791 BCX9\">Associaci\u00f3<\/span><span class=\"NormalTextRun SCXW17524791 BCX9\"> de <\/span><span class=\"NormalTextRun ContextualSpellingAndGrammarErrorV2Themed SCXW17524791 BCX9\">Directores<\/span><span class=\"NormalTextRun SCXW17524791 BCX9\"> i <\/span><span class=\"NormalTextRun SpellingErrorV2Themed SCXW17524791 BCX9\">Directors<\/span> <span class=\"NormalTextRun SpellingErrorV2Themed SCXW17524791 BCX9\">dels<\/span> <span class=\"NormalTextRun SpellingErrorV2Themed SCXW17524791 BCX9\">Instituts<\/span> <span class=\"NormalTextRun SpellingErrorV2Themed SCXW17524791 BCX9\">d\u2019Educaci\u00f3<\/span> <span class=\"NormalTextRun SpellingErrorV2Themed SCXW17524791 BCX9\">Secund\u00e0ria<\/span><span class=\"NormalTextRun SCXW17524791 BCX9\"> del Pa\u00eds <\/span><span class=\"NormalTextRun SpellingErrorV2Themed SpellingErrorHighlight SCXW17524791 BCX9\">Valenci\u00e0<\/span><span class=\"NormalTextRun SCXW17524791 BCX9\"> (ADIES<\/span><span class=\"NormalTextRun SCXW17524791 BCX9\">&#8211;<\/span><span class=\"NormalTextRun SCXW17524791 BCX9\">PV)<\/span><\/span><span class=\"EOP SCXW17524791 BCX9\" data-ccp-props=\"{&quot;201341983&quot;:0,&quot;335551550&quot;:6,&quot;335551620&quot;:6,&quot;335559739&quot;:160,&quot;335559740&quot;:276}\">\u00a0<\/span><\/li>\n<li><a href=\"https:\/\/fe.pv.ccoo.es\/\">Federaci\u00f3 d\u2019Educaci\u00f3 de CCOO PV\u00a0<\/a><b><\/b><\/li>\n<li><a href=\"https:\/\/www.icav.es\/\">Colegio de Abogados de Valencia<\/a><b><\/b><\/li>\n<li><a href=\"https:\/\/www.coeescv.net\/\">Colegio de Educadores Sociales de la Comunitat Valenciana<\/a><\/li>\n<li><a href=\"https:\/\/www.cop-cv.org\/\">Colegio de Psicolog\u00eda de la Comunidad Valenciana<\/a><\/li>\n<li><a href=\"https:\/\/www.caritasvalencia.org\/\"><span class=\"TextRun SCXW213308394 BCX9\" lang=\"ES-ES\" xml:lang=\"ES-ES\" data-contrast=\"auto\"><span class=\"NormalTextRun SCXW213308394 BCX9\">C\u00e1ritas Diocesana<\/span><\/span><span class=\"EOP SCXW213308394 BCX9\" data-ccp-props=\"{&quot;201341983&quot;:0,&quot;335559739&quot;:160,&quot;335559740&quot;:276}\">\u00a0<\/span><\/a><\/li>\n<li>C<a href=\"https:\/\/www.cotsalacant.es\/\">olegio de Trabajo Social de Alicante<\/a><\/li>\n<li><a href=\"https:\/\/cotsvalencia.com\/\">Colegio de Trabajo Social de Valencia <\/a><\/li>\n<li><a href=\"https:\/\/www.cgtrabajosocial.es\/castello\/\">Colegio de Trabajo Social de Castell\u00f3n<\/a><\/li>\n<li><a href=\"https:\/\/www.cruzroja.es\/principal\/web\/comunidad-valenciana\">Cruz Roja Comunitat Valenciana<\/a><\/li>\n<li><a href=\"http:\/\/www.fadesonline.org\">Asociaci\u00f3n de Familias de Acogida de Espa\u00f1a<\/a><\/li>\n<li><a href=\"http:\/\/www.unicef.es\">Unicef Comunitat Valenciana<\/a><\/li>\n<li><a href=\"http:\/\/ugt-pv.es\/cms\/\">UGT-PV<\/a><\/li>\n<li><a href=\"http:\/\/WWW.acollint.org\/wp\/\">Plataforma en Defensa del Acogimiento Familiar (ACOLLINT)<\/a><\/li>\n<li>Federaci\u00f3n Provincial de Asociaciones de Padres de Alumnos de Alicante, FAPA Gabriel Mir\u00f3<\/li>\n<li><a href=\"https:\/\/covapa.org\/wordpress\/\">Confederaci\u00f3n Valenciana de APAs\/AMPAs (COVAPA)<\/a><\/li>\n<li><a href=\"http:\/\/www.savethechildren.es\">Save the Children Comunitat Valenciana<\/a><\/li>\n<li><a href=\"http:\/\/www.fundaciondiagrama.es\">Fundaci\u00f3n Diagrama<\/a><\/li>\n<li><a href=\"https:\/\/www.upv.es\/contenidos\/AULAINAD\/\">Aula de Infancia y Adolescencia de la Universidad Polit\u00e9cnica de Val\u00e8ncia<\/a><\/li>\n<li><a href=\"http:\/\/www.icali.es\">Colegio de Abogados de Alicante<\/a><\/li>\n<li><a href=\"https:\/\/apimecv.org\/\">APIME<\/a><\/li>\n<li><a href=\"https:\/\/cermi.es\/\">CERMI<\/a><\/li>\n<li>Mar\u00eda Auxiliadora Javaloyes Sanch\u00eds. Representante de Salud Mental Infantil<\/li>\n<li>Francisca Gadea Nadal. Trabajadora Social. Experta en Infancia y Adolescencia<\/li>\n<\/ul>\n<p>[\/vc_column_text]<div class=\"resultados\">\r\n        <div class=\"container_12\">\r\n\r\n            <div class=\"listado\"><\/div>\r\n        <\/div>\r\n    <\/div><div class='paginacion'><ul class=\"module-list\"><\/ul><\/div>\n[\/vc_column][\/vc_row]<\/p>\n<\/div>","protected":false},"excerpt":{"rendered":"<p>[vc_row][vc_column css=&#8221;.vc_custom_1486636818042{padding-top: 30px !important;}&#8221;][vc_column_text]Formen part de l&#8217;Observatori de la Inf\u00e0ncia i Adolesc\u00e8ncia del S\u00edndic de Greuges representants de les entitats seg\u00fcents: Universidad de Alicante Associaci\u00f3 de Directores i Directors dels Instituts d\u2019Educaci\u00f3 Secund\u00e0ria del Pa\u00eds Valenci\u00e0 (ADIES&#8211;PV)\u00a0 Federaci\u00f3 d\u2019Educaci\u00f3 de CCOO PV\u00a0 Colegio de Abogados de Valencia Colegio de Educadores Sociales de la Comunitat Valenciana [&hellip;]<\/p>\n","protected":false},"author":1,"featured_media":0,"parent":681,"menu_order":0,"comment_status":"closed","ping_status":"closed","template":"","meta":{"footnotes":""},"class_list":["post-690","page","type-page","status-publish","hentry"],"_links":{"self":[{"href":"https:\/\/www.elsindic.com\/va\/wp-json\/wp\/v2\/pages\/690"}],"collection":[{"href":"https:\/\/www.elsindic.com\/va\/wp-json\/wp\/v2\/pages"}],"about":[{"href":"https:\/\/www.elsindic.com\/va\/wp-json\/wp\/v2\/types\/page"}],"author":[{"embeddable":true,"href":"https:\/\/www.elsindic.com\/va\/wp-json\/wp\/v2\/users\/1"}],"replies":[{"embeddable":true,"href":"https:\/\/www.elsindic.com\/va\/wp-json\/wp\/v2\/comments?post=690"}],"version-history":[{"count":12,"href":"https:\/\/www.elsindic.com\/va\/wp-json\/wp\/v2\/pages\/690\/revisions"}],"predecessor-version":[{"id":31657,"href":"https:\/\/www.elsindic.com\/va\/wp-json\/wp\/v2\/pages\/690\/revisions\/31657"}],"up":[{"embeddable":true,"href":"https:\/\/www.elsindic.com\/va\/wp-json\/wp\/v2\/pages\/681"}],"wp:attachment":[{"href":"https:\/\/www.elsindic.com\/va\/wp-json\/wp\/v2\/media?parent=690"}],"curies":[{"name":"wp","href":"https:\/\/api.w.org\/{rel}","templated":true}]}}