{"id":697,"date":"2017-02-09T09:53:33","date_gmt":"2017-02-09T09:53:33","guid":{"rendered":"http:\/\/www.elsindic.com\/observatorio-del-menor\/jornades-i-ponencies-sobre-menors\/"},"modified":"2018-02-05T12:19:21","modified_gmt":"2018-02-05T11:19:21","slug":"jornades-i-ponencies-sobre-menors","status":"publish","type":"page","link":"https:\/\/www.elsindic.com\/va\/observatori-infancia-adolescencia\/jornades-i-ponencies-sobre-menors\/","title":{"rendered":"Jornades i pon\u00e8ncies sobre menors"},"content":{"rendered":"<div class=\"wpb-content-wrapper\"><p>[vc_row][vc_column]<div class=\"grid_12\">\r\n                <div class=\"filtro\">\r\n                    <form name=\"news_filter\" method=\"get\">\r\n                        <input type=\"hidden\" name=\"paged\" value=\"1\" \/>\r\n                        <!--<input type=\"hidden\" name=\"ajax_url\" id=\"ajax_url\" value=\"https:\/\/www.elsindic.com\/wp-admin\/admin-ajax.php\" \/>-->\r\n                        <div class=\"container_12\">\r\n                            <div class=\"cont-bloques\">                                \r\n                                <div class=\"bloque\">\r\n                                    <p>Jornades i pon\u00e8ncies<\/p>\r\n                                    <select name=\"categoria\" class=\"categoria\"><option value=\"\">.. Todos ..<\/option><option value=\"249\">Drets de la Inf\u00e0ncia (novembre 2014)<\/option><option value=\"250\">II Congr\u00e9s: L'inter\u00e9s superior del menor. (ADAMCAM) (novembre 2015)<\/option><option value=\"528\">Jornades observatori del menor (noviembre 2019)<\/option><option value=\"374\">L'atenci\u00f3 a la salut mental infantojuvenil (novembre 2017)<\/option><option value=\"252\">La Conviv\u00e8ncia en les escoles: viol\u00e8ncia, assetjament i ciberassetjament (novembre 2016)<\/option><option value=\"251\">La inf\u00e0ncia: noves oportunitats (novembre 2015)<\/option><\/select><\/div>\r\n                                <div class=\"bloque ultimo\">\r\n                                    <input type=\"submit\" value=\"Filtrar\" \/>\r\n                                <\/div>\r\n                                <div class=\"clear\"><\/div>\r\n                            <\/div>\r\n                        <\/div>\r\n                    <\/form>\r\n                <\/div>\r\n            <\/div>\r\n            <div class=\"clear\"><\/div><div class=\"resultados\">\r\n        <div class=\"container_12\">\r\n            <p class=\"titulo\">Resultats de la cerca<\/p>\r\n            <p class=\"n_resultados\">S'han trobat 17 coincid\u00e8ncies<\/p>\r\n\r\n            <div class=\"listado\"><article class=\"adjunto\">\r\n                    <p><a href=\"https:\/\/www.elsindic.com\/wp-content\/uploads\/2019\/12\/La-trata-de-menores-de-edad.pdf\" target='_blank'>Jornada observatori del Menor: La tracta de menors d&#8217;edat<\/a><\/p><span>12-2019<\/span><\/article><article class=\"enlace\">\r\n                    <p><a href=\"https:\/\/youtu.be\/EDW7dEbU5_U\" >Jornada: L&#8217;atenci\u00f3 a la salut mental infantojuvenil &#8211; V\u00eddeo streaming de la jornada<\/a><\/p><span>11-2017<\/span><\/article><article class=\"adjunto\">\r\n                    <p><a href=\"http:\/\/www.elsindic.com\/wp-content\/uploads\/2017\/02\/616_valPROGRAMAjornadainf\u00e0ncia2016.pdf\" target='_blank'>Jornada la Conviv\u00e8ncia en les Escoles: Programa de la Jornada<\/a><\/p><span>02-2017<\/span><\/article><article class=\"enlace\">\r\n                    <p><a href=\"https:\/\/www.youtube.com\/watch?v=M3jNfDFAaKU&t=24s\" >Jornada la Conviv\u00e8ncia en les Escoles: V\u00eddeo presentaci\u00f3 i pon\u00e8ncia inaugural a c\u00e0rrec de Miguel Soler<\/a><\/p><span>02-2017<\/span><\/article><article class=\"enlace\">\r\n                    <p><a href=\"https:\/\/www.youtube.com\/watch?v=IjEpDXFizYw&t=21s\" >Jornada la Conviv\u00e8ncia en les Escoles: V\u00eddeo Xarrada col\u00b7loqui programa KiVa i Tutoria entre Iguals, amb la intervenci\u00f3 de Blanca L\u00f3pez i Andr\u00e9s Gonz\u00e1lez<\/a><\/p><span>02-2017<\/span><\/article><article class=\"enlace\">\r\n                    <p><a href=\"https:\/\/www.youtube.com\/watch?v=FNaaRl06ht0&t=670s\" >Jornada la Conviv\u00e8ncia en les Escoles: V\u00eddeo bones pr\u00e0ctiques. Experi\u00e8ncia de l&#8217;IES La Foia d&#8217;Elx. Clausura a c\u00e0rrec de Jos\u00e9 Cholbi<\/a><\/p><span>02-2017<\/span><\/article><\/div>\r\n        <\/div>\r\n    <\/div><div class='paginacion'><ul class=\"module-list\"><li class=\"active\"><a href=\"#\" title=\"1\" class=\"text11 active\">1<\/a><\/li><li><a href='https:\/\/www.elsindic.com\/va\/wp-json\/wp\/v2\/pages\/697\/page\/2\/' class='text11' >2<\/a><\/li><li><a href='https:\/\/www.elsindic.com\/va\/wp-json\/wp\/v2\/pages\/697\/page\/3\/' class='text11' >3<\/a><\/li><\/ul><a href=\"https:\/\/www.elsindic.com\/va\/wp-json\/wp\/v2\/pages\/697\/page\/2\/\" title=\"Anterior\" class=\"arrow-button arrow-button-right\"><\/a><\/div>\n[\/vc_column][\/vc_row]<\/p>\n<\/div>","protected":false},"excerpt":{"rendered":"<p>[vc_row][vc_column][\/vc_column][\/vc_row]<\/p>\n","protected":false},"author":1,"featured_media":0,"parent":681,"menu_order":0,"comment_status":"closed","ping_status":"closed","template":"","meta":{"footnotes":""},"class_list":["post-697","page","type-page","status-publish","hentry"],"_links":{"self":[{"href":"https:\/\/www.elsindic.com\/va\/wp-json\/wp\/v2\/pages\/697"}],"collection":[{"href":"https:\/\/www.elsindic.com\/va\/wp-json\/wp\/v2\/pages"}],"about":[{"href":"https:\/\/www.elsindic.com\/va\/wp-json\/wp\/v2\/types\/page"}],"author":[{"embeddable":true,"href":"https:\/\/www.elsindic.com\/va\/wp-json\/wp\/v2\/users\/1"}],"replies":[{"embeddable":true,"href":"https:\/\/www.elsindic.com\/va\/wp-json\/wp\/v2\/comments?post=697"}],"version-history":[{"count":7,"href":"https:\/\/www.elsindic.com\/va\/wp-json\/wp\/v2\/pages\/697\/revisions"}],"predecessor-version":[{"id":15800,"href":"https:\/\/www.elsindic.com\/va\/wp-json\/wp\/v2\/pages\/697\/revisions\/15800"}],"up":[{"embeddable":true,"href":"https:\/\/www.elsindic.com\/va\/wp-json\/wp\/v2\/pages\/681"}],"wp:attachment":[{"href":"https:\/\/www.elsindic.com\/va\/wp-json\/wp\/v2\/media?parent=697"}],"curies":[{"name":"wp","href":"https:\/\/api.w.org\/{rel}","templated":true}]}}