{"id":706,"date":"2017-02-09T10:08:43","date_gmt":"2017-02-09T10:08:43","guid":{"rendered":"http:\/\/www.elsindic.com\/que-es\/"},"modified":"2017-09-25T11:05:52","modified_gmt":"2017-09-25T11:05:52","slug":"que-es","status":"publish","type":"page","link":"https:\/\/www.elsindic.com\/va\/observatori-de-la-vulnerabilitat\/que-es\/","title":{"rendered":"Qu\u00e8 \u00e9s?"},"content":{"rendered":"<p>&nbsp;<\/p>\n<p>El S\u00edndic de Greuges de la Comunitat Valenciana \u00e9s l&#8217;alt comissionat de les Corts Valencianes, designat per aquestes per a la defensa dels drets i de les llibertats compresos en els t\u00edtols I de la Constituci\u00f3 i II de l&#8217;Estatut d&#8217;Autonomia de la Comunitat Valenciana, dins del seu \u00e0mbit competencial i territorial.<\/p>\n<p>Per a desenvolupar les seues funcions, l&#8217;article 38 del nostre Estatut i la Llei 11\/1988, de la Generalitat Valenciana, que regula la instituci\u00f3 del S\u00edndic, el faculten per a supervisar l&#8217;actuaci\u00f3 de les administracions p\u00fabliques valencianes, dels organismes aut\u00f2noms, les empreses i la resta d\u2019ens p\u00fablics que en depenguen o hi estiguen participats i, en general, de qualsevol empresa o organisme que duga a terme funcions de servici p\u00fablic, i tot aix\u00f2 en els termes fixats per la Llei 11\/1988 indicada.<\/p>\n<p>D&#8217;acord amb el que disposa esta Llei, el S\u00edndic de Greuges, en l&#8217;exercici de les seues funcions, podr\u00e0 iniciar, d&#8217;ofici o a inst\u00e0ncia de part, qualssevol investigacions conduents a esclarir els actes i les resolucions de les administracions de la Generalitat, les seues autoritats i funcionaris, com tamb\u00e9 dels ens, organismes o empreses assenyalats en el par\u00e0graf anterior.<\/p>\n<p>Aquestes investigacions tenen com a finalitat comprovar si els drets i les llibertats dels ciutadans poden haver estat vulnerats, col\u00b7lectivament o individualment, com a conseq\u00fc\u00e8ncia d\u2019aquells actes i resolucions.<\/p>\n<p>Conseq\u00fcentment, les actuacions del S\u00edndic no es limiten a donar resposta a les queixes plantejades per la ciutadania, sin\u00f3 que de manera permanent ha de mantindre una conducta activa, dirigida a detectar situacions o circumst\u00e0ncies que puguen derivar en violacions dels drets i de les llibertats que han de ser protegits, encara que aquestes violacions no s\u2019hagen materialitzat o no hagen estat denunciades per les persones afectades.<\/p>\n<p>La situaci\u00f3 d&#8217;especial fragilitat que pot conc\u00f3rrer en la gent gran, les persones amb discapacitat, les persones dependents o altres col\u00b7lectius, especialment aquells que agrupen persones que es troben en risc d\u2019exclusi\u00f3 social o que tenen perill d&#8217;experimentar-la, atesa la seua inexistent organitzaci\u00f3 i on la nostra ajuda pot ser m\u00e9s necess\u00e0ria, aconsella la creaci\u00f3 d&#8217;un observatori que supervise, de manera particular i amb detall, el compliment de les obligacions que les administracions p\u00fabliques de la Comunitat Valenciana han d&#8217;assumir per a garantir els drets reconeguts legalment a totes estes persones.<\/p>\n<p>En aquest sentit, els articles 10 i 13 de l&#8217;Estatut d&#8217;Autonomia i les diverses lleis que els despleguen contenen uns mandats de protecci\u00f3 inequ\u00edvocs, amb els quals cal ser especialment diligents.<\/p>\n<p>Atents a la nostra realitat social, d&#8217;acord amb la legislaci\u00f3 vigent i per decisi\u00f3 del S\u00edndic de Greuges, ratificada en Junta de Coordinaci\u00f3 d&#8217;1 de desembre de 2015, es va constituir en aquesta instituci\u00f3 l&#8217;<strong>Observatori per a la Defensa dels Drets de les Persones en Situaci\u00f3 de Vulnerabilitat<\/strong>.<\/p>\n<p>L&#8217;objectiu principal de l&#8217;Observatori \u00e9s crear un espai viu de comunicaci\u00f3 i intercanvi, en qu\u00e8 poder mantindre un contacte permanent amb professionals i representants d&#8217;entitats que desenvolupen la seua labor en l&#8217;\u00e0mbit de la discapacitat, la depend\u00e8ncia, l&#8217;atenci\u00f3 a persones majors i en altres col\u00b7lectius en situaci\u00f3 d&#8217;especial vulnerabilitat, a fi de con\u00e9ixer, analitzar i valorar els problemes que, di\u00e0riament, afecten els integrants dels grups socials esmentats.<\/p>\n<p>Aquest dispositiu \u00e9s configurat com un instrument de suport a la labor del S\u00edndic de Greuges a l&#8217;hora d&#8217;elaborar recordatoris del deure de complir la normativa vigent, recomanacions i suggeriments dirigits a les administracions p\u00fabliques valencianes, una funci\u00f3 que li ha estat encomanada per l&#8217;Estatut d&#8217;Autonomia i la seua legislaci\u00f3 de desplegament.<\/p>\n<p>Sense \u00e0nim d&#8217;establir-ne un nombre limitat, volem destacar com a objectius funcionals de l&#8217;Observatori per a la defensa dels drets de les persones en situaci\u00f3 de vulnerabilitat del S\u00edndic de Greuges els seg\u00fcents:<\/p>\n<ul>\n<li>Compartir, analitzar i difondre tot tipus d&#8217;informacions relatives a la situaci\u00f3 de les persones en situaci\u00f3 de vulnerabilitat, amb especial atenci\u00f3 a les seues necessitats i demandes davant de les administracions p\u00fabliques valencianes.<\/li>\n<li>Generar un espai de reflexi\u00f3 en qu\u00e8 es puguen elaborar propostes de progr\u00e9s dirigides a les administracions competents, amb l&#8217;objectiu de millorar les actuacions que es desenvolupen en mat\u00e8ria d&#8217;atenci\u00f3 a la gent gran, persones amb discapacitat, persones en situaci\u00f3 de depend\u00e8ncia i altres col\u00b7lectius en situaci\u00f3 de vulnerabilitat dins del territori de la Comunitat Valenciana.<\/li>\n<li>Vigilar els escenaris de risc que poden derivar en situacions d&#8217;exclusi\u00f3 social per a elaborar indicadors d&#8217;alerta primerenca.<\/li>\n<li>Analitzar les tend\u00e8ncies de futur que poden condicionar els drets i el benestar dels grups socials assenyalats, de manera que siga factible avan\u00e7ar actuacions preventives.<\/li>\n<li>Promoure l&#8217;intercanvi d&#8217;informaci\u00f3 i experi\u00e8ncies amb institucions d&#8217;\u00e0mbit nacional i internacional relacionades amb els objectius d&#8217;aquest Observatori.<\/li>\n<li>Seleccionar i difondre iniciatives i bones pr\u00e0ctiques recomanables en els \u00e0mbits de pol\u00edtiques p\u00fabliques i actuacions privades.<\/li>\n<li>Fomentar en la societat valenciana la sensibilitat envers els drets de les persones en situaci\u00f3 de vulnerabilitat, promoure la defensa de la igualtat d&#8217;oportunitats i la no-discriminaci\u00f3, com tamb\u00e9 de pol\u00edtiques que garantisquen l&#8217;accessibilitat universal a tots els beneficis i drets.<\/li>\n<li>Contribuir a difondre les funcions i actuacions del S\u00edndic de Greuges en el seu paper de defensor dels drets de la ciutadania davant de l&#8217;acci\u00f3 o la inacci\u00f3 de les administracions p\u00fabliques.<\/li>\n<li>Donar a con\u00e9ixer el tr\u00e0mit procedimental seguit per la instituci\u00f3 del S\u00edndic de Greuges en les seues diverses actuacions, ja siguen queixes d&#8217;ofici, queixes presentades per les persones interessades o informes especials. Millorar el coneixement que les persones en situaci\u00f3 de vulnerabilitat tenen de la instituci\u00f3 del S\u00edndic de Greuges i elaborar propostes per a assolir-lo.<\/li>\n<\/ul>\n","protected":false},"excerpt":{"rendered":"<p>&nbsp; El S\u00edndic de Greuges de la Comunitat Valenciana \u00e9s l&#8217;alt comissionat de les Corts Valencianes, designat per aquestes per a la defensa dels drets i de les llibertats compresos en els t\u00edtols I de la Constituci\u00f3 i II de l&#8217;Estatut d&#8217;Autonomia de la Comunitat Valenciana, dins del seu \u00e0mbit competencial i territorial. Per a [&hellip;]<\/p>\n","protected":false},"author":1,"featured_media":0,"parent":10654,"menu_order":0,"comment_status":"closed","ping_status":"closed","template":"","meta":{"footnotes":""},"class_list":["post-706","page","type-page","status-publish","hentry"],"_links":{"self":[{"href":"https:\/\/www.elsindic.com\/va\/wp-json\/wp\/v2\/pages\/706"}],"collection":[{"href":"https:\/\/www.elsindic.com\/va\/wp-json\/wp\/v2\/pages"}],"about":[{"href":"https:\/\/www.elsindic.com\/va\/wp-json\/wp\/v2\/types\/page"}],"author":[{"embeddable":true,"href":"https:\/\/www.elsindic.com\/va\/wp-json\/wp\/v2\/users\/1"}],"replies":[{"embeddable":true,"href":"https:\/\/www.elsindic.com\/va\/wp-json\/wp\/v2\/comments?post=706"}],"version-history":[{"count":4,"href":"https:\/\/www.elsindic.com\/va\/wp-json\/wp\/v2\/pages\/706\/revisions"}],"predecessor-version":[{"id":15288,"href":"https:\/\/www.elsindic.com\/va\/wp-json\/wp\/v2\/pages\/706\/revisions\/15288"}],"up":[{"embeddable":true,"href":"https:\/\/www.elsindic.com\/va\/wp-json\/wp\/v2\/pages\/10654"}],"wp:attachment":[{"href":"https:\/\/www.elsindic.com\/va\/wp-json\/wp\/v2\/media?parent=706"}],"curies":[{"name":"wp","href":"https:\/\/api.w.org\/{rel}","templated":true}]}}