{"id":713,"date":"2017-02-09T10:16:35","date_gmt":"2017-02-09T10:16:35","guid":{"rendered":"http:\/\/www.elsindic.com\/plenari\/"},"modified":"2017-10-04T10:03:27","modified_gmt":"2017-10-04T10:03:27","slug":"plenari","status":"publish","type":"page","link":"https:\/\/www.elsindic.com\/va\/observatori-de-la-vulnerabilitat\/plenari\/","title":{"rendered":"Plenari"},"content":{"rendered":"<div class=\"wpb-content-wrapper\"><p>[vc_row css=&#8221;.vc_custom_1484916687097{padding-top: 30px !important;}&#8221;][vc_column][vc_column_text]El Ple\u00a0es configura amb una representaci\u00f3 plural dels distints sectors de la societat interessats en la promoci\u00f3 i protecci\u00f3 dels drets de les persones majors, les persones amb discapacitat, les persones dependents i d&#8217;altres col\u00b7lectius en situaci\u00f3 de vulnerabilitat. Hi estan representats, entre d\u2019altres:<\/p>\n<ul>\n<li>Organitzacions no governamentals, associacions i entitats de defensa dels drets dels col\u00b7lectius indicats<\/li>\n<li>Organitzacions sindicals m\u00e9s representatives<\/li>\n<li>Organitzacions socials i professionals<\/li>\n<li>Universitats i persones expertes en les distintes mat\u00e8ries.<\/li>\n<\/ul>\n<p>El Ple es reunir\u00e0 en sessi\u00f3 ordin\u00e0ria amb periodicitat trimestral i en sessi\u00f3 extraordin\u00e0ria sempre que ho sol\u00b7licite alguna persona integrant del Ple i ho considere convenient el S\u00edndic de Greuges, atenent a la urg\u00e8ncia de l&#8217;assumpte que hi calga tractar. Les convocat\u00f2ries de les reunions ordin\u00e0ries i extraordin\u00e0ries s\u2019hauran de fer amb una antelaci\u00f3 m\u00ednima de set dies. En les convocat\u00f2ries es concretaran els punts de l&#8217;ordre del dia, l&#8217;hora de comen\u00e7ament i finalitzaci\u00f3 de la reuni\u00f3 i el lloc de trobada. Actualment, el Plenari est\u00e0 constitu\u00eft de la manera seg\u00fcent:<\/p>\n<h5>1. Organitzacions no governamentals<\/h5>\n<h5><a href=\"http:\/\/www.cermi.es\/es-ES\/Paginas\/OrganizacionesCERMI.aspx?TSMEIdOrg=53\">CERMI CV<\/a><\/h5>\n<ul>\n<li>Plataforma en Defensa de la Llei de depend\u00e8ncia<\/li>\n<li><a href=\"http:\/\/www.salutmentalcv.org\/\">FSM CV, Federaci\u00f3 Salut Mental Comunitat Valenciana<\/a><\/li>\n<li>C\u00e0ritas<\/li>\n<li><a href=\"http:\/\/www.cruzroja.es\/portal\/page?_pageid=584,1&amp;_dad=portal30&amp;_schema=PORTAL30&amp;P_CENT=15643\">Creu Roja<\/a><\/li>\n<li><a href=\"https:\/\/eapncv.wordpress.com\/\">Xarxa Europea de Lluita contra la Pobresa i l&#8217;Exclusi\u00f3 Social\u00a0(EAPN)<\/a><\/li>\n<li><a href=\"http:\/\/www.udpalicante.org\/\">Uni\u00f3 Democr\u00e0tica de Pensionistes\u00a0(UDP)<\/a><\/li>\n<li><a href=\"http:\/\/www.mdm-cv.org\/\">Metges del M\u00f3n<\/a><\/li>\n<li><a href=\"http:\/\/cearpv.org\/\">CEAR PV<\/a><\/li>\n<li><a href=\"http:\/\/valencia-acoge.org\/\">Federaci\u00f3 auton\u00f2mica d&#8217;Acoges<\/a><\/li>\n<\/ul>\n<h5>2. Organitzacions sindicals<\/h5>\n<ul>\n<li>Representant <a href=\"http:\/\/www.pv.ccoo.es\/\">CCOO PV<\/a><\/li>\n<li>Representant <a href=\"http:\/\/www.ugt-pv.es\/cms\/\">UGT PV<\/a><\/li>\n<\/ul>\n<h5>3. Organitzacions socials i professionals<\/h5>\n<ul>\n<li><a href=\"http:\/\/aen-paisvalencia.blogspot.com.es\/\">Associaci\u00f3 espanyola de neuropsiquiatria-professionals de la salut mental del Pa\u00eds Valenci\u00e0-(AEN-PSM)<\/a><\/li>\n<li><a href=\"https:\/\/www.cop-cv.org\/\">Col\u00b7legi Oficial de Psic\u00f2legs<\/a><\/li>\n<li><a href=\"http:\/\/www.cotsalacant.es\/inicio\/es\/\">Col\u00b7legi Oficial de Treball Social d&#8217;Alacant<\/a><\/li>\n<li><a href=\"http:\/\/www.coeescv.net\/\">Col\u00b7legi Oficial d&#8217;Educadores i Educadors Socials de la Comunitat Valenciana\u00a0(COEESCV)<\/a><\/li>\n<li><a href=\"http:\/\/www.svgg.org\/\">Societat Valenciana de Geriatria i Gerontologia<\/a><\/li>\n<\/ul>\n<h5>4. Universitats i persones expertes<\/h5>\n<ul>\n<li><a href=\"http:\/\/www.ua.es\/va\/\">Universitat d&#8217;Alacant<\/a><\/li>\n<li>Persona experta en mat\u00e8ria sociosanit\u00e0ria<\/li>\n<li>Persona experta en \u00e0mbit de migracions<\/li>\n<li>Dues persones expertes en l&#8217;\u00e0mbit de pobresa i exclusi\u00f3<\/li>\n<\/ul>\n<p>[\/vc_column_text][\/vc_column][\/vc_row]<\/p>\n<\/div>","protected":false},"excerpt":{"rendered":"<p>[vc_row css=&#8221;.vc_custom_1484916687097{padding-top: 30px !important;}&#8221;][vc_column][vc_column_text]El Ple\u00a0es configura amb una representaci\u00f3 plural dels distints sectors de la societat interessats en la promoci\u00f3 i protecci\u00f3 dels drets de les persones majors, les persones amb discapacitat, les persones dependents i d&#8217;altres col\u00b7lectius en situaci\u00f3 de vulnerabilitat. Hi estan representats, entre d\u2019altres: Organitzacions no governamentals, associacions i entitats de defensa [&hellip;]<\/p>\n","protected":false},"author":1,"featured_media":0,"parent":10654,"menu_order":0,"comment_status":"closed","ping_status":"closed","template":"","meta":{"footnotes":""},"class_list":["post-713","page","type-page","status-publish","hentry"],"_links":{"self":[{"href":"https:\/\/www.elsindic.com\/va\/wp-json\/wp\/v2\/pages\/713"}],"collection":[{"href":"https:\/\/www.elsindic.com\/va\/wp-json\/wp\/v2\/pages"}],"about":[{"href":"https:\/\/www.elsindic.com\/va\/wp-json\/wp\/v2\/types\/page"}],"author":[{"embeddable":true,"href":"https:\/\/www.elsindic.com\/va\/wp-json\/wp\/v2\/users\/1"}],"replies":[{"embeddable":true,"href":"https:\/\/www.elsindic.com\/va\/wp-json\/wp\/v2\/comments?post=713"}],"version-history":[{"count":4,"href":"https:\/\/www.elsindic.com\/va\/wp-json\/wp\/v2\/pages\/713\/revisions"}],"predecessor-version":[{"id":15405,"href":"https:\/\/www.elsindic.com\/va\/wp-json\/wp\/v2\/pages\/713\/revisions\/15405"}],"up":[{"embeddable":true,"href":"https:\/\/www.elsindic.com\/va\/wp-json\/wp\/v2\/pages\/10654"}],"wp:attachment":[{"href":"https:\/\/www.elsindic.com\/va\/wp-json\/wp\/v2\/media?parent=713"}],"curies":[{"name":"wp","href":"https:\/\/api.w.org\/{rel}","templated":true}]}}