{"id":715,"date":"2017-02-09T10:19:04","date_gmt":"2017-02-09T10:19:04","guid":{"rendered":"http:\/\/www.elsindic.com\/comisions-de-treball\/"},"modified":"2019-12-09T16:26:35","modified_gmt":"2019-12-09T15:26:35","slug":"comissions-de-treball","status":"publish","type":"page","link":"https:\/\/www.elsindic.com\/va\/observatori-de-la-vulnerabilitat\/comissions-de-treball\/","title":{"rendered":"Comissions de treball"},"content":{"rendered":"<div class=\"wpb-content-wrapper\"><p>[vc_row css=&#8221;.vc_custom_1484916856155{padding-top: 30px !important;}&#8221;][vc_column][vc_column_text]El Ple mateix de l&#8217;Observatori podr\u00e0 crear comissions de treball quan les caracter\u00edstiques dels assumptes que hi calga tractar ho requerisquen i es considere idoni aprofundir en alguna mat\u00e8ria espec\u00edfica, la qual comporte m\u00e9s deteniment en la reflexi\u00f3 i el treball d&#8217;estudi i an\u00e0lisi. Les comisions de treball seran transversals i hauran d&#8217;estar formades, com a m\u00ednim, per tres persones membres del Ple de l&#8217;Observatori, per\u00f2 tamb\u00e9 podran comptar amb la participaci\u00f3 de persones alienes a aquest, quan la seua aportaci\u00f3 es considere oportuna a causa de la seua vinculaci\u00f3 o coneixement de la mat\u00e8ria que calga tractar. La\u00a0 din\u00e0mica\u00a0 de treball\u00a0 i\u00a0 periodicitat\u00a0 de\u00a0 les\u00a0 reunions\u00a0 dels grups de treball seran establides per les persones que els componguen.<\/p>\n<h4>Comissi\u00f3 de treball en relaci\u00f3 amb la renda garantida de ciutadania<\/h4>\n<ul>\n<li><a href=\"http:\/\/www.elsindic.com\/documentos\/564_VAL%20INFORME%20RGC%20C%20V.pdf\">Document final elaborat per la comissi\u00f3<\/a>\u00a0(aprovat el 9\/03\/16)<\/li>\n<\/ul>\n<h4>Comissi\u00f3 de treball sobre l&#8217;Exercici de la Tutela de Persones Majors d&#8217;Edat per l&#8217;Administraci\u00f3 Auton\u00f2mica Valenciana<\/h4>\n<ul>\n<li><a href=\"http:\/\/www.elsindic.com\/wp-content\/uploads\/2018\/03\/exercici-carrecs-tutelars.pdf\">Document final elaborat per la comissi\u00f3<\/a><\/li>\n<\/ul>\n<h4>Lucha contra la pobreza y la desigualdad social en la C.V.<\/h4>\n<ul>\n<li>Sufici\u00e8ncia econ\u00f2mica: Prestacions d&#8217;emerg\u00e8ncia i Renda Valenciana d&#8217;Inclusi\u00f3.\n<ul>\n<li><a href=\"https:\/\/www.elsindic.com\/va\/observatori-de-la-vulnerabilitat\/comissions-de-treball\/documentacio-suficiencia-economica-lluita-contra-la-pobresa-i-la-desigualtat-social-en-la-c-v\/\" target=\"_blank\" rel=\"noopener noreferrer\">Documentaci\u00f3<\/a><\/li>\n<li><a href=\"https:\/\/www.elsindic.com\/va\/observatori-de-la-vulnerabilitat\/comissions-de-treball\/informes-provisionals-suficiencia-economica-lluita-contra-la-pobresa-i-la-desigualtat-social-en-la-c-v\/\" target=\"_blank\" rel=\"noopener noreferrer\">Informes provisionals<\/a><\/li>\n<li><a href=\"https:\/\/www.elsindic.com\/va\/observatori-de-la-vulnerabilitat\/comissions-de-treball\/informes-definitius-suficiencia-economica-lluita-contra-la-pobresa-i-la-desigualtat-social-en-la-c-v\/\" target=\"_blank\" rel=\"noopener noreferrer\">Informes definitius<\/a><\/li>\n<\/ul>\n<\/li>\n<li>Pobreza energ\u00e9tica\n<ul>\n<li><a href=\"https:\/\/www.elsindic.com\/va\/observatori-de-la-vulnerabilitat\/comissions-de-treball\/documentacio-pobresa-energetica\/\" target=\"_blank\" rel=\"noopener noreferrer\">Documentaci\u00f3<\/a><\/li>\n<li><a href=\"https:\/\/www.elsindic.com\/va\/observatori-de-la-vulnerabilitat\/comissions-de-treball\/informes-provisionals-pobresa-energetica\/\" target=\"_blank\" rel=\"noopener noreferrer\">Informes provisionals<\/a><\/li>\n<li><a href=\"https:\/\/www.elsindic.com\/va\/observatori-de-la-vulnerabilitat\/comissions-de-treball\/informes-definitius-pobresa-energetica\/\" target=\"_blank\" rel=\"noopener noreferrer\">Informes definitius<\/a><\/li>\n<\/ul>\n<\/li>\n<li>Acceso a la vivienda y desahucios\n<ul>\n<li><a href=\"https:\/\/www.elsindic.com\/va\/observatori-de-la-vulnerabilitat\/comissions-de-treball\/documentacio-acces-a-la-vivenda-i-desnonaments\/\" target=\"_blank\" rel=\"noopener noreferrer\">Documentaci\u00f3<\/a><\/li>\n<li><a href=\"https:\/\/www.elsindic.com\/va\/observatori-de-la-vulnerabilitat\/comissions-de-treball\/informes-provisionals-acces-a-la-vivenda-i-desnonaments\/\" target=\"_blank\" rel=\"noopener noreferrer\">Informes provisionals<\/a><\/li>\n<li><a href=\"https:\/\/www.elsindic.com\/va\/observatori-de-la-vulnerabilitat\/comissions-de-treball\/informes-definitius-acces-a-la-vivenda-i-desnonaments\/\" target=\"_blank\" rel=\"noopener noreferrer\">Informes definitius<\/a><\/li>\n<\/ul>\n<\/li>\n<\/ul>\n<p>[\/vc_column_text][\/vc_column][\/vc_row]<\/p>\n<\/div>","protected":false},"excerpt":{"rendered":"<p>[vc_row css=&#8221;.vc_custom_1484916856155{padding-top: 30px !important;}&#8221;][vc_column][vc_column_text]El Ple mateix de l&#8217;Observatori podr\u00e0 crear comissions de treball quan les caracter\u00edstiques dels assumptes que hi calga tractar ho requerisquen i es considere idoni aprofundir en alguna mat\u00e8ria espec\u00edfica, la qual comporte m\u00e9s deteniment en la reflexi\u00f3 i el treball d&#8217;estudi i an\u00e0lisi. Les comisions de treball seran transversals i hauran [&hellip;]<\/p>\n","protected":false},"author":1,"featured_media":0,"parent":10654,"menu_order":0,"comment_status":"closed","ping_status":"closed","template":"","meta":{"footnotes":""},"class_list":["post-715","page","type-page","status-publish","hentry"],"_links":{"self":[{"href":"https:\/\/www.elsindic.com\/va\/wp-json\/wp\/v2\/pages\/715"}],"collection":[{"href":"https:\/\/www.elsindic.com\/va\/wp-json\/wp\/v2\/pages"}],"about":[{"href":"https:\/\/www.elsindic.com\/va\/wp-json\/wp\/v2\/types\/page"}],"author":[{"embeddable":true,"href":"https:\/\/www.elsindic.com\/va\/wp-json\/wp\/v2\/users\/1"}],"replies":[{"embeddable":true,"href":"https:\/\/www.elsindic.com\/va\/wp-json\/wp\/v2\/comments?post=715"}],"version-history":[{"count":9,"href":"https:\/\/www.elsindic.com\/va\/wp-json\/wp\/v2\/pages\/715\/revisions"}],"predecessor-version":[{"id":29081,"href":"https:\/\/www.elsindic.com\/va\/wp-json\/wp\/v2\/pages\/715\/revisions\/29081"}],"up":[{"embeddable":true,"href":"https:\/\/www.elsindic.com\/va\/wp-json\/wp\/v2\/pages\/10654"}],"wp:attachment":[{"href":"https:\/\/www.elsindic.com\/va\/wp-json\/wp\/v2\/media?parent=715"}],"curies":[{"name":"wp","href":"https:\/\/api.w.org\/{rel}","templated":true}]}}